{"id":12,"date":"2017-01-02T08:30:09","date_gmt":"2017-01-02T08:30:09","guid":{"rendered":"https:\/\/demo.themegrill.com\/flash-default-2\/?page_id=12"},"modified":"2020-03-05T00:55:15","modified_gmt":"2020-03-05T00:55:15","slug":"contacto","status":"publish","type":"page","link":"https:\/\/anahuacqro.edu.mx\/anahuaCares\/contacto\/","title":{"rendered":"Contacto"},"content":{"rendered":"\n<div class=\"wp-block-columns\">\n<div class=\"wp-block-column\">\n<h2 style=\"text-align: center;\">ERIKA FUENTES RIVERA<\/h2>\n<h3 style=\"text-align: center;\">Cl\u00ednica de Psicolog\u00eda<\/h3>\n<p style=\"text-align: center;\">\u00a0<\/p>\n<h5 style=\"text-align: center;\"><a href=\"mailto:erika.fuentes@anahuac.mx\">erika.fuentes@anahuac.mx<\/a><\/h5>\n\n\n<\/div>\n\n\n\n<div class=\"wp-block-column\">\n<h2 style=\"text-align: center;\">LILIANA L\u00d3PEZ GONZ\u00c1LEZ<\/h2>\n<h3 style=\"text-align: center;\">Centro de atenci\u00f3n estudiantil<\/h3>\n<p>\u00a0<\/p>\n<h5 style=\"text-align: center;\"><a href=\"mailto:liliana.lopezg@anahuac.mx\">liliana.lopezg@anahuac.mx<\/a><\/h5>\n<\/div>\n<\/div>\n","protected":false},"excerpt":{"rendered":"<p>ERIKA FUENTES RIVERA Cl\u00ednica de Psicolog\u00eda \u00a0 erika.fuentes@anahuac.mx LILIANA L\u00d3PEZ GONZ\u00c1LEZ Centro de atenci\u00f3n estudiantil \u00a0 liliana.lopezg@anahuac.mx<\/p>\n","protected":false},"author":1,"featured_media":0,"parent":0,"menu_order":0,"comment_status":"closed","ping_status":"closed","template":"","meta":[],"_links":{"self":[{"href":"https:\/\/anahuacqro.edu.mx\/anahuaCares\/wp-json\/wp\/v2\/pages\/12"}],"collection":[{"href":"https:\/\/anahuacqro.edu.mx\/anahuaCares\/wp-json\/wp\/v2\/pages"}],"about":[{"href":"https:\/\/anahuacqro.edu.mx\/anahuaCares\/wp-json\/wp\/v2\/types\/page"}],"author":[{"embeddable":true,"href":"https:\/\/anahuacqro.edu.mx\/anahuaCares\/wp-json\/wp\/v2\/users\/1"}],"replies":[{"embeddable":true,"href":"https:\/\/anahuacqro.edu.mx\/anahuaCares\/wp-json\/wp\/v2\/comments?post=12"}],"version-history":[{"count":4,"href":"https:\/\/anahuacqro.edu.mx\/anahuaCares\/wp-json\/wp\/v2\/pages\/12\/revisions"}],"predecessor-version":[{"id":892,"href":"https:\/\/anahuacqro.edu.mx\/anahuaCares\/wp-json\/wp\/v2\/pages\/12\/revisions\/892"}],"wp:attachment":[{"href":"https:\/\/anahuacqro.edu.mx\/anahuaCares\/wp-json\/wp\/v2\/media?parent=12"}],"curies":[{"name":"wp","href":"https:\/\/api.w.org\/{rel}","templated":true}]}}