{"id":1037,"date":"2024-09-21T00:34:26","date_gmt":"2024-09-21T00:34:26","guid":{"rendered":"https:\/\/anahuacqro.edu.mx\/centrodelenguas\/?page_id=1037"},"modified":"2026-02-19T17:20:45","modified_gmt":"2026-02-19T17:20:45","slug":"requisito-tercer-idioma","status":"publish","type":"page","link":"https:\/\/anahuacqro.edu.mx\/centrodelenguas\/requisito-tercer-idioma\/","title":{"rendered":"REQUISITO TERCER IDIOMA"},"content":{"rendered":"\t\t<div data-elementor-type=\"wp-page\" data-elementor-id=\"1037\" class=\"elementor elementor-1037\" data-elementor-post-type=\"page\">\n\t\t\t\t<div class=\"elementor-element elementor-element-d3309ad e-flex e-con-boxed e-con e-parent\" data-id=\"d3309ad\" data-element_type=\"container\" data-settings=\"{&quot;background_background&quot;:&quot;classic&quot;}\">\n\t\t\t\t\t<div class=\"e-con-inner\">\n\t\t\t\t<div class=\"elementor-element elementor-element-293bdb6 elementor-widget__width-initial elementor-widget elementor-widget-heading\" data-id=\"293bdb6\" data-element_type=\"widget\" data-widget_type=\"heading.default\">\n\t\t\t\t<div class=\"elementor-widget-container\">\n\t\t\t\t\t<h2 class=\"elementor-heading-title elementor-size-default\">REQUISITO 3\u00b0 IDIOMA<\/h2>\t\t\t\t<\/div>\n\t\t\t\t<\/div>\n\t\t\t\t\t<\/div>\n\t\t\t\t<\/div>\n\t\t<div class=\"elementor-element elementor-element-a179463 e-flex e-con-boxed e-con e-parent\" data-id=\"a179463\" data-element_type=\"container\" data-settings=\"{&quot;background_background&quot;:&quot;classic&quot;}\">\n\t\t\t\t\t<div class=\"e-con-inner\">\n\t\t<div class=\"elementor-element elementor-element-146629a e-con-full e-flex e-con e-child\" data-id=\"146629a\" data-element_type=\"container\">\n\t\t\t\t<div class=\"elementor-element elementor-element-daded22 elementor-widget elementor-widget-video\" data-id=\"daded22\" data-element_type=\"widget\" data-settings=\"{&quot;video_type&quot;:&quot;hosted&quot;,&quot;controls&quot;:&quot;yes&quot;}\" data-widget_type=\"video.default\">\n\t\t\t\t<div class=\"elementor-widget-container\">\n\t\t\t\t\t\t\t<div class=\"e-hosted-video elementor-wrapper elementor-open-inline\">\n\t\t\t\t\t<video class=\"elementor-video\" src=\"https:\/\/wp-centrodelenguas-prod-deeveaa9d5fubtgr.mexicocentral-01.azurewebsites.net\/wp-content\/uploads\/2025\/03\/Centro-de-lenguas_Mensaje-Mtro-Jaime_03-2025-1.mp4\" controls=\"\" preload=\"metadata\" controlsList=\"nodownload\" poster=\"https:\/\/wp-centrodelenguas-prod-deeveaa9d5fubtgr.mexicocentral-01.azurewebsites.net\/wp-content\/uploads\/2025\/03\/Requisito-3-Idioma.png\"><\/video>\n\t\t\t\t<\/div>\n\t\t\t\t\t\t<\/div>\n\t\t\t\t<\/div>\n\t\t\t\t<\/div>\n\t\t<div class=\"elementor-element elementor-element-5075314 e-con-full e-flex e-con e-child\" data-id=\"5075314\" data-element_type=\"container\">\n\t\t\t\t<div class=\"elementor-element elementor-element-542724c elementor-widget elementor-widget-heading\" data-id=\"542724c\" data-element_type=\"widget\" data-widget_type=\"heading.default\">\n\t\t\t\t<div class=\"elementor-widget-container\">\n\t\t\t\t\t<h2 class=\"elementor-heading-title elementor-size-default\">Si estudias&nbsp;<span style=\"font-weight: bolder\">Gastronom\u00eda, Turismo Internacional, o Relaciones Internacionales...<\/span><\/h2>\t\t\t\t<\/div>\n\t\t\t\t<\/div>\n\t\t\t\t<div class=\"elementor-element elementor-element-61eaac4 elementor-widget elementor-widget-text-editor\" data-id=\"61eaac4\" data-element_type=\"widget\" data-widget_type=\"text-editor.default\">\n\t\t\t\t<div class=\"elementor-widget-container\">\n\t\t\t\t\t\t\t\t\t<p><span style=\"color: var( --e-global-color-text ); font-family: var( --e-global-typography-text-font-family ), Sans-serif; font-size: var( --e-global-typography-text-font-size ); font-weight: var( --e-global-typography-text-font-weight ); letter-spacing: var( --e-global-typography-text-letter-spacing );\">Debes cubrir el requisito de 3\u00b0 Idioma, adicional al ingl\u00e9s, en cualquier momento de tu carrera.\u00a0<\/span><\/p><p><span style=\"color: #ff6600; font-family: var( --e-global-typography-text-font-family ), Sans-serif; font-size: var( --e-global-typography-text-font-size ); letter-spacing: var( --e-global-typography-text-letter-spacing );\"><b>IMPORTANTE:<\/b><\/span><\/p>\t\t\t\t\t\t\t\t<\/div>\n\t\t\t\t<\/div>\n\t\t\t\t<div class=\"elementor-element elementor-element-67c7181 elementor-widget elementor-widget-accordion\" data-id=\"67c7181\" data-element_type=\"widget\" data-widget_type=\"accordion.default\">\n\t\t\t\t<div class=\"elementor-widget-container\">\n\t\t\t\t\t\t\t<div class=\"elementor-accordion\">\n\t\t\t\t\t\t\t<div class=\"elementor-accordion-item\">\n\t\t\t\t\t<div id=\"elementor-tab-title-1081\" class=\"elementor-tab-title\" data-tab=\"1\" role=\"button\" aria-controls=\"elementor-tab-content-1081\" aria-expanded=\"false\">\n\t\t\t\t\t\t\t\t\t\t\t\t\t<span class=\"elementor-accordion-icon elementor-accordion-icon-left\" aria-hidden=\"true\">\n\t\t\t\t\t\t\t\t\t\t\t\t\t\t\t<span class=\"elementor-accordion-icon-closed\"><svg class=\"e-font-icon-svg e-fas-plus\" viewBox=\"0 0 448 512\" xmlns=\"http:\/\/www.w3.org\/2000\/svg\"><path d=\"M416 208H272V64c0-17.67-14.33-32-32-32h-32c-17.67 0-32 14.33-32 32v144H32c-17.67 0-32 14.33-32 32v32c0 17.67 14.33 32 32 32h144v144c0 17.67 14.33 32 32 32h32c17.67 0 32-14.33 32-32V304h144c17.67 0 32-14.33 32-32v-32c0-17.67-14.33-32-32-32z\"><\/path><\/svg><\/span>\n\t\t\t\t\t\t\t\t<span class=\"elementor-accordion-icon-opened\"><svg class=\"e-font-icon-svg e-fas-minus\" viewBox=\"0 0 448 512\" xmlns=\"http:\/\/www.w3.org\/2000\/svg\"><path d=\"M416 208H32c-17.67 0-32 14.33-32 32v32c0 17.67 14.33 32 32 32h384c17.67 0 32-14.33 32-32v-32c0-17.67-14.33-32-32-32z\"><\/path><\/svg><\/span>\n\t\t\t\t\t\t\t\t\t\t\t\t\t\t<\/span>\n\t\t\t\t\t\t\t\t\t\t\t\t<a class=\"elementor-accordion-title\" tabindex=\"0\">Alumnos Plan 2020:<\/a>\n\t\t\t\t\t<\/div>\n\t\t\t\t\t<div id=\"elementor-tab-content-1081\" class=\"elementor-tab-content elementor-clearfix\" data-tab=\"1\" role=\"region\" aria-labelledby=\"elementor-tab-title-1081\"><p>Debes cubrir el requisito <strong>antes de alcanzar o rebasar el 90% de avance en tu carrera<\/strong>, o quedar\u00e1s Suspendido por Tercera Lengua y no podr\u00e1s inscribir materias hasta salir de la causal, ni podr\u00e1s <strong>titularte<\/strong>.<\/p><\/div>\n\t\t\t\t<\/div>\n\t\t\t\t\t\t\t<div class=\"elementor-accordion-item\">\n\t\t\t\t\t<div id=\"elementor-tab-title-1082\" class=\"elementor-tab-title\" data-tab=\"2\" role=\"button\" aria-controls=\"elementor-tab-content-1082\" aria-expanded=\"false\">\n\t\t\t\t\t\t\t\t\t\t\t\t\t<span class=\"elementor-accordion-icon elementor-accordion-icon-left\" aria-hidden=\"true\">\n\t\t\t\t\t\t\t\t\t\t\t\t\t\t\t<span class=\"elementor-accordion-icon-closed\"><svg class=\"e-font-icon-svg e-fas-plus\" viewBox=\"0 0 448 512\" xmlns=\"http:\/\/www.w3.org\/2000\/svg\"><path d=\"M416 208H272V64c0-17.67-14.33-32-32-32h-32c-17.67 0-32 14.33-32 32v144H32c-17.67 0-32 14.33-32 32v32c0 17.67 14.33 32 32 32h144v144c0 17.67 14.33 32 32 32h32c17.67 0 32-14.33 32-32V304h144c17.67 0 32-14.33 32-32v-32c0-17.67-14.33-32-32-32z\"><\/path><\/svg><\/span>\n\t\t\t\t\t\t\t\t<span class=\"elementor-accordion-icon-opened\"><svg class=\"e-font-icon-svg e-fas-minus\" viewBox=\"0 0 448 512\" xmlns=\"http:\/\/www.w3.org\/2000\/svg\"><path d=\"M416 208H32c-17.67 0-32 14.33-32 32v32c0 17.67 14.33 32 32 32h384c17.67 0 32-14.33 32-32v-32c0-17.67-14.33-32-32-32z\"><\/path><\/svg><\/span>\n\t\t\t\t\t\t\t\t\t\t\t\t\t\t<\/span>\n\t\t\t\t\t\t\t\t\t\t\t\t<a class=\"elementor-accordion-title\" tabindex=\"0\">Alumnos Plan 2016 y anteriores:<\/a>\n\t\t\t\t\t<\/div>\n\t\t\t\t\t<div id=\"elementor-tab-content-1082\" class=\"elementor-tab-content elementor-clearfix\" data-tab=\"2\" role=\"region\" aria-labelledby=\"elementor-tab-title-1082\"><p>Debes cubrir el requisito para poder <strong>titularte<\/strong>.<\/p><\/div>\n\t\t\t\t<\/div>\n\t\t\t\t\t\t\t<div class=\"elementor-accordion-item\">\n\t\t\t\t\t<div id=\"elementor-tab-title-1083\" class=\"elementor-tab-title\" data-tab=\"3\" role=\"button\" aria-controls=\"elementor-tab-content-1083\" aria-expanded=\"false\">\n\t\t\t\t\t\t\t\t\t\t\t\t\t<span class=\"elementor-accordion-icon elementor-accordion-icon-left\" aria-hidden=\"true\">\n\t\t\t\t\t\t\t\t\t\t\t\t\t\t\t<span class=\"elementor-accordion-icon-closed\"><svg class=\"e-font-icon-svg e-fas-plus\" viewBox=\"0 0 448 512\" xmlns=\"http:\/\/www.w3.org\/2000\/svg\"><path d=\"M416 208H272V64c0-17.67-14.33-32-32-32h-32c-17.67 0-32 14.33-32 32v144H32c-17.67 0-32 14.33-32 32v32c0 17.67 14.33 32 32 32h144v144c0 17.67 14.33 32 32 32h32c17.67 0 32-14.33 32-32V304h144c17.67 0 32-14.33 32-32v-32c0-17.67-14.33-32-32-32z\"><\/path><\/svg><\/span>\n\t\t\t\t\t\t\t\t<span class=\"elementor-accordion-icon-opened\"><svg class=\"e-font-icon-svg e-fas-minus\" viewBox=\"0 0 448 512\" xmlns=\"http:\/\/www.w3.org\/2000\/svg\"><path d=\"M416 208H32c-17.67 0-32 14.33-32 32v32c0 17.67 14.33 32 32 32h384c17.67 0 32-14.33 32-32v-32c0-17.67-14.33-32-32-32z\"><\/path><\/svg><\/span>\n\t\t\t\t\t\t\t\t\t\t\t\t\t\t<\/span>\n\t\t\t\t\t\t\t\t\t\t\t\t<a class=\"elementor-accordion-title\" tabindex=\"0\">Examenes de Acreditaci\u00f3n de Tercer Idioma 2026<\/a>\n\t\t\t\t\t<\/div>\n\t\t\t\t\t<div id=\"elementor-tab-content-1083\" class=\"elementor-tab-content elementor-clearfix\" data-tab=\"3\" role=\"region\" aria-labelledby=\"elementor-tab-title-1083\"><p><img fetchpriority=\"high\" decoding=\"async\" class=\"aligncenter wp-image-3361 size-large\" src=\"\/centrodelenguas\/wp-content\/uploads\/2026\/01\/ACRE-3er-idioma-2026-anual-959x1024.png\" alt=\"\" width=\"800\" height=\"854\" srcset=\"\/centrodelenguas\/wp-content\/uploads\/2026\/01\/ACRE-3er-idioma-2026-anual-959x1024.png 959w, \/centrodelenguas\/wp-content\/uploads\/2026\/01\/ACRE-3er-idioma-2026-anual-281x300.png 281w, \/centrodelenguas\/wp-content\/uploads\/2026\/01\/ACRE-3er-idioma-2026-anual-768x820.png 768w, \/centrodelenguas\/wp-content\/uploads\/2026\/01\/ACRE-3er-idioma-2026-anual-1438x1536.png 1438w, \/centrodelenguas\/wp-content\/uploads\/2026\/01\/ACRE-3er-idioma-2026-anual.png 1600w\" sizes=\"(max-width: 800px) 100vw, 800px\" \/><\/p><\/div>\n\t\t\t\t<\/div>\n\t\t\t\t\t\t\t\t<\/div>\n\t\t\t\t\t\t<\/div>\n\t\t\t\t<\/div>\n\t\t\t\t<\/div>\n\t\t\t\t\t<\/div>\n\t\t\t\t<\/div>\n\t\t<div class=\"elementor-element elementor-element-0ebcc55 e-flex e-con-boxed e-con e-parent\" data-id=\"0ebcc55\" data-element_type=\"container\">\n\t\t\t\t\t<div class=\"e-con-inner\">\n\t\t\t\t<div class=\"elementor-element elementor-element-e74d953 elementor-widget elementor-widget-image\" data-id=\"e74d953\" data-element_type=\"widget\" data-widget_type=\"image.default\">\n\t\t\t\t<div class=\"elementor-widget-container\">\n\t\t\t\t\t\t\t\t\t\t\t\t\t\t\t<img decoding=\"async\" width=\"1632\" height=\"1056\" src=\"\/centrodelenguas\/wp-content\/uploads\/2024\/11\/Requisito-Tercer-Idioma-2024.jpg\" class=\"attachment-full size-full wp-image-1633\" alt=\"\" srcset=\"\/centrodelenguas\/wp-content\/uploads\/2024\/11\/Requisito-Tercer-Idioma-2024.jpg 1632w, \/centrodelenguas\/wp-content\/uploads\/2024\/11\/Requisito-Tercer-Idioma-2024-300x194.jpg 300w, \/centrodelenguas\/wp-content\/uploads\/2024\/11\/Requisito-Tercer-Idioma-2024-1024x663.jpg 1024w, \/centrodelenguas\/wp-content\/uploads\/2024\/11\/Requisito-Tercer-Idioma-2024-768x497.jpg 768w, \/centrodelenguas\/wp-content\/uploads\/2024\/11\/Requisito-Tercer-Idioma-2024-1536x994.jpg 1536w, \/centrodelenguas\/wp-content\/uploads\/2024\/11\/Requisito-Tercer-Idioma-2024-200x129.jpg 200w\" sizes=\"(max-width: 1632px) 100vw, 1632px\" \/>\t\t\t\t\t\t\t\t\t\t\t\t\t\t\t<\/div>\n\t\t\t\t<\/div>\n\t\t\t\t\t<\/div>\n\t\t\t\t<\/div>\n\t\t<div class=\"elementor-element elementor-element-c3bd8bb e-flex e-con-boxed e-con e-parent\" data-id=\"c3bd8bb\" data-element_type=\"container\" data-settings=\"{&quot;background_background&quot;:&quot;classic&quot;}\">\n\t\t\t\t\t<div class=\"e-con-inner\">\n\t\t\t\t<div class=\"elementor-element elementor-element-95289aa elementor-widget elementor-widget-heading\" data-id=\"95289aa\" data-element_type=\"widget\" data-widget_type=\"heading.default\">\n\t\t\t\t<div class=\"elementor-widget-container\">\n\t\t\t\t\t<h2 class=\"elementor-heading-title elementor-size-default\">\u00a1Ent\u00e9rate de las 4 maneras de cubrir este requisito!<\/h2>\t\t\t\t<\/div>\n\t\t\t\t<\/div>\n\t\t\t\t<div class=\"elementor-element elementor-element-db51f78 elementor-tabs-view-vertical elementor-widget elementor-widget-tabs\" data-id=\"db51f78\" data-element_type=\"widget\" data-widget_type=\"tabs.default\">\n\t\t\t\t<div class=\"elementor-widget-container\">\n\t\t\t\t\t\t\t<div class=\"elementor-tabs\">\n\t\t\t<div class=\"elementor-tabs-wrapper\" role=\"tablist\" >\n\t\t\t\t\t\t\t\t\t<div id=\"elementor-tab-title-2291\" class=\"elementor-tab-title elementor-tab-desktop-title\" aria-selected=\"true\" data-tab=\"1\" role=\"tab\" tabindex=\"0\" aria-controls=\"elementor-tab-content-2291\" aria-expanded=\"false\">Revalidaci\u00f3n de certificado<\/div>\n\t\t\t\t\t\t\t\t\t<div id=\"elementor-tab-title-2292\" class=\"elementor-tab-title elementor-tab-desktop-title\" aria-selected=\"false\" data-tab=\"2\" role=\"tab\" tabindex=\"-1\" aria-controls=\"elementor-tab-content-2292\" aria-expanded=\"false\">Examen de Acreditaci\u00f3n de Tercer Idioma (Alem\u00e1n, Franc\u00e9s, Italiano)<\/div>\n\t\t\t\t\t\t\t\t\t<div id=\"elementor-tab-title-2293\" class=\"elementor-tab-title elementor-tab-desktop-title\" aria-selected=\"false\" data-tab=\"3\" role=\"tab\" tabindex=\"-1\" aria-controls=\"elementor-tab-content-2293\" aria-expanded=\"false\">Minors de Franc\u00e9s e Italiano<\/div>\n\t\t\t\t\t\t\t\t\t<div id=\"elementor-tab-title-2294\" class=\"elementor-tab-title elementor-tab-desktop-title\" aria-selected=\"false\" data-tab=\"4\" role=\"tab\" tabindex=\"-1\" aria-controls=\"elementor-tab-content-2294\" aria-expanded=\"false\">Cursos semi-intensivos de un tercer idioma<\/div>\n\t\t\t\t\t\t\t<\/div>\n\t\t\t<div class=\"elementor-tabs-content-wrapper\" role=\"tablist\" aria-orientation=\"vertical\">\n\t\t\t\t\t\t\t\t\t<div class=\"elementor-tab-title elementor-tab-mobile-title\" aria-selected=\"true\" data-tab=\"1\" role=\"tab\" tabindex=\"0\" aria-controls=\"elementor-tab-content-2291\" aria-expanded=\"false\">Revalidaci\u00f3n de certificado<\/div>\n\t\t\t\t\t<div id=\"elementor-tab-content-2291\" class=\"elementor-tab-content elementor-clearfix\" data-tab=\"1\" role=\"tabpanel\" aria-labelledby=\"elementor-tab-title-2291\" tabindex=\"0\" hidden=\"false\"><p style=\"text-align: center;\">Los siguientes certificados, y sus respectivos puntajes,\u00a0 pueden ser revalidados por la Red An\u00e1huac para que cubras tu requisito. El certificado debe haber sido expedido <strong>m\u00e1ximo dos a\u00f1os<\/strong> antes de la fecha en que lo entregues al Centro de Lenguas.<\/p><p><img decoding=\"async\" class=\"aligncenter wp-image-2613 size-large\" src=\"https:\/\/wp-centrodelenguas-prod-deeveaa9d5fubtgr.mexicocentral-01.azurewebsites.net\/wp-content\/uploads\/2025\/03\/Certificados-Tercer-Idioma-959x1024.jpg\" alt=\"\" width=\"800\" height=\"854\" srcset=\"\/centrodelenguas\/wp-content\/uploads\/2025\/03\/Certificados-Tercer-Idioma-959x1024.jpg 959w, \/centrodelenguas\/wp-content\/uploads\/2025\/03\/Certificados-Tercer-Idioma-281x300.jpg 281w, \/centrodelenguas\/wp-content\/uploads\/2025\/03\/Certificados-Tercer-Idioma-768x820.jpg 768w, \/centrodelenguas\/wp-content\/uploads\/2025\/03\/Certificados-Tercer-Idioma-1438x1536.jpg 1438w, \/centrodelenguas\/wp-content\/uploads\/2025\/03\/Certificados-Tercer-Idioma-200x214.jpg 200w, \/centrodelenguas\/wp-content\/uploads\/2025\/03\/Certificados-Tercer-Idioma.jpg 1600w\" sizes=\"(max-width: 800px) 100vw, 800px\" \/><\/p><\/div>\n\t\t\t\t\t\t\t\t\t<div class=\"elementor-tab-title elementor-tab-mobile-title\" aria-selected=\"false\" data-tab=\"2\" role=\"tab\" tabindex=\"-1\" aria-controls=\"elementor-tab-content-2292\" aria-expanded=\"false\">Examen de Acreditaci\u00f3n de Tercer Idioma (Alem\u00e1n, Franc\u00e9s, Italiano)<\/div>\n\t\t\t\t\t<div id=\"elementor-tab-content-2292\" class=\"elementor-tab-content elementor-clearfix\" data-tab=\"2\" role=\"tabpanel\" aria-labelledby=\"elementor-tab-title-2292\" tabindex=\"0\" hidden=\"hidden\"><p>Si ya cuentas con conocimientos en <b>Alem\u00e1n, Franc\u00e9s o Italiano<\/b>, con base en los resultados que obtuvieras con este examen podr\u00edas cubrir el requisito del Tercer Idioma, demostrando tener conocimientos s\u00f3lidos de un nivel <b>B1 del Marco Europeo de Referencia para las Lenguas<\/b>.<\/p><p>Puedes presentar esta evaluaci\u00f3n <b>dos veces por semestre<\/b>, o <b>una vez por verano<\/b>, en las fechas establecidas por el Centro de Lenguas.<\/p><p>Para hacer tu registro, debes:<\/p><ol><li>Hacer el pago en Caja.<\/li><li>Enviar tu comprobante con los datos que solicita el centro de Lenguas.<\/li><li>Quedar pendiente de la confirmaci\u00f3n de tu registro por correo.<\/li><li>Presentarte el d\u00eda del examen con tu <strong>identificaci\u00f3n oficial<\/strong>.<\/li><\/ol><p><strong>IMPORTANTE:<\/strong><\/p><ul><li>El costo del examen lo puedes verificar en Caja y Finanzas.<\/li><li>Debes llegar por lo menos 10 minutos antes de la hora indicada.<\/li><li>Tu identificaci\u00f3n oficial debe ser: INE o pasaporte (la licencia de conducir NO cuenta).<\/li><li>No puedes entrar al examen con ning\u00fan tipo de aparato electr\u00f3nico ni relojes de mano.<\/li><li>El examen tiene una duraci\u00f3n aproximada de 2 horas 30 minutos.<\/li><li>Antes de tu evaluaci\u00f3n, te recomendamos que descargues y leas el <a href=\"https:\/\/wp-centrodelenguas-prod-deeveaa9d5fubtgr.mexicocentral-01.azurewebsites.net\/wp-content\/uploads\/2024\/09\/Reglamento_aplicacion_examenes_Centro_Lenguas.pdf\"><strong>Reglamento de aplicaci\u00f3n de ex\u00e1menes de Centro de Lenguas.<\/strong><\/a><\/li><\/ul><p><img fetchpriority=\"high\" decoding=\"async\" class=\"aligncenter wp-image-3361 size-large\" src=\"\/centrodelenguas\/wp-content\/uploads\/2026\/01\/ACRE-3er-idioma-2026-anual-959x1024.png\" alt=\"\" width=\"800\" height=\"854\" srcset=\"\/centrodelenguas\/wp-content\/uploads\/2026\/01\/ACRE-3er-idioma-2026-anual-959x1024.png 959w, \/centrodelenguas\/wp-content\/uploads\/2026\/01\/ACRE-3er-idioma-2026-anual-281x300.png 281w, \/centrodelenguas\/wp-content\/uploads\/2026\/01\/ACRE-3er-idioma-2026-anual-768x820.png 768w, \/centrodelenguas\/wp-content\/uploads\/2026\/01\/ACRE-3er-idioma-2026-anual-1438x1536.png 1438w, \/centrodelenguas\/wp-content\/uploads\/2026\/01\/ACRE-3er-idioma-2026-anual.png 1600w\" sizes=\"(max-width: 800px) 100vw, 800px\" \/><\/p><\/div>\n\t\t\t\t\t\t\t\t\t<div class=\"elementor-tab-title elementor-tab-mobile-title\" aria-selected=\"false\" data-tab=\"3\" role=\"tab\" tabindex=\"-1\" aria-controls=\"elementor-tab-content-2293\" aria-expanded=\"false\">Minors de Franc\u00e9s e Italiano<\/div>\n\t\t\t\t\t<div id=\"elementor-tab-content-2293\" class=\"elementor-tab-content elementor-clearfix\" data-tab=\"3\" role=\"tabpanel\" aria-labelledby=\"elementor-tab-title-2293\" tabindex=\"0\" hidden=\"hidden\"><p>Exclusivo para Planes 2020\/Modelo 2025 de <b>Gastronom\u00eda, Turismo Internacional y Relaciones Internacionales.<\/b><\/p><p>Cursando y acreditando <b>4 niveles del mismo idioma (Franc\u00e9s o Italiano)<\/b>, podr\u00e1s egresar con un Minor en el idioma de tu elecci\u00f3n, y, adem\u00e1s, cubrir\u00edas el requisito del 3\u00b0 idioma. Estos cursos tienen una <strong>duraci\u00f3n<\/strong> <b>semestral (16 semanas, horarios variados)<\/b>.<\/p><p>Consulta los cursos disponibles en\u00a0<a style=\"background-color: #ffffff;\" href=\"https:\/\/wp-centrodelenguas-prod-deeveaa9d5fubtgr.mexicocentral-01.azurewebsites.net\/oferta-academica\/\"><b>OFERTA ACAD\u00c9MICA<\/b><\/a><\/p><p><span style=\"color: #ff6600;\"><span style=\"font-weight: bold;\">IMPORTANTE:<\/span>\u00a0<\/span>La apertura de los cursos est\u00e1 sujeta a cupo m\u00ednimo.<\/p><\/div>\n\t\t\t\t\t\t\t\t\t<div class=\"elementor-tab-title elementor-tab-mobile-title\" aria-selected=\"false\" data-tab=\"4\" role=\"tab\" tabindex=\"-1\" aria-controls=\"elementor-tab-content-2294\" aria-expanded=\"false\">Cursos semi-intensivos de un tercer idioma<\/div>\n\t\t\t\t\t<div id=\"elementor-tab-content-2294\" class=\"elementor-tab-content elementor-clearfix\" data-tab=\"4\" role=\"tabpanel\" aria-labelledby=\"elementor-tab-title-2294\" tabindex=\"0\" hidden=\"hidden\"><p>Puedes considerar la oferta de cursos del Centro de Lenguas para cubrir tu requisito. Deber\u00e1s aprobar 4 niveles del mismo idioma <b>(Alem\u00e1n, Franc\u00e9s o Italiano)<\/b> para que se registre tu progreso.<\/p><p>Los cursos que <span style=\"color: var( --e-global-color-text ); font-family: var( --e-global-typography-text-font-family ), Sans-serif; font-size: var( --e-global-typography-text-font-size ); font-weight: var( --e-global-typography-text-font-weight ); letter-spacing: var( --e-global-typography-text-letter-spacing );\">son semi-intensivos<\/span><span style=\"color: var( --e-global-color-text ); font-family: var( --e-global-typography-text-font-family ), Sans-serif; font-size: var( --e-global-typography-text-font-size ); font-weight: var( --e-global-typography-text-font-weight ); letter-spacing: var( --e-global-typography-text-letter-spacing );\">\u00a0<\/span><span style=\"color: #800080; font-family: var( --e-global-typography-text-font-family ), Sans-serif; font-size: var( --e-global-typography-text-font-size ); letter-spacing: var( --e-global-typography-text-letter-spacing ); font-weight: bolder;\">durante el semestre<\/span><span style=\"color: var( --e-global-color-text ); font-family: var( --e-global-typography-text-font-family ), Sans-serif; font-size: var( --e-global-typography-text-font-size ); font-weight: var( --e-global-typography-text-font-weight ); letter-spacing: var( --e-global-typography-text-letter-spacing );\">, tienen una duraci\u00f3n de 8 semanas, con clases de 1.5 horas diarias, en los d\u00edas de clase se\u00f1alados.<\/span><span style=\"color: var( --e-global-color-text ); font-family: var( --e-global-typography-text-font-family ), Sans-serif; font-size: var( --e-global-typography-text-font-size ); font-weight: var( --e-global-typography-text-font-weight ); letter-spacing: var( --e-global-typography-text-letter-spacing );\">\u00a0Se manejan con diferentes modalidades.<\/span><\/p><p>Los cursos que <span style=\"color: var( --e-global-color-text ); font-family: var( --e-global-typography-text-font-family ), Sans-serif; font-size: var( --e-global-typography-text-font-size ); font-weight: var( --e-global-typography-text-font-weight ); letter-spacing: var( --e-global-typography-text-letter-spacing );\">son semi-intensivos<\/span><span style=\"color: var( --e-global-color-text ); font-family: var( --e-global-typography-text-font-family ), Sans-serif; font-size: var( --e-global-typography-text-font-size ); font-weight: var( --e-global-typography-text-font-weight ); letter-spacing: var( --e-global-typography-text-letter-spacing );\">\u00a0<\/span><span style=\"color: #ff6600; font-family: var( --e-global-typography-text-font-family ), Sans-serif; font-size: var( --e-global-typography-text-font-size ); letter-spacing: var( --e-global-typography-text-letter-spacing ); font-weight: bolder;\">durante el verano<\/span><span style=\"color: var( --e-global-color-text ); font-family: var( --e-global-typography-text-font-family ), Sans-serif; font-size: var( --e-global-typography-text-font-size ); font-weight: var( --e-global-typography-text-font-weight ); letter-spacing: var( --e-global-typography-text-letter-spacing );\">, tienen una duraci\u00f3n de 2.5 o 5 semanas, con clases de 3 a 5 horas diarias, en los d\u00edas de clase se\u00f1alados.<\/span><span style=\"color: var( --e-global-color-text ); font-family: var( --e-global-typography-text-font-family ), Sans-serif; font-size: var( --e-global-typography-text-font-size ); font-weight: var( --e-global-typography-text-font-weight ); letter-spacing: var( --e-global-typography-text-letter-spacing );\">\u00a0Se manejan con diferentes modalidades.<\/span><\/p><p><strong>Estos cursos no te otorgan cr\u00e9ditos, no les aplica beca, ni afectan a tu promedio.<\/strong><\/p><p>Consulta los cursos disponibles en\u00a0<a style=\"background-color: #ffffff;\" href=\"https:\/\/wp-centrodelenguas-prod-deeveaa9d5fubtgr.mexicocentral-01.azurewebsites.net\/oferta-academica\/\"><b>OFERTA ACAD\u00c9MICA<\/b><\/a><\/p><p><span style=\"color: #ff6600;\"><span style=\"font-weight: bold;\">IMPORTANTE:<\/span>\u00a0<\/span>La apertura de los cursos est\u00e1 sujeta a cupo m\u00ednimo.<\/p><\/div>\n\t\t\t\t\t\t\t<\/div>\n\t\t<\/div>\n\t\t\t\t\t\t<\/div>\n\t\t\t\t<\/div>\n\t\t\t\t\t<\/div>\n\t\t\t\t<\/div>\n\t\t<div class=\"elementor-element elementor-element-d08d408 e-flex e-con-boxed e-con e-parent\" data-id=\"d08d408\" data-element_type=\"container\">\n\t\t\t\t\t<div class=\"e-con-inner\">\n\t\t\t\t\t<\/div>\n\t\t\t\t<\/div>\n\t\t\t\t<\/div>\n\t\t","protected":false},"excerpt":{"rendered":"<p>REQUISITO 3\u00b0 IDIOMA https:\/\/wp-centrodelenguas-prod-deeveaa9d5fubtgr.mexicocentral-01.azurewebsites.net\/wp-content\/uploads\/2025\/03\/Centro-de-lenguas_Mensaje-Mtro-Jaime_03-2025-1.mp4 Si estudias&nbsp;Gastronom\u00eda, Turismo Internacional, o Relaciones Internacionales&#8230; Debes cubrir el requisito de 3\u00b0 Idioma, adicional al ingl\u00e9s, en cualquier momento de tu carrera.\u00a0 IMPORTANTE: Alumnos Plan 2020: Debes cubrir el requisito antes de alcanzar o rebasar el 90% de avance en tu carrera, o quedar\u00e1s Suspendido por Tercera Lengua y no [&hellip;]<\/p>\n","protected":false},"author":3,"featured_media":0,"parent":0,"menu_order":0,"comment_status":"closed","ping_status":"closed","template":"","meta":{"footnotes":""},"class_list":["post-1037","page","type-page","status-publish","hentry"],"_links":{"self":[{"href":"https:\/\/anahuacqro.edu.mx\/centrodelenguas\/wp-json\/wp\/v2\/pages\/1037","targetHints":{"allow":["GET"]}}],"collection":[{"href":"https:\/\/anahuacqro.edu.mx\/centrodelenguas\/wp-json\/wp\/v2\/pages"}],"about":[{"href":"https:\/\/anahuacqro.edu.mx\/centrodelenguas\/wp-json\/wp\/v2\/types\/page"}],"author":[{"embeddable":true,"href":"https:\/\/anahuacqro.edu.mx\/centrodelenguas\/wp-json\/wp\/v2\/users\/3"}],"replies":[{"embeddable":true,"href":"https:\/\/anahuacqro.edu.mx\/centrodelenguas\/wp-json\/wp\/v2\/comments?post=1037"}],"version-history":[{"count":253,"href":"https:\/\/anahuacqro.edu.mx\/centrodelenguas\/wp-json\/wp\/v2\/pages\/1037\/revisions"}],"predecessor-version":[{"id":3420,"href":"https:\/\/anahuacqro.edu.mx\/centrodelenguas\/wp-json\/wp\/v2\/pages\/1037\/revisions\/3420"}],"wp:attachment":[{"href":"https:\/\/anahuacqro.edu.mx\/centrodelenguas\/wp-json\/wp\/v2\/media?parent=1037"}],"curies":[{"name":"wp","href":"https:\/\/api.w.org\/{rel}","templated":true}]}}