{"id":928,"date":"2024-09-20T22:24:50","date_gmt":"2024-09-20T22:24:50","guid":{"rendered":"https:\/\/anahuacqro.edu.mx\/centrodelenguas\/?page_id=928"},"modified":"2025-12-09T18:46:55","modified_gmt":"2025-12-09T18:46:55","slug":"requisito-ingles","status":"publish","type":"page","link":"https:\/\/anahuacqro.edu.mx\/centrodelenguas\/requisito-ingles\/","title":{"rendered":"REQUISITO INGL\u00c9S"},"content":{"rendered":"\t\t<div data-elementor-type=\"wp-page\" data-elementor-id=\"928\" class=\"elementor elementor-928\" data-elementor-post-type=\"page\">\n\t\t\t\t<div class=\"elementor-element elementor-element-d3309ad e-flex e-con-boxed e-con e-parent\" data-id=\"d3309ad\" data-element_type=\"container\" data-settings=\"{&quot;background_background&quot;:&quot;classic&quot;}\">\n\t\t\t\t\t<div class=\"e-con-inner\">\n\t\t\t\t<div class=\"elementor-element elementor-element-293bdb6 elementor-widget__width-initial elementor-widget elementor-widget-heading\" data-id=\"293bdb6\" data-element_type=\"widget\" data-widget_type=\"heading.default\">\n\t\t\t\t<div class=\"elementor-widget-container\">\n\t\t\t\t\t<h2 class=\"elementor-heading-title elementor-size-default\">REQUISITO DE INGL\u00c9S<\/h2>\t\t\t\t<\/div>\n\t\t\t\t<\/div>\n\t\t\t\t\t<\/div>\n\t\t\t\t<\/div>\n\t\t<div class=\"elementor-element elementor-element-e6df828 e-flex e-con-boxed e-con e-parent\" data-id=\"e6df828\" data-element_type=\"container\" data-settings=\"{&quot;background_background&quot;:&quot;classic&quot;}\">\n\t\t\t\t\t<div class=\"e-con-inner\">\n\t\t<div class=\"elementor-element elementor-element-5e0fce3 e-con-full e-flex e-con e-child\" data-id=\"5e0fce3\" data-element_type=\"container\">\n\t\t\t\t<div class=\"elementor-element elementor-element-7309e00 elementor-widget elementor-widget-image\" data-id=\"7309e00\" data-element_type=\"widget\" data-widget_type=\"image.default\">\n\t\t\t\t<div class=\"elementor-widget-container\">\n\t\t\t\t\t\t\t\t\t\t\t\t\t\t\t<img fetchpriority=\"high\" decoding=\"async\" width=\"300\" height=\"300\" src=\"\/centrodelenguas\/wp-content\/uploads\/2024\/09\/requisito-ingles-1-300x300.jpg\" class=\"attachment-medium size-medium wp-image-1119\" alt=\"\" srcset=\"\/centrodelenguas\/wp-content\/uploads\/2024\/09\/requisito-ingles-1-300x300.jpg 300w, \/centrodelenguas\/wp-content\/uploads\/2024\/09\/requisito-ingles-1-150x150.jpg 150w, \/centrodelenguas\/wp-content\/uploads\/2024\/09\/requisito-ingles-1-200x200.jpg 200w, \/centrodelenguas\/wp-content\/uploads\/2024\/09\/requisito-ingles-1.jpg 570w\" sizes=\"(max-width: 300px) 100vw, 300px\" \/>\t\t\t\t\t\t\t\t\t\t\t\t\t\t\t<\/div>\n\t\t\t\t<\/div>\n\t\t\t\t<\/div>\n\t\t<div class=\"elementor-element elementor-element-ef9e196 e-con-full e-flex e-con e-child\" data-id=\"ef9e196\" data-element_type=\"container\">\n\t\t\t\t<div class=\"elementor-element elementor-element-06036d4 elementor-widget elementor-widget-heading\" data-id=\"06036d4\" data-element_type=\"widget\" data-widget_type=\"heading.default\">\n\t\t\t\t<div class=\"elementor-widget-container\">\n\t\t\t\t\t<h2 class=\"elementor-heading-title elementor-size-default\">Requisito de Ingl\u00e9s como segundo idioma\n<\/h2>\t\t\t\t<\/div>\n\t\t\t\t<\/div>\n\t\t\t\t<div class=\"elementor-element elementor-element-102d3c7 elementor-widget elementor-widget-accordion\" data-id=\"102d3c7\" data-element_type=\"widget\" data-widget_type=\"accordion.default\">\n\t\t\t\t<div class=\"elementor-widget-container\">\n\t\t\t\t\t\t\t<div class=\"elementor-accordion\">\n\t\t\t\t\t\t\t<div class=\"elementor-accordion-item\">\n\t\t\t\t\t<div id=\"elementor-tab-title-1691\" class=\"elementor-tab-title\" data-tab=\"1\" role=\"button\" aria-controls=\"elementor-tab-content-1691\" aria-expanded=\"false\">\n\t\t\t\t\t\t\t\t\t\t\t\t\t<span class=\"elementor-accordion-icon elementor-accordion-icon-left\" aria-hidden=\"true\">\n\t\t\t\t\t\t\t\t\t\t\t\t\t\t\t<span class=\"elementor-accordion-icon-closed\"><svg class=\"e-font-icon-svg e-fas-plus\" viewBox=\"0 0 448 512\" xmlns=\"http:\/\/www.w3.org\/2000\/svg\"><path d=\"M416 208H272V64c0-17.67-14.33-32-32-32h-32c-17.67 0-32 14.33-32 32v144H32c-17.67 0-32 14.33-32 32v32c0 17.67 14.33 32 32 32h144v144c0 17.67 14.33 32 32 32h32c17.67 0 32-14.33 32-32V304h144c17.67 0 32-14.33 32-32v-32c0-17.67-14.33-32-32-32z\"><\/path><\/svg><\/span>\n\t\t\t\t\t\t\t\t<span class=\"elementor-accordion-icon-opened\"><svg class=\"e-font-icon-svg e-fas-minus\" viewBox=\"0 0 448 512\" xmlns=\"http:\/\/www.w3.org\/2000\/svg\"><path d=\"M416 208H32c-17.67 0-32 14.33-32 32v32c0 17.67 14.33 32 32 32h384c17.67 0 32-14.33 32-32v-32c0-17.67-14.33-32-32-32z\"><\/path><\/svg><\/span>\n\t\t\t\t\t\t\t\t\t\t\t\t\t\t<\/span>\n\t\t\t\t\t\t\t\t\t\t\t\t<a class=\"elementor-accordion-title\" tabindex=\"0\">Todos los alumnos de todas las Licenciaturas deben cubrirlo<\/a>\n\t\t\t\t\t<\/div>\n\t\t\t\t\t<div id=\"elementor-tab-content-1691\" class=\"elementor-tab-content elementor-clearfix\" data-tab=\"1\" role=\"region\" aria-labelledby=\"elementor-tab-title-1691\"><p style=\"text-align: justify;\">Si eres\u00a0 de <strong>nuevo ingreso<\/strong> debes estar ubicado en alg\u00fan nivel de ingl\u00e9s <strong>antes de la Bienvenida (BIU)<\/strong>, o a m\u00e1s tardar dentro del primer mes de clases, en las fechas establecidas por el Centro de Lenguas.<\/p><p style=\"text-align: justify;\">Debes cubrir los\u00a0<b>8 niveles de ingl\u00e9s<\/b> que maneja la universidad: A, B, 1, 2, 3, 4, 5 y 6.\u00a0<\/p><p style=\"text-align: justify;\"><strong>IMPORTANTE: Si estudias Medicina<\/strong>, debes aprobar el nivel 6 antes de poder cursar ciclos cl\u00ednicos.<\/p><\/div>\n\t\t\t\t<\/div>\n\t\t\t\t\t\t\t<div class=\"elementor-accordion-item\">\n\t\t\t\t\t<div id=\"elementor-tab-title-1692\" class=\"elementor-tab-title\" data-tab=\"2\" role=\"button\" aria-controls=\"elementor-tab-content-1692\" aria-expanded=\"false\">\n\t\t\t\t\t\t\t\t\t\t\t\t\t<span class=\"elementor-accordion-icon elementor-accordion-icon-left\" aria-hidden=\"true\">\n\t\t\t\t\t\t\t\t\t\t\t\t\t\t\t<span class=\"elementor-accordion-icon-closed\"><svg class=\"e-font-icon-svg e-fas-plus\" viewBox=\"0 0 448 512\" xmlns=\"http:\/\/www.w3.org\/2000\/svg\"><path d=\"M416 208H272V64c0-17.67-14.33-32-32-32h-32c-17.67 0-32 14.33-32 32v144H32c-17.67 0-32 14.33-32 32v32c0 17.67 14.33 32 32 32h144v144c0 17.67 14.33 32 32 32h32c17.67 0 32-14.33 32-32V304h144c17.67 0 32-14.33 32-32v-32c0-17.67-14.33-32-32-32z\"><\/path><\/svg><\/span>\n\t\t\t\t\t\t\t\t<span class=\"elementor-accordion-icon-opened\"><svg class=\"e-font-icon-svg e-fas-minus\" viewBox=\"0 0 448 512\" xmlns=\"http:\/\/www.w3.org\/2000\/svg\"><path d=\"M416 208H32c-17.67 0-32 14.33-32 32v32c0 17.67 14.33 32 32 32h384c17.67 0 32-14.33 32-32v-32c0-17.67-14.33-32-32-32z\"><\/path><\/svg><\/span>\n\t\t\t\t\t\t\t\t\t\t\t\t\t\t<\/span>\n\t\t\t\t\t\t\t\t\t\t\t\t<a class=\"elementor-accordion-title\" tabindex=\"0\">Cubrirlo es indispensable para tu avance en la licenciatura<\/a>\n\t\t\t\t\t<\/div>\n\t\t\t\t\t<div id=\"elementor-tab-content-1692\" class=\"elementor-tab-content elementor-clearfix\" data-tab=\"2\" role=\"region\" aria-labelledby=\"elementor-tab-title-1692\"><p style=\"text-align: justify;\">Acreditar todos los niveles de ingl\u00e9s es indispensable para tu titulaci\u00f3n.<\/p><p style=\"text-align: justify;\">Y de acuerdo al <strong>Compendio Reglamentario 2020<\/strong>, si quedas ubicado en los niveles <strong>A, B, 1 y 2<\/strong> est\u00e1s obligado a cursar los niveles faltantes dentro de la Universidad, a partir de tu primer semestre y de manera ininterrumpida.<\/p><p class=\"txt_naranja\" style=\"text-align: left;\"><strong>Adem\u00e1s:<\/strong><\/p><p style=\"text-align: justify;\">\u00b7 Debes acreditar el <strong>nivel 3<\/strong> antes de alcanzar el<strong> 30% de avance <\/strong>de tus cr\u00e9ditos. De lo contrario ser\u00e1s <em><strong>Condicionado <\/strong><\/em>y solamente podr\u00e1s inscribir 18 cr\u00e9ditos en el siguiente periodo (est\u00e1ndar acad\u00e9mico condicionado por ingl\u00e9s).<\/p><p style=\"text-align: justify;\">\u00b7 Debes acreditar el <strong>nivel 6<\/strong> antes de alcanzar el <strong>60% de avance<\/strong> de tus cr\u00e9ditos. De lo contrario ser\u00e1s <em><strong>Suspendido<\/strong> <\/em>y no podr\u00e1s inscribir ning\u00fan cr\u00e9dito hasta acreditar ingl\u00e9s (est\u00e1ndar acad\u00e9mico requisito de ingl\u00e9s no cubierto).<\/p><\/div>\n\t\t\t\t<\/div>\n\t\t\t\t\t\t\t<div class=\"elementor-accordion-item\">\n\t\t\t\t\t<div id=\"elementor-tab-title-1693\" class=\"elementor-tab-title\" data-tab=\"3\" role=\"button\" aria-controls=\"elementor-tab-content-1693\" aria-expanded=\"false\">\n\t\t\t\t\t\t\t\t\t\t\t\t\t<span class=\"elementor-accordion-icon elementor-accordion-icon-left\" aria-hidden=\"true\">\n\t\t\t\t\t\t\t\t\t\t\t\t\t\t\t<span class=\"elementor-accordion-icon-closed\"><svg class=\"e-font-icon-svg e-fas-plus\" viewBox=\"0 0 448 512\" xmlns=\"http:\/\/www.w3.org\/2000\/svg\"><path d=\"M416 208H272V64c0-17.67-14.33-32-32-32h-32c-17.67 0-32 14.33-32 32v144H32c-17.67 0-32 14.33-32 32v32c0 17.67 14.33 32 32 32h144v144c0 17.67 14.33 32 32 32h32c17.67 0 32-14.33 32-32V304h144c17.67 0 32-14.33 32-32v-32c0-17.67-14.33-32-32-32z\"><\/path><\/svg><\/span>\n\t\t\t\t\t\t\t\t<span class=\"elementor-accordion-icon-opened\"><svg class=\"e-font-icon-svg e-fas-minus\" viewBox=\"0 0 448 512\" xmlns=\"http:\/\/www.w3.org\/2000\/svg\"><path d=\"M416 208H32c-17.67 0-32 14.33-32 32v32c0 17.67 14.33 32 32 32h384c17.67 0 32-14.33 32-32v-32c0-17.67-14.33-32-32-32z\"><\/path><\/svg><\/span>\n\t\t\t\t\t\t\t\t\t\t\t\t\t\t<\/span>\n\t\t\t\t\t\t\t\t\t\t\t\t<a class=\"elementor-accordion-title\" tabindex=\"0\">Ex\u00e1menes de Acreditaci\u00f3n de Ingl\u00e9s<\/a>\n\t\t\t\t\t<\/div>\n\t\t\t\t\t<div id=\"elementor-tab-content-1693\" class=\"elementor-tab-content elementor-clearfix\" data-tab=\"3\" role=\"region\" aria-labelledby=\"elementor-tab-title-1693\"><p>El examen de acreditaci\u00f3n sirve para que intentes subir tu nivel obtenido en el examen de ubicaci\u00f3n, lo puedes presentar m\u00e1ximo <strong>dos veces por semestre, o dos veces por verano.\u00a0<\/strong>Te recomendamos que descargues y leas el\u00a0<a href=\"https:\/\/wp-centrodelenguas-prod-deeveaa9d5fubtgr.mexicocentral-01.azurewebsites.net\/descargables\/\" target=\"_blank\" rel=\"noopener\"><b>Reglamento de Ex\u00e1menes del Centro de Lenguas <\/b><\/a>antes de tu evaluaci\u00f3n.<br \/>Lee y sigue los pasos de la infograf\u00eda para agendarlo:<\/p><p><img decoding=\"async\" class=\"aligncenter wp-image-2037 size-large\" src=\"https:\/\/wp-centrodelenguas-prod-deeveaa9d5fubtgr.mexicocentral-01.azurewebsites.net\/wp-content\/uploads\/2025\/01\/ACRE-Ingles_2025-959x1024.jpg\" alt=\"\" width=\"800\" height=\"854\" srcset=\"\/centrodelenguas\/wp-content\/uploads\/2025\/01\/ACRE-Ingles_2025-959x1024.jpg 959w, \/centrodelenguas\/wp-content\/uploads\/2025\/01\/ACRE-Ingles_2025-281x300.jpg 281w, \/centrodelenguas\/wp-content\/uploads\/2025\/01\/ACRE-Ingles_2025-768x820.jpg 768w, \/centrodelenguas\/wp-content\/uploads\/2025\/01\/ACRE-Ingles_2025-1438x1536.jpg 1438w, \/centrodelenguas\/wp-content\/uploads\/2025\/01\/ACRE-Ingles_2025-200x214.jpg 200w, \/centrodelenguas\/wp-content\/uploads\/2025\/01\/ACRE-Ingles_2025.jpg 1600w\" sizes=\"(max-width: 800px) 100vw, 800px\" \/><\/p><\/div>\n\t\t\t\t<\/div>\n\t\t\t\t\t\t\t\t<\/div>\n\t\t\t\t\t\t<\/div>\n\t\t\t\t<\/div>\n\t\t\t\t<\/div>\n\t\t\t\t\t<\/div>\n\t\t\t\t<\/div>\n\t\t<div class=\"elementor-element elementor-element-db3e816 e-flex e-con-boxed e-con e-parent\" data-id=\"db3e816\" data-element_type=\"container\">\n\t\t\t\t\t<div class=\"e-con-inner\">\n\t\t\t\t<div class=\"elementor-element elementor-element-d5dbb66 elementor-widget elementor-widget-image\" data-id=\"d5dbb66\" data-element_type=\"widget\" data-widget_type=\"image.default\">\n\t\t\t\t<div class=\"elementor-widget-container\">\n\t\t\t\t\t\t\t\t\t\t\t\t\t\t\t<img decoding=\"async\" width=\"2560\" height=\"1440\" src=\"\/centrodelenguas\/wp-content\/uploads\/2024\/09\/CL_InfografiaAlumnos-scaled.jpg\" class=\"attachment-full size-full wp-image-937\" alt=\"\" srcset=\"\/centrodelenguas\/wp-content\/uploads\/2024\/09\/CL_InfografiaAlumnos-scaled.jpg 2560w, \/centrodelenguas\/wp-content\/uploads\/2024\/09\/CL_InfografiaAlumnos-300x169.jpg 300w, \/centrodelenguas\/wp-content\/uploads\/2024\/09\/CL_InfografiaAlumnos-1024x576.jpg 1024w, \/centrodelenguas\/wp-content\/uploads\/2024\/09\/CL_InfografiaAlumnos-768x432.jpg 768w, \/centrodelenguas\/wp-content\/uploads\/2024\/09\/CL_InfografiaAlumnos-1536x864.jpg 1536w, \/centrodelenguas\/wp-content\/uploads\/2024\/09\/CL_InfografiaAlumnos-2048x1152.jpg 2048w, \/centrodelenguas\/wp-content\/uploads\/2024\/09\/CL_InfografiaAlumnos-200x112.jpg 200w\" sizes=\"(max-width: 2560px) 100vw, 2560px\" \/>\t\t\t\t\t\t\t\t\t\t\t\t\t\t\t<\/div>\n\t\t\t\t<\/div>\n\t\t\t\t\t<\/div>\n\t\t\t\t<\/div>\n\t\t<div class=\"elementor-element elementor-element-c3bd8bb e-flex e-con-boxed e-con e-parent\" data-id=\"c3bd8bb\" data-element_type=\"container\" data-settings=\"{&quot;background_background&quot;:&quot;classic&quot;}\">\n\t\t\t\t\t<div class=\"e-con-inner\">\n\t\t\t\t<div class=\"elementor-element elementor-element-ab0d6fc elementor-widget elementor-widget-heading\" data-id=\"ab0d6fc\" data-element_type=\"widget\" data-widget_type=\"heading.default\">\n\t\t\t\t<div class=\"elementor-widget-container\">\n\t\t\t\t\t<h2 class=\"elementor-heading-title elementor-size-default\">\u00a1Ent\u00e9rate de las 4 maneras de cubrir este requisito!\n\n\n\n<\/h2>\t\t\t\t<\/div>\n\t\t\t\t<\/div>\n\t\t\t\t<div class=\"elementor-element elementor-element-db51f78 elementor-tabs-view-vertical elementor-widget elementor-widget-tabs\" data-id=\"db51f78\" data-element_type=\"widget\" data-widget_type=\"tabs.default\">\n\t\t\t\t<div class=\"elementor-widget-container\">\n\t\t\t\t\t\t\t<div class=\"elementor-tabs\">\n\t\t\t<div class=\"elementor-tabs-wrapper\" role=\"tablist\" >\n\t\t\t\t\t\t\t\t\t<div id=\"elementor-tab-title-2291\" class=\"elementor-tab-title elementor-tab-desktop-title\" aria-selected=\"true\" data-tab=\"1\" role=\"tab\" tabindex=\"0\" aria-controls=\"elementor-tab-content-2291\" aria-expanded=\"false\">Certificados para cubrir el requisito<\/div>\n\t\t\t\t\t\t\t\t\t<div id=\"elementor-tab-title-2292\" class=\"elementor-tab-title elementor-tab-desktop-title\" aria-selected=\"false\" data-tab=\"2\" role=\"tab\" tabindex=\"-1\" aria-controls=\"elementor-tab-content-2292\" aria-expanded=\"false\">Certificados para aprobar el nivel 5<\/div>\n\t\t\t\t\t\t\t\t\t<div id=\"elementor-tab-title-2293\" class=\"elementor-tab-title elementor-tab-desktop-title\" aria-selected=\"false\" data-tab=\"3\" role=\"tab\" tabindex=\"-1\" aria-controls=\"elementor-tab-content-2293\" aria-expanded=\"false\">Examen Alumnos de Nuevo Ingreso<\/div>\n\t\t\t\t\t\t\t\t\t<div id=\"elementor-tab-title-2294\" class=\"elementor-tab-title elementor-tab-desktop-title\" aria-selected=\"false\" data-tab=\"4\" role=\"tab\" tabindex=\"-1\" aria-controls=\"elementor-tab-content-2294\" aria-expanded=\"false\">Examen de Acreditaci\u00f3n (alumnos con avance de licenciatura)<\/div>\n\t\t\t\t\t\t\t\t\t<div id=\"elementor-tab-title-2295\" class=\"elementor-tab-title elementor-tab-desktop-title\" aria-selected=\"false\" data-tab=\"5\" role=\"tab\" tabindex=\"-1\" aria-controls=\"elementor-tab-content-2295\" aria-expanded=\"false\">Cursos del Centro de Lenguas<\/div>\n\t\t\t\t\t\t\t<\/div>\n\t\t\t<div class=\"elementor-tabs-content-wrapper\" role=\"tablist\" aria-orientation=\"vertical\">\n\t\t\t\t\t\t\t\t\t<div class=\"elementor-tab-title elementor-tab-mobile-title\" aria-selected=\"true\" data-tab=\"1\" role=\"tab\" tabindex=\"0\" aria-controls=\"elementor-tab-content-2291\" aria-expanded=\"false\">Certificados para cubrir el requisito<\/div>\n\t\t\t\t\t<div id=\"elementor-tab-content-2291\" class=\"elementor-tab-content elementor-clearfix\" data-tab=\"1\" role=\"tabpanel\" aria-labelledby=\"elementor-tab-title-2291\" tabindex=\"0\" hidden=\"false\"><p>Si tienes alguno de los siguientes certificados debes entregarlo antes de la Bienvenida e Integraci\u00f3n Universitaria en el Centro de Lenguas (BIU). An\u00e1huac Quer\u00e9taro revalida los siguientes certificados y puntajes:<\/p><p><strong><span style=\"color: #ff5900;\">Nota: <\/span><\/strong>Los certificados deben haber sido expedidos <strong>m\u00e1ximo 2 a\u00f1os<\/strong> antes de la fecha de entrega.<\/p><p><img loading=\"lazy\" decoding=\"async\" class=\"aligncenter wp-image-2660 size-large\" src=\"https:\/\/wp-centrodelenguas-prod-deeveaa9d5fubtgr.mexicocentral-01.azurewebsites.net\/wp-content\/uploads\/2025\/04\/Certificados-Ingles-6-959x1024.jpg\" alt=\"\" width=\"800\" height=\"854\" srcset=\"\/centrodelenguas\/wp-content\/uploads\/2025\/04\/Certificados-Ingles-6-959x1024.jpg 959w, \/centrodelenguas\/wp-content\/uploads\/2025\/04\/Certificados-Ingles-6-281x300.jpg 281w, \/centrodelenguas\/wp-content\/uploads\/2025\/04\/Certificados-Ingles-6-768x820.jpg 768w, \/centrodelenguas\/wp-content\/uploads\/2025\/04\/Certificados-Ingles-6-1438x1536.jpg 1438w, \/centrodelenguas\/wp-content\/uploads\/2025\/04\/Certificados-Ingles-6-200x214.jpg 200w, \/centrodelenguas\/wp-content\/uploads\/2025\/04\/Certificados-Ingles-6.jpg 1600w\" sizes=\"(max-width: 800px) 100vw, 800px\" \/><\/p><\/div>\n\t\t\t\t\t\t\t\t\t<div class=\"elementor-tab-title elementor-tab-mobile-title\" aria-selected=\"false\" data-tab=\"2\" role=\"tab\" tabindex=\"-1\" aria-controls=\"elementor-tab-content-2292\" aria-expanded=\"false\">Certificados para aprobar el nivel 5<\/div>\n\t\t\t\t\t<div id=\"elementor-tab-content-2292\" class=\"elementor-tab-content elementor-clearfix\" data-tab=\"2\" role=\"tabpanel\" aria-labelledby=\"elementor-tab-title-2292\" tabindex=\"0\" hidden=\"hidden\"><p>Si tienes alguno de los siguientes certificados debes entregarlo antes de la Bienvenida e Integraci\u00f3n Universitaria en el Centro de Lenguas (BIU).<br \/><em><strong>Recuerda que a\u00fan deber\u00e1s acreditar el nivel 6 antes del 60% de avance en tu licenciatura.<\/strong><\/em><\/p><p><strong><span style=\"color: #ff5900;\">Nota: <\/span><\/strong>Los certificados deben haber sido expedidos <strong>m\u00e1ximo 2 a\u00f1os<\/strong> antes de la fecha de entrega a la universidad.<\/p><p><img loading=\"lazy\" decoding=\"async\" class=\"aligncenter wp-image-2659 size-large\" src=\"https:\/\/wp-centrodelenguas-prod-deeveaa9d5fubtgr.mexicocentral-01.azurewebsites.net\/wp-content\/uploads\/2025\/04\/Certificados-Ingles-5-959x1024.jpg\" alt=\"\" width=\"800\" height=\"854\" srcset=\"\/centrodelenguas\/wp-content\/uploads\/2025\/04\/Certificados-Ingles-5-959x1024.jpg 959w, \/centrodelenguas\/wp-content\/uploads\/2025\/04\/Certificados-Ingles-5-281x300.jpg 281w, \/centrodelenguas\/wp-content\/uploads\/2025\/04\/Certificados-Ingles-5-768x820.jpg 768w, \/centrodelenguas\/wp-content\/uploads\/2025\/04\/Certificados-Ingles-5-1438x1536.jpg 1438w, \/centrodelenguas\/wp-content\/uploads\/2025\/04\/Certificados-Ingles-5-200x214.jpg 200w, \/centrodelenguas\/wp-content\/uploads\/2025\/04\/Certificados-Ingles-5.jpg 1600w\" sizes=\"(max-width: 800px) 100vw, 800px\" \/><\/p><\/div>\n\t\t\t\t\t\t\t\t\t<div class=\"elementor-tab-title elementor-tab-mobile-title\" aria-selected=\"false\" data-tab=\"3\" role=\"tab\" tabindex=\"-1\" aria-controls=\"elementor-tab-content-2293\" aria-expanded=\"false\">Examen Alumnos de Nuevo Ingreso<\/div>\n\t\t\t\t\t<div id=\"elementor-tab-content-2293\" class=\"elementor-tab-content elementor-clearfix\" data-tab=\"3\" role=\"tabpanel\" aria-labelledby=\"elementor-tab-title-2293\" tabindex=\"0\" hidden=\"hidden\"><p>Para presentarlo debes:<\/p><ol><li>Haber aprobado el Curso Proped\u00e9utico (si es que aplica).<\/li><li>Haber sido admitido y estar inscrito a la Universidad.<\/li><li>Agendar el examen en el medio que tu asesor o el Centro de Lenguas te haya enviado a tu correo (revisa tu spam)<\/li><\/ol><p><span style=\"color: #ff5900;\"><strong>Nota:<\/strong> <\/span>El examen de ingl\u00e9s para alumnos de Nuevo Ingreso no tiene costo si lo presentas <strong>antes de la Bienvenida de Integraci\u00f3n Universitaria (BIU)<\/strong>. Te recomendamos que descargues y leas el <a href=\"https:\/\/wp-centrodelenguas-prod-deeveaa9d5fubtgr.mexicocentral-01.azurewebsites.net\/descargables\/\"><strong>Reglamento de aplicaci\u00f3n de ex\u00e1menes<\/strong><\/a> de Centro de Lenguas.<\/p><\/div>\n\t\t\t\t\t\t\t\t\t<div class=\"elementor-tab-title elementor-tab-mobile-title\" aria-selected=\"false\" data-tab=\"4\" role=\"tab\" tabindex=\"-1\" aria-controls=\"elementor-tab-content-2294\" aria-expanded=\"false\">Examen de Acreditaci\u00f3n (alumnos con avance de licenciatura)<\/div>\n\t\t\t\t\t<div id=\"elementor-tab-content-2294\" class=\"elementor-tab-content elementor-clearfix\" data-tab=\"4\" role=\"tabpanel\" aria-labelledby=\"elementor-tab-title-2294\" tabindex=\"0\" hidden=\"hidden\"><p>El examen de acreditaci\u00f3n sirve para que intentes subir tu nivel obtenido en el examen de ubicaci\u00f3n, lo puedes presentar m\u00e1ximo <strong>dos veces por semestre, o dos veces por verano.<\/strong><br \/>Para presentarlo, debes:<\/p><p>Hacer el pago correspondiente en caja o en SIU.<br \/>Presentarte en el Centro de Lenguas y registrarte para el examen.<\/p><p><span style=\"color: #ff5900;\"><strong>Nota:<\/strong><\/span><br \/>&#8211; Puedes verificar el costo del examen en caja o en SIU.<br \/>&#8211; Debes llegar por lo menos 5 minutos antes de la hora indicada.<br \/>&#8211; Debes de llevar una identificaci\u00f3n oficial (INE o pasaporte, la licencia de conducir NO cuenta como identificaci\u00f3n oficial) y la credencial de la universidad.<br \/>&#8211; No puedes entrar al examen con ning\u00fan tipo de aparato electr\u00f3nico ni relojes de mano.<br \/>&#8211; El examen tiene una duraci\u00f3n aproximada de 2 horas.<br \/>&#8211; Los resultados del examen se te comparten dos d\u00edas h\u00e1biles despu\u00e9s de haber presentado el examen.<br \/>Te recomendamos que descargues y leas el\u00a0<a href=\"https:\/\/wp-centrodelenguas-prod-deeveaa9d5fubtgr.mexicocentral-01.azurewebsites.net\/descargables\/\" target=\"_blank\" rel=\"noopener\"><b>Reglamento de Ex\u00e1menes del Centro de Lenguas <\/b><\/a>antes de tu evaluaci\u00f3n.<\/p><p><img decoding=\"async\" class=\"aligncenter wp-image-2037 size-large\" src=\"https:\/\/wp-centrodelenguas-prod-deeveaa9d5fubtgr.mexicocentral-01.azurewebsites.net\/wp-content\/uploads\/2025\/01\/ACRE-Ingles_2025-959x1024.jpg\" alt=\"\" width=\"800\" height=\"854\" srcset=\"\/centrodelenguas\/wp-content\/uploads\/2025\/01\/ACRE-Ingles_2025-959x1024.jpg 959w, \/centrodelenguas\/wp-content\/uploads\/2025\/01\/ACRE-Ingles_2025-281x300.jpg 281w, \/centrodelenguas\/wp-content\/uploads\/2025\/01\/ACRE-Ingles_2025-768x820.jpg 768w, \/centrodelenguas\/wp-content\/uploads\/2025\/01\/ACRE-Ingles_2025-1438x1536.jpg 1438w, \/centrodelenguas\/wp-content\/uploads\/2025\/01\/ACRE-Ingles_2025-200x214.jpg 200w, \/centrodelenguas\/wp-content\/uploads\/2025\/01\/ACRE-Ingles_2025.jpg 1600w\" sizes=\"(max-width: 800px) 100vw, 800px\" \/><\/p><\/div>\n\t\t\t\t\t\t\t\t\t<div class=\"elementor-tab-title elementor-tab-mobile-title\" aria-selected=\"false\" data-tab=\"5\" role=\"tab\" tabindex=\"-1\" aria-controls=\"elementor-tab-content-2295\" aria-expanded=\"false\">Cursos del Centro de Lenguas<\/div>\n\t\t\t\t\t<div id=\"elementor-tab-content-2295\" class=\"elementor-tab-content elementor-clearfix\" data-tab=\"5\" role=\"tabpanel\" aria-labelledby=\"elementor-tab-title-2295\" tabindex=\"0\" hidden=\"hidden\"><p>Los cursos de ingl\u00e9s son semi-intensivos <strong>durante el semestre<\/strong>, tienen una duraci\u00f3n de 8 semanas, con clases de 1.5 horas diarias, en los d\u00edas de clase se\u00f1alados.<\/p><p>Los cursos son intensivos en el\u00a0<strong>verano,<\/strong>\u00a0por lo que tienen una duraci\u00f3n de 2.5 semanas, con clases de 5 horas diarias de lunes a viernes.<\/p><p>Te recordamos que los cursos para cubrir requisitos curriculares no te otorgan cr\u00e9ditos, no les aplica beca y no afectan a tu promedio.<\/p><p><span style=\"color: #ff5900;\"><strong>IMPORTANTE:<\/strong><\/span><br \/>La apertura de los cursos est\u00e1 sujeta a cupo m\u00ednimo.<\/p><p>Consulta los cursos disponibles en <a href=\"https:\/\/wp-centrodelenguas-prod-deeveaa9d5fubtgr.mexicocentral-01.azurewebsites.net\/oferta-academica\/\">OFERTA ACAD\u00c9MICA<\/a><\/p><\/div>\n\t\t\t\t\t\t\t<\/div>\n\t\t<\/div>\n\t\t\t\t\t\t<\/div>\n\t\t\t\t<\/div>\n\t\t\t\t\t<\/div>\n\t\t\t\t<\/div>\n\t\t\t\t<\/div>\n\t\t","protected":false},"excerpt":{"rendered":"<p>REQUISITO DE INGL\u00c9S Requisito de Ingl\u00e9s como segundo idioma Todos los alumnos de todas las Licenciaturas deben cubrirlo Si eres\u00a0 de nuevo ingreso debes estar ubicado en alg\u00fan nivel de ingl\u00e9s antes de la Bienvenida (BIU), o a m\u00e1s tardar dentro del primer mes de clases, en las fechas establecidas por el Centro de Lenguas. [&hellip;]<\/p>\n","protected":false},"author":3,"featured_media":0,"parent":0,"menu_order":0,"comment_status":"closed","ping_status":"closed","template":"","meta":{"footnotes":""},"class_list":["post-928","page","type-page","status-publish","hentry"],"_links":{"self":[{"href":"https:\/\/anahuacqro.edu.mx\/centrodelenguas\/wp-json\/wp\/v2\/pages\/928","targetHints":{"allow":["GET"]}}],"collection":[{"href":"https:\/\/anahuacqro.edu.mx\/centrodelenguas\/wp-json\/wp\/v2\/pages"}],"about":[{"href":"https:\/\/anahuacqro.edu.mx\/centrodelenguas\/wp-json\/wp\/v2\/types\/page"}],"author":[{"embeddable":true,"href":"https:\/\/anahuacqro.edu.mx\/centrodelenguas\/wp-json\/wp\/v2\/users\/3"}],"replies":[{"embeddable":true,"href":"https:\/\/anahuacqro.edu.mx\/centrodelenguas\/wp-json\/wp\/v2\/comments?post=928"}],"version-history":[{"count":212,"href":"https:\/\/anahuacqro.edu.mx\/centrodelenguas\/wp-json\/wp\/v2\/pages\/928\/revisions"}],"predecessor-version":[{"id":3367,"href":"https:\/\/anahuacqro.edu.mx\/centrodelenguas\/wp-json\/wp\/v2\/pages\/928\/revisions\/3367"}],"wp:attachment":[{"href":"https:\/\/anahuacqro.edu.mx\/centrodelenguas\/wp-json\/wp\/v2\/media?parent=928"}],"curies":[{"name":"wp","href":"https:\/\/api.w.org\/{rel}","templated":true}]}}