{"id":160,"date":"2026-02-12T19:31:48","date_gmt":"2026-02-12T19:31:48","guid":{"rendered":"https:\/\/anahuacqro.edu.mx\/economia-negocios\/?page_id=160"},"modified":"2026-04-22T23:40:31","modified_gmt":"2026-04-22T23:40:31","slug":"anahuac","status":"publish","type":"page","link":"https:\/\/anahuacqro.edu.mx\/economia-negocios\/anahuac\/","title":{"rendered":"AN\u00c1HUAC (plantilla)"},"content":{"rendered":"\t\t<div data-elementor-type=\"wp-page\" data-elementor-id=\"160\" class=\"elementor elementor-160\" data-elementor-post-type=\"page\">\n\t\t\t\t\t\t<section class=\"elementor-section elementor-top-section elementor-element elementor-element-be3c3fb elementor-section-boxed elementor-section-height-default elementor-section-height-default\" data-id=\"be3c3fb\" data-element_type=\"section\" data-e-type=\"section\" data-settings=\"{&quot;background_background&quot;:&quot;classic&quot;}\">\n\t\t\t\t\t\t<div class=\"elementor-container elementor-column-gap-default\">\n\t\t\t\t\t<div class=\"elementor-column elementor-col-100 elementor-top-column elementor-element elementor-element-416d3f7\" data-id=\"416d3f7\" data-element_type=\"column\" data-e-type=\"column\">\n\t\t\t<div class=\"elementor-widget-wrap elementor-element-populated\">\n\t\t\t\t\t\t<div class=\"elementor-element elementor-element-1d8039c elementor-widget elementor-widget-heading\" data-id=\"1d8039c\" data-element_type=\"widget\" data-e-type=\"widget\" data-widget_type=\"heading.default\">\n\t\t\t\t\t<h2 class=\"elementor-heading-title elementor-size-default\">- Econom\u00eda y Negocios -<\/h2>\t\t\t\t<\/div>\n\t\t\t\t<div class=\"elementor-element elementor-element-9eeeaf0 elementor-widget elementor-widget-heading\" data-id=\"9eeeaf0\" data-element_type=\"widget\" data-e-type=\"widget\" data-widget_type=\"heading.default\">\n\t\t\t\t\t<h1 class=\"elementor-heading-title elementor-size-default\">INVESTIGACI\u00d3N<\/h1>\t\t\t\t<\/div>\n\t\t\t\t\t<\/div>\n\t\t<\/div>\n\t\t\t\t\t<\/div>\n\t\t<\/section>\n\t\t<div class=\"elementor-element elementor-element-3a191e0 e-flex e-con-boxed e-con e-parent\" data-id=\"3a191e0\" data-element_type=\"container\" data-e-type=\"container\" data-settings=\"{&quot;background_background&quot;:&quot;classic&quot;}\">\n\t\t\t\t\t<div class=\"e-con-inner\">\n\t\t<div class=\"elementor-element elementor-element-cc6874f e-con-full e-flex e-con e-child\" data-id=\"cc6874f\" data-element_type=\"container\" data-e-type=\"container\">\n\t\t\t\t<div class=\"elementor-element elementor-element-9024d84 elementor-widget elementor-widget-image\" data-id=\"9024d84\" data-element_type=\"widget\" data-e-type=\"widget\" data-widget_type=\"image.default\">\n\t\t\t\t\t\t\t\t\t\t\t\t\t\t\t<img fetchpriority=\"high\" decoding=\"async\" width=\"600\" height=\"520\" src=\"https:\/\/anahuacqro.edu.mx\/economia-negocios\/wp-content\/uploads\/2026\/02\/invest_2025.jpg\" class=\"attachment-large size-large wp-image-163\" alt=\"\" srcset=\"https:\/\/anahuacqro.edu.mx\/economia-negocios\/wp-content\/uploads\/2026\/02\/invest_2025.jpg 600w, https:\/\/anahuacqro.edu.mx\/economia-negocios\/wp-content\/uploads\/2026\/02\/invest_2025-300x260.jpg 300w\" sizes=\"(max-width: 600px) 100vw, 600px\" \/>\t\t\t\t\t\t\t\t\t\t\t\t\t\t\t<\/div>\n\t\t\t\t<\/div>\n\t\t<div class=\"elementor-element elementor-element-45f9702 e-con-full e-flex e-con e-child\" data-id=\"45f9702\" data-element_type=\"container\" data-e-type=\"container\">\n\t\t<div class=\"elementor-element elementor-element-968c9af e-con-full e-flex e-con e-child\" data-id=\"968c9af\" data-element_type=\"container\" data-e-type=\"container\">\n\t\t\t\t<div class=\"elementor-element elementor-element-597b45c elementor-widget elementor-widget-heading\" data-id=\"597b45c\" data-element_type=\"widget\" data-e-type=\"widget\" data-widget_type=\"heading.default\">\n\t\t\t\t\t<h2 class=\"elementor-heading-title elementor-size-default\">Econom\u00eda y Negocios<\/h2>\t\t\t\t<\/div>\n\t\t\t\t<div class=\"elementor-element elementor-element-4dae8df elementor-widget elementor-widget-heading\" data-id=\"4dae8df\" data-element_type=\"widget\" data-e-type=\"widget\" data-widget_type=\"heading.default\">\n\t\t\t\t\t<h1 class=\"elementor-heading-title elementor-size-default\">Con\u00f3cenos:\n<\/h1>\t\t\t\t<\/div>\n\t\t\t\t<div class=\"elementor-element elementor-element-eb4ef75 elementor-widget elementor-widget-text-editor\" data-id=\"eb4ef75\" data-element_type=\"widget\" data-e-type=\"widget\" data-widget_type=\"text-editor.default\">\n\t\t\t\t\t\t\t\t\t<p>Somos una instituci\u00f3n de educaci\u00f3n superior que est\u00e1 en b\u00fasqueda constante de la verdad y el bien, con la misi\u00f3n de la formaci\u00f3n integral de personas que ejerzan su liderazgo y contribuyan a la transformaci\u00f3n cristiana de la sociedad y de la cultura.<\/p><p>Nuestro Lema <strong>VINCE IN BONO<\/strong> MALUM \u201cVence al mal con el bien\u201d, es recuperado de la carta de San Pablo a los Romanos (12-21) y es la s\u00edntesis de nuestra filosof\u00eda educativa.<\/p>\t\t\t\t\t\t\t\t<\/div>\n\t\t\t\t<div class=\"elementor-element elementor-element-956df79 elementor-widget elementor-widget-button\" data-id=\"956df79\" data-element_type=\"widget\" data-e-type=\"widget\" data-widget_type=\"button.default\">\n\t\t\t\t\t\t\t\t\t\t<a class=\"elementor-button elementor-button-link elementor-size-sm\" href=\"https:\/\/www.anahuac.mx\/queretaro\/nosotros\">\n\t\t\t\t\t\t<span class=\"elementor-button-content-wrapper\">\n\t\t\t\t\t\t\t\t\t<span class=\"elementor-button-text\">Ver m\u00e1s...<\/span>\n\t\t\t\t\t<\/span>\n\t\t\t\t\t<\/a>\n\t\t\t\t\t\t\t\t<\/div>\n\t\t\t\t<\/div>\n\t\t\t\t<\/div>\n\t\t\t\t\t<\/div>\n\t\t\t\t<\/div>\n\t\t<div class=\"elementor-element elementor-element-f9ef93b e-flex e-con-boxed e-con e-parent\" data-id=\"f9ef93b\" data-element_type=\"container\" data-e-type=\"container\" data-settings=\"{&quot;background_background&quot;:&quot;classic&quot;}\">\n\t\t\t\t\t<div class=\"e-con-inner\">\n\t\t\t\t<div class=\"elementor-element elementor-element-566b33c elementor-widget elementor-widget-heading\" data-id=\"566b33c\" data-element_type=\"widget\" data-e-type=\"widget\" data-widget_type=\"heading.default\">\n\t\t\t\t\t<h2 class=\"elementor-heading-title elementor-size-default\">- Econom\u00eda y Negocios  -<\/h2>\t\t\t\t<\/div>\n\t\t\t\t<div class=\"elementor-element elementor-element-39fa3b2 elementor-widget elementor-widget-heading\" data-id=\"39fa3b2\" data-element_type=\"widget\" data-e-type=\"widget\" data-widget_type=\"heading.default\">\n\t\t\t\t\t<h1 class=\"elementor-heading-title elementor-size-default\">Identidad An\u00e1huac\n<\/h1>\t\t\t\t<\/div>\n\t\t\t\t<div class=\"elementor-element elementor-element-a438ee1 elementor-widget__width-initial elementor-widget elementor-widget-text-editor\" data-id=\"a438ee1\" data-element_type=\"widget\" data-e-type=\"widget\" data-widget_type=\"text-editor.default\">\n\t\t\t\t\t\t\t\t\t<p>Somos una instituci\u00f3n de educaci\u00f3n superior que est\u00e1 en b\u00fasqueda constante de la verdad y el bien, con la misi\u00f3n de la formaci\u00f3n integral de personas que ejerzan su liderazgo y contribuyan a la transformaci\u00f3n cristiana de la sociedad y de la cultura.<\/p><p>Nuestro Lema <strong>VINCE IN BONO<\/strong> MALUM \u201cVence al mal con el bien\u201d, es recuperado de la carta de San Pablo a los Romanos (12-21) y es la s\u00edntesis de nuestra filosof\u00eda educativa.<\/p>\t\t\t\t\t\t\t\t<\/div>\n\t\t\t\t<div class=\"elementor-element elementor-element-ee600f1 elementor-widget elementor-widget-image\" data-id=\"ee600f1\" data-element_type=\"widget\" data-e-type=\"widget\" data-widget_type=\"image.default\">\n\t\t\t\t\t\t\t\t\t\t\t\t\t\t\t<img decoding=\"async\" width=\"450\" height=\"450\" src=\"https:\/\/anahuacqro.edu.mx\/economia-negocios\/wp-content\/uploads\/2026\/04\/checklist_grey.gif\" class=\"attachment-large size-large wp-image-345\" alt=\"\" \/>\t\t\t\t\t\t\t\t\t\t\t\t\t\t\t<\/div>\n\t\t\t\t\t<\/div>\n\t\t\t\t<\/div>\n\t\t\t\t<\/div>\n\t\t","protected":false},"excerpt":{"rendered":"<p>&#8211; Econom\u00eda y Negocios &#8211; INVESTIGACI\u00d3N Econom\u00eda y Negocios Con\u00f3cenos: Somos una instituci\u00f3n de educaci\u00f3n superior que est\u00e1 en b\u00fasqueda constante de la verdad y el bien, con la misi\u00f3n de la formaci\u00f3n integral de personas que ejerzan su liderazgo y contribuyan a la transformaci\u00f3n cristiana de la sociedad y de la cultura. Nuestro Lema [&hellip;]<\/p>\n","protected":false},"author":2,"featured_media":0,"parent":0,"menu_order":0,"comment_status":"closed","ping_status":"closed","template":"","meta":{"footnotes":""},"class_list":["post-160","page","type-page","status-publish","hentry"],"_links":{"self":[{"href":"https:\/\/anahuacqro.edu.mx\/economia-negocios\/wp-json\/wp\/v2\/pages\/160","targetHints":{"allow":["GET"]}}],"collection":[{"href":"https:\/\/anahuacqro.edu.mx\/economia-negocios\/wp-json\/wp\/v2\/pages"}],"about":[{"href":"https:\/\/anahuacqro.edu.mx\/economia-negocios\/wp-json\/wp\/v2\/types\/page"}],"author":[{"embeddable":true,"href":"https:\/\/anahuacqro.edu.mx\/economia-negocios\/wp-json\/wp\/v2\/users\/2"}],"replies":[{"embeddable":true,"href":"https:\/\/anahuacqro.edu.mx\/economia-negocios\/wp-json\/wp\/v2\/comments?post=160"}],"version-history":[{"count":29,"href":"https:\/\/anahuacqro.edu.mx\/economia-negocios\/wp-json\/wp\/v2\/pages\/160\/revisions"}],"predecessor-version":[{"id":397,"href":"https:\/\/anahuacqro.edu.mx\/economia-negocios\/wp-json\/wp\/v2\/pages\/160\/revisions\/397"}],"wp:attachment":[{"href":"https:\/\/anahuacqro.edu.mx\/economia-negocios\/wp-json\/wp\/v2\/media?parent=160"}],"curies":[{"name":"wp","href":"https:\/\/api.w.org\/{rel}","templated":true}]}}