{"id":699,"date":"2017-01-02T08:28:52","date_gmt":"2017-01-02T08:28:52","guid":{"rendered":"https:\/\/demo.themegrill.com\/flash-default-2\/?page_id=5"},"modified":"2021-05-04T17:59:36","modified_gmt":"2021-05-04T17:59:36","slug":"home","status":"publish","type":"page","link":"https:\/\/anahuacqro.edu.mx\/escuela-comunicacion\/","title":{"rendered":"Home"},"content":{"rendered":"<div id=\"pl-699\"  class=\"panel-layout\" ><div id=\"pg-699-0\"  class=\"panel-grid panel-has-style\" ><div class=\"siteorigin-panels-stretch panel-row-style panel-row-style-for-699-0\" data-stretch-type=\"full-stretched\" ><div id=\"pgc-699-0-0\"  class=\"panel-grid-cell\" ><div id=\"panel-699-0-0-0\" class=\"so-panel widget widget_themegrill_flash_slider tg-section tg-slider-widget panel-first-child panel-last-child\" data-index=\"0\" ><div class=\"tg-slider-widget slider-light slider-content-center slider-control-center full-width\">\n\t<div class=\"swiper-container\">\n\t\t<div class=\"swiper-wrapper\">\n\t\t\t\n\t\t\t\t\t<div class=\"swiper-slide\">\n\t\t\t\t\t\t<figure class=\"slider-image\" >\n\t\t\t\t\t\t\t<img width=\"1800\" height=\"600\"\t\t\t\t\t\t\t\t\tsrc=\"https:\/\/anahuacqro.edu.mx\/escuela-comunicacion\/wp-content\/uploads\/2021\/04\/banner_home_comu.jpg\"\n\t\t\t\t\t\t\t\t\talt=\"\"\n\t\t\t\t\t\t\t\t\ttitle=\"\"\/>\n\t\t\t\t\t\t\t<div class=\"overlay\"><\/div>\n\t\t\t\t\t\t<\/figure>\n\t\t\t\t\t\t<div class=\"slider-content\">\n\t\t\t\t\t\t\t<div class=\"tg-container\">\n\t\t\t\t\t\t\t\t<div class=\"caption-title\"><\/div>\n\t\t\t\t\t\t\t\t<div class=\"caption-desc\"><\/div>\n\t\t\t\t\t\t\t\t\t\t\t\t\t\t\t<\/div>\n\t\t\t\t\t\t<\/div>\n\t\t\t\t\t<\/div>\n\n\t\t\t\t\n\t\t\t\t\t<div class=\"swiper-slide\">\n\t\t\t\t\t\t<figure class=\"slider-image\" >\n\t\t\t\t\t\t\t<img width=\"2560\" height=\"855\"\t\t\t\t\t\t\t\t\tsrc=\"https:\/\/anahuacqro.edu.mx\/escuela-comunicacion\/wp-content\/uploads\/2021\/05\/15AnahuacQueretaro-scaled.jpg\"\n\t\t\t\t\t\t\t\t\talt=\"\"\n\t\t\t\t\t\t\t\t\ttitle=\"\"\/>\n\t\t\t\t\t\t\t<div class=\"overlay\"><\/div>\n\t\t\t\t\t\t<\/figure>\n\t\t\t\t\t\t<div class=\"slider-content\">\n\t\t\t\t\t\t\t<div class=\"tg-container\">\n\t\t\t\t\t\t\t\t<div class=\"caption-title\"><\/div>\n\t\t\t\t\t\t\t\t<div class=\"caption-desc\"><\/div>\n\t\t\t\t\t\t\t\t\t\t\t\t\t\t\t<\/div>\n\t\t\t\t\t\t<\/div>\n\t\t\t\t\t<\/div>\n\n\t\t\t\t\n\t\t\t\t\t<div class=\"swiper-slide\">\n\t\t\t\t\t\t<figure class=\"slider-image\" >\n\t\t\t\t\t\t\t<img width=\"2560\" height=\"854\"\t\t\t\t\t\t\t\t\tsrc=\"https:\/\/anahuacqro.edu.mx\/escuela-comunicacion\/wp-content\/uploads\/2021\/04\/1800x600_OfertaAcade\u0301mica-scaled.jpg\"\n\t\t\t\t\t\t\t\t\talt=\"\"\n\t\t\t\t\t\t\t\t\ttitle=\"\"\/>\n\t\t\t\t\t\t\t<div class=\"overlay\"><\/div>\n\t\t\t\t\t\t<\/figure>\n\t\t\t\t\t\t<div class=\"slider-content\">\n\t\t\t\t\t\t\t<div class=\"tg-container\">\n\t\t\t\t\t\t\t\t<div class=\"caption-title\"><\/div>\n\t\t\t\t\t\t\t\t<div class=\"caption-desc\"><\/div>\n\t\t\t\t\t\t\t\t\t\t\t\t\t\t\t<\/div>\n\t\t\t\t\t\t<\/div>\n\t\t\t\t\t<\/div>\n\n\t\t\t\t\t\t<\/div>\n\t\t<div class=\"swiper-pagination\"><\/div>\n\t\t<div class=\"slider-arrow\">\n\t\t\t<div class=\"swiper-button-next\"><\/div>\n\t\t\t<div class=\"swiper-button-prev\"><\/div>\n\t\t<\/div>\n\t<\/div>\n<\/div>\n<\/div><\/div><\/div><\/div><div id=\"pg-699-1\"  class=\"panel-grid panel-no-style\" ><div id=\"pgc-699-1-0\"  class=\"panel-grid-cell panel-grid-cell-empty\" ><\/div><div id=\"pgc-699-1-1\"  class=\"panel-grid-cell panel-grid-cell-mobile-last\" ><div id=\"panel-699-1-1-0\" class=\"widget_text so-panel widget widget_custom_html panel-first-child\" data-index=\"1\" ><div class=\"textwidget custom-html-widget\"><br><\/div><\/div><div id=\"panel-699-1-1-1\" class=\"so-panel widget widget_themegrill_flash_heading tg-widget section-title-wrapper\" data-index=\"2\" ><div class=\"flash_inherit_color panel-widget-style panel-widget-style-for-699-1-1-1\" >\t<h3 class=\"section-title\">\u201cLos l\u00edderes exitosos ven oportunidades en cada dificultad, en lugar de dificultades en cada oportunidad\u201d<\/h3>\n\t<div class=\"section-description\">Reed Markham<\/div>\n<\/div><\/div><div id=\"panel-699-1-1-2\" class=\"widget_text so-panel widget widget_custom_html panel-last-child\" data-index=\"3\" ><div class=\"textwidget custom-html-widget\"><br><\/div><\/div><\/div><div id=\"pgc-699-1-2\"  class=\"panel-grid-cell panel-grid-cell-empty\" ><\/div><\/div><div id=\"pg-699-2\"  class=\"panel-grid panel-no-style\" ><div id=\"pgc-699-2-0\"  class=\"panel-grid-cell\" ><div id=\"panel-699-2-0-0\" class=\"so-panel widget widget_themegrill_flash_heading tg-widget section-title-wrapper panel-first-child\" data-index=\"4\" ><div class=\"flash_inherit_color panel-widget-style panel-widget-style-for-699-2-0-0\" >\t<h3 class=\"section-title\">Trayectos<\/h3>\n<\/div><\/div><div id=\"panel-699-2-0-1\" class=\"so-panel widget widget_themegrill_flash_blog tg-widget blog-section\" data-index=\"5\" >\n<div class=\"blog-wrapper tg-column-wrapper tg-blog-widget-layout-2\">\n\t\t<div class=\"tg-blog-widget tg-column-3\">\n\t\t\t\t<div class=\"post-image \">\n\t\t\t<figure><a href=\"https:\/\/anahuacqro.edu.mx\/escuela-comunicacion\/2021\/05\/04\/webinar-gestion-de-medios-para-el-liderazgo-politico\/\" title=\"Webinar &#8211; Gesti\u00f3n de medios para el liderazgo pol\u00edtico\"><img loading=\"lazy\" decoding=\"async\" width=\"370\" height=\"270\" src=\"https:\/\/anahuacqro.edu.mx\/escuela-comunicacion\/wp-content\/uploads\/2021\/05\/Screenshot_2021-05-04-PRODUCCIONES-Image4-370x270.png\" class=\"attachment-flash-grid size-flash-grid wp-post-image\" alt=\"\" \/><\/a><\/figure>\t\t\t<span class=\"entry-date\">\n\t\t\t\t<i class=\"fa fa-clock-o\"><\/i><a href=\"https:\/\/anahuacqro.edu.mx\/escuela-comunicacion\/2021\/05\/04\/webinar-gestion-de-medios-para-el-liderazgo-politico\/\" rel=\"bookmark\">May 4, 2021<\/a>\n\t\t\t<\/span>\n\t\t\t\t\t<\/div>\n\t\t<div class=\"blog-content\">\n\t\t\t<h3 class=\"entry-title\"><a href=\"https:\/\/anahuacqro.edu.mx\/escuela-comunicacion\/2021\/05\/04\/webinar-gestion-de-medios-para-el-liderazgo-politico\/\">Webinar &#8211; Gesti\u00f3n de medios para el liderazgo pol\u00edtico<\/a><\/h3>\n\t\t\t\t\t\t<div class=\"entry-summary\">\n\t\t\t\t<p>Direcci\u00f3n de Posgrados y la Escuela de Comunicaci\u00f3n y Direcci\u00f3n de Empresas de Entretenimiento le invitan al webinar&#8220;Gesti\u00f3n de medios [&hellip;]<\/p>\n\t\t\t<\/div>\n\t\t\t\t\t\t<div class=\"read-more-container\">\n\t\t\t\t<span class=\"entry-author\">\n\t\t\t\t\t<i class=\"fa fa-user\"><\/i><a class=\"url fn n\" href=\"https:\/\/anahuacqro.edu.mx\/escuela-comunicacion\/author\/admin_ecom\/\">admin_ecom<\/a>\n\t\t\t\t<\/span>\n\t\t\t\t<div class=\"read-more\">\n\t\t\t\t\t<a href=\"https:\/\/anahuacqro.edu.mx\/escuela-comunicacion\/2021\/05\/04\/webinar-gestion-de-medios-para-el-liderazgo-politico\/\">Read More<\/a>\n\t\t\t\t<\/div>\n\t\t\t<\/div>\n\t\t\t\t\t<\/div>\n\t<\/div>\n\t\t<div class=\"tg-blog-widget tg-column-3\">\n\t\t\t\t<div class=\"post-image \">\n\t\t\t<figure><a href=\"https:\/\/anahuacqro.edu.mx\/escuela-comunicacion\/2021\/05\/04\/comunicado-oficial-agosto-2020\/\" title=\"Comunicado oficial agosto 2020\"><img loading=\"lazy\" decoding=\"async\" width=\"370\" height=\"270\" src=\"https:\/\/anahuacqro.edu.mx\/escuela-comunicacion\/wp-content\/uploads\/2021\/05\/Screenshot_2021-05-04-PRODUCCIONES-Image3-370x270.png\" class=\"attachment-flash-grid size-flash-grid wp-post-image\" alt=\"\" \/><\/a><\/figure>\t\t\t<span class=\"entry-date\">\n\t\t\t\t<i class=\"fa fa-clock-o\"><\/i><a href=\"https:\/\/anahuacqro.edu.mx\/escuela-comunicacion\/2021\/05\/04\/comunicado-oficial-agosto-2020\/\" rel=\"bookmark\">May 4, 2021<\/a>\n\t\t\t<\/span>\n\t\t\t\t\t<\/div>\n\t\t<div class=\"blog-content\">\n\t\t\t<h3 class=\"entry-title\"><a href=\"https:\/\/anahuacqro.edu.mx\/escuela-comunicacion\/2021\/05\/04\/comunicado-oficial-agosto-2020\/\">Comunicado oficial agosto 2020<\/a><\/h3>\n\t\t\t\t\t\t<div class=\"entry-summary\">\n\t\t\t\t<p>Estas ser\u00e1n las medidas que tomar\u00e1 la universidad debido a la pandemia COVID-19. Las puedes conocer nuestro Programa de Acci\u00f3n [&hellip;]<\/p>\n\t\t\t<\/div>\n\t\t\t\t\t\t<div class=\"read-more-container\">\n\t\t\t\t<span class=\"entry-author\">\n\t\t\t\t\t<i class=\"fa fa-user\"><\/i><a class=\"url fn n\" href=\"https:\/\/anahuacqro.edu.mx\/escuela-comunicacion\/author\/admin_ecom\/\">admin_ecom<\/a>\n\t\t\t\t<\/span>\n\t\t\t\t<div class=\"read-more\">\n\t\t\t\t\t<a href=\"https:\/\/anahuacqro.edu.mx\/escuela-comunicacion\/2021\/05\/04\/comunicado-oficial-agosto-2020\/\">Read More<\/a>\n\t\t\t\t<\/div>\n\t\t\t<\/div>\n\t\t\t\t\t<\/div>\n\t<\/div>\n\t\t<div class=\"tg-blog-widget tg-column-3\">\n\t\t\t\t<div class=\"post-image \">\n\t\t\t<figure><a href=\"https:\/\/anahuacqro.edu.mx\/escuela-comunicacion\/2021\/05\/04\/proceso-de-animacion-en-madagascar-y-shrek\/\" title=\"Proceso de animaci\u00f3n en Madagascar y Shrek\"><img loading=\"lazy\" decoding=\"async\" width=\"370\" height=\"270\" src=\"https:\/\/anahuacqro.edu.mx\/escuela-comunicacion\/wp-content\/uploads\/2021\/05\/Screenshot_2021-05-04-PRODUCCIONES-Image1-370x270.png\" class=\"attachment-flash-grid size-flash-grid wp-post-image\" alt=\"\" \/><\/a><\/figure>\t\t\t<span class=\"entry-date\">\n\t\t\t\t<i class=\"fa fa-clock-o\"><\/i><a href=\"https:\/\/anahuacqro.edu.mx\/escuela-comunicacion\/2021\/05\/04\/proceso-de-animacion-en-madagascar-y-shrek\/\" rel=\"bookmark\">May 4, 2021<\/a>\n\t\t\t<\/span>\n\t\t\t\t\t<\/div>\n\t\t<div class=\"blog-content\">\n\t\t\t<h3 class=\"entry-title\"><a href=\"https:\/\/anahuacqro.edu.mx\/escuela-comunicacion\/2021\/05\/04\/proceso-de-animacion-en-madagascar-y-shrek\/\">Proceso de animaci\u00f3n en Madagascar y Shrek<\/a><\/h3>\n\t\t\t\t\t\t<div class=\"entry-summary\">\n\t\t\t\t<p>\u00bfAlguna vez te has preguntado c\u00f3mo se hacen las pel\u00edculas como Shrek y Madagascar? Enrique Navarrete nos platicar\u00e1 en este [&hellip;]<\/p>\n\t\t\t<\/div>\n\t\t\t\t\t\t<div class=\"read-more-container\">\n\t\t\t\t<span class=\"entry-author\">\n\t\t\t\t\t<i class=\"fa fa-user\"><\/i><a class=\"url fn n\" href=\"https:\/\/anahuacqro.edu.mx\/escuela-comunicacion\/author\/admin_ecom\/\">admin_ecom<\/a>\n\t\t\t\t<\/span>\n\t\t\t\t<div class=\"read-more\">\n\t\t\t\t\t<a href=\"https:\/\/anahuacqro.edu.mx\/escuela-comunicacion\/2021\/05\/04\/proceso-de-animacion-en-madagascar-y-shrek\/\">Read More<\/a>\n\t\t\t\t<\/div>\n\t\t\t<\/div>\n\t\t\t\t\t<\/div>\n\t<\/div>\n\t<\/div><!-- .blog-wrapper -->\n<\/div><div id=\"panel-699-2-0-2\" class=\"widget_text so-panel widget widget_custom_html panel-last-child\" data-index=\"6\" ><div class=\"textwidget custom-html-widget\"><br><\/div><\/div><\/div><\/div><div id=\"pg-699-3\"  class=\"panel-grid panel-no-style\" ><div id=\"pgc-699-3-0\"  class=\"panel-grid-cell\" ><div id=\"panel-699-3-0-0\" class=\"so-panel widget widget_themegrill_flash_heading tg-widget section-title-wrapper panel-first-child\" data-index=\"7\" ><div class=\"flash_inherit_color panel-widget-style panel-widget-style-for-699-3-0-0\" >\t<h3 class=\"section-title\">Voces<\/h3>\n<\/div><\/div><div id=\"panel-699-3-0-1\" class=\"so-panel widget widget_themegrill_flash_blog tg-widget blog-section\" data-index=\"8\" >\n<div class=\"blog-wrapper tg-column-wrapper tg-blog-widget-layout-2\">\n\t\t<div class=\"tg-blog-widget tg-column-3\">\n\t\t\t\t<div class=\"post-image \">\n\t\t\t<figure><a href=\"https:\/\/anahuacqro.edu.mx\/escuela-comunicacion\/2021\/05\/04\/despedida\/\" title=\"Despedida\"><img loading=\"lazy\" decoding=\"async\" width=\"134\" height=\"75\" src=\"https:\/\/anahuacqro.edu.mx\/escuela-comunicacion\/wp-content\/uploads\/2021\/05\/Screenshot_2021-05-04-PRODUCCIONES-Image10.png\" class=\"attachment-flash-grid size-flash-grid wp-post-image\" alt=\"\" \/><\/a><\/figure>\t\t\t<span class=\"entry-date\">\n\t\t\t\t<i class=\"fa fa-clock-o\"><\/i><a href=\"https:\/\/anahuacqro.edu.mx\/escuela-comunicacion\/2021\/05\/04\/despedida\/\" rel=\"bookmark\">May 4, 2021<\/a>\n\t\t\t<\/span>\n\t\t\t\t\t<\/div>\n\t\t<div class=\"blog-content\">\n\t\t\t<h3 class=\"entry-title\"><a href=\"https:\/\/anahuacqro.edu.mx\/escuela-comunicacion\/2021\/05\/04\/despedida\/\">Despedida<\/a><\/h3>\n\t\t\t\t\t\t<div class=\"entry-summary\">\n\t\t\t\t<p>Paulina Larrinua, alumna de la Escuela de Comunicaci\u00f3n, nos comparte su poema &#8220;Despedida&#8221;.<\/p>\n\t\t\t<\/div>\n\t\t\t\t\t\t<div class=\"read-more-container\">\n\t\t\t\t<span class=\"entry-author\">\n\t\t\t\t\t<i class=\"fa fa-user\"><\/i><a class=\"url fn n\" href=\"https:\/\/anahuacqro.edu.mx\/escuela-comunicacion\/author\/admin_ecom\/\">admin_ecom<\/a>\n\t\t\t\t<\/span>\n\t\t\t\t<div class=\"read-more\">\n\t\t\t\t\t<a href=\"https:\/\/anahuacqro.edu.mx\/escuela-comunicacion\/2021\/05\/04\/despedida\/\">Read More<\/a>\n\t\t\t\t<\/div>\n\t\t\t<\/div>\n\t\t\t\t\t<\/div>\n\t<\/div>\n\t\t<div class=\"tg-blog-widget tg-column-3\">\n\t\t\t\t<div class=\"post-image \">\n\t\t\t<figure><a href=\"https:\/\/anahuacqro.edu.mx\/escuela-comunicacion\/2021\/05\/04\/relatos-salvajes\/\" title=\"Relatos Salvajes\"><img loading=\"lazy\" decoding=\"async\" width=\"134\" height=\"89\" src=\"https:\/\/anahuacqro.edu.mx\/escuela-comunicacion\/wp-content\/uploads\/2021\/05\/Screenshot_2021-05-04-PRODUCCIONES-Image8.png\" class=\"attachment-flash-grid size-flash-grid wp-post-image\" alt=\"\" \/><\/a><\/figure>\t\t\t<span class=\"entry-date\">\n\t\t\t\t<i class=\"fa fa-clock-o\"><\/i><a href=\"https:\/\/anahuacqro.edu.mx\/escuela-comunicacion\/2021\/05\/04\/relatos-salvajes\/\" rel=\"bookmark\">May 4, 2021<\/a>\n\t\t\t<\/span>\n\t\t\t\t\t<\/div>\n\t\t<div class=\"blog-content\">\n\t\t\t<h3 class=\"entry-title\"><a href=\"https:\/\/anahuacqro.edu.mx\/escuela-comunicacion\/2021\/05\/04\/relatos-salvajes\/\">Relatos Salvajes<\/a><\/h3>\n\t\t\t\t\t\t<div class=\"entry-summary\">\n\t\t\t\t<p>Juan Pablo Lagunes, de la Licenciatura en Comunicaci\u00f3n, nos habla en su &#8220;Diario de Pel\u00edculas&#8221; del filme &#8220;Relatos Salvajes&#8221;, producci\u00f3n [&hellip;]<\/p>\n\t\t\t<\/div>\n\t\t\t\t\t\t<div class=\"read-more-container\">\n\t\t\t\t<span class=\"entry-author\">\n\t\t\t\t\t<i class=\"fa fa-user\"><\/i><a class=\"url fn n\" href=\"https:\/\/anahuacqro.edu.mx\/escuela-comunicacion\/author\/admin_ecom\/\">admin_ecom<\/a>\n\t\t\t\t<\/span>\n\t\t\t\t<div class=\"read-more\">\n\t\t\t\t\t<a href=\"https:\/\/anahuacqro.edu.mx\/escuela-comunicacion\/2021\/05\/04\/relatos-salvajes\/\">Read More<\/a>\n\t\t\t\t<\/div>\n\t\t\t<\/div>\n\t\t\t\t\t<\/div>\n\t<\/div>\n\t\t<div class=\"tg-blog-widget tg-column-3\">\n\t\t\t\t<div class=\"post-image \">\n\t\t\t<figure><a href=\"https:\/\/anahuacqro.edu.mx\/escuela-comunicacion\/2020\/07\/07\/museos-imperdibles-en-mexico-colombia-y-argentina\/\" title=\"Museos imperdibles en M\u00e9xico, Colombia y Argentina\"><img loading=\"lazy\" decoding=\"async\" width=\"370\" height=\"270\" src=\"https:\/\/anahuacqro.edu.mx\/escuela-comunicacion\/wp-content\/uploads\/2021\/05\/Screenshot_2021-05-04-PRODUCCIONES-Image-370x270.png\" class=\"attachment-flash-grid size-flash-grid wp-post-image\" alt=\"\" \/><\/a><\/figure>\t\t\t<span class=\"entry-date\">\n\t\t\t\t<i class=\"fa fa-clock-o\"><\/i><a href=\"https:\/\/anahuacqro.edu.mx\/escuela-comunicacion\/2020\/07\/07\/museos-imperdibles-en-mexico-colombia-y-argentina\/\" rel=\"bookmark\">July 7, 2020<\/a>\n\t\t\t<\/span>\n\t\t\t\t\t<\/div>\n\t\t<div class=\"blog-content\">\n\t\t\t<h3 class=\"entry-title\"><a href=\"https:\/\/anahuacqro.edu.mx\/escuela-comunicacion\/2020\/07\/07\/museos-imperdibles-en-mexico-colombia-y-argentina\/\">Museos imperdibles en M\u00e9xico, Colombia y Argentina<\/a><\/h3>\n\t\t\t\t\t\t<div class=\"entry-summary\">\n\t\t\t\t<p>Mariana Aboitiz Fletcher, estudiante de la Licenciatura en Comunicaci\u00f3n, nos muestra en este espacio lo que podemos encontrar en tres [&hellip;]<\/p>\n\t\t\t<\/div>\n\t\t\t\t\t\t<div class=\"read-more-container\">\n\t\t\t\t<span class=\"entry-author\">\n\t\t\t\t\t<i class=\"fa fa-user\"><\/i><a class=\"url fn n\" href=\"https:\/\/anahuacqro.edu.mx\/escuela-comunicacion\/author\/admin_ecom\/\">admin_ecom<\/a>\n\t\t\t\t<\/span>\n\t\t\t\t<div class=\"read-more\">\n\t\t\t\t\t<a href=\"https:\/\/anahuacqro.edu.mx\/escuela-comunicacion\/2020\/07\/07\/museos-imperdibles-en-mexico-colombia-y-argentina\/\">Read More<\/a>\n\t\t\t\t<\/div>\n\t\t\t<\/div>\n\t\t\t\t\t<\/div>\n\t<\/div>\n\t<\/div><!-- .blog-wrapper -->\n<\/div><div id=\"panel-699-3-0-2\" class=\"widget_text so-panel widget widget_custom_html panel-last-child\" data-index=\"9\" ><div class=\"textwidget custom-html-widget\"><br><\/div><\/div><\/div><\/div><div id=\"pg-699-4\"  class=\"panel-grid panel-no-style\" ><div id=\"pgc-699-4-0\"  class=\"panel-grid-cell\" ><div id=\"panel-699-4-0-0\" class=\"so-panel widget widget_themegrill_flash_heading tg-widget section-title-wrapper panel-first-child\" data-index=\"10\" ><div class=\"flash_inherit_color panel-widget-style panel-widget-style-for-699-4-0-0\" >\t<h3 class=\"section-title\">Perfiles<\/h3>\n<\/div><\/div><div id=\"panel-699-4-0-1\" class=\"so-panel widget widget_themegrill_flash_blog tg-widget blog-section\" data-index=\"11\" >\n<div class=\"blog-wrapper tg-column-wrapper tg-blog-widget-layout-2\">\n\t\t<div class=\"tg-blog-widget tg-column-3\">\n\t\t\t\t<div class=\"post-image \">\n\t\t\t<figure><a href=\"https:\/\/anahuacqro.edu.mx\/escuela-comunicacion\/2021\/05\/04\/liga-de-balompie-mexicano\/\" title=\"Liga de Balompi\u00e9 Mexicano\"><img loading=\"lazy\" decoding=\"async\" width=\"370\" height=\"270\" src=\"https:\/\/anahuacqro.edu.mx\/escuela-comunicacion\/wp-content\/uploads\/2021\/05\/Screenshot_2021-05-04-PRODUCCIONES-Image6-370x270.png\" class=\"attachment-flash-grid size-flash-grid wp-post-image\" alt=\"\" \/><\/a><\/figure>\t\t\t<span class=\"entry-date\">\n\t\t\t\t<i class=\"fa fa-clock-o\"><\/i><a href=\"https:\/\/anahuacqro.edu.mx\/escuela-comunicacion\/2021\/05\/04\/liga-de-balompie-mexicano\/\" rel=\"bookmark\">May 4, 2021<\/a>\n\t\t\t<\/span>\n\t\t\t\t\t<\/div>\n\t\t<div class=\"blog-content\">\n\t\t\t<h3 class=\"entry-title\"><a href=\"https:\/\/anahuacqro.edu.mx\/escuela-comunicacion\/2021\/05\/04\/liga-de-balompie-mexicano\/\">Liga de Balompi\u00e9 Mexicano<\/a><\/h3>\n\t\t\t\t\t\t<div class=\"entry-summary\">\n\t\t\t\t<p>Luis Angel Val, estudiante de la Licenciatura en Comunicaci\u00f3n e integrante de la C\u00e1tedra Corporativa del AM An\u00e1huac Media Lab [&hellip;]<\/p>\n\t\t\t<\/div>\n\t\t\t\t\t\t<div class=\"read-more-container\">\n\t\t\t\t<span class=\"entry-author\">\n\t\t\t\t\t<i class=\"fa fa-user\"><\/i><a class=\"url fn n\" href=\"https:\/\/anahuacqro.edu.mx\/escuela-comunicacion\/author\/admin_ecom\/\">admin_ecom<\/a>\n\t\t\t\t<\/span>\n\t\t\t\t<div class=\"read-more\">\n\t\t\t\t\t<a href=\"https:\/\/anahuacqro.edu.mx\/escuela-comunicacion\/2021\/05\/04\/liga-de-balompie-mexicano\/\">Read More<\/a>\n\t\t\t\t<\/div>\n\t\t\t<\/div>\n\t\t\t\t\t<\/div>\n\t<\/div>\n\t<\/div><!-- .blog-wrapper -->\n<\/div><div id=\"panel-699-4-0-2\" class=\"widget_text so-panel widget widget_custom_html panel-last-child\" data-index=\"12\" ><div class=\"textwidget custom-html-widget\"><br><\/div><\/div><\/div><\/div><div id=\"pg-699-5\"  class=\"panel-grid panel-no-style\" ><div id=\"pgc-699-5-0\"  class=\"panel-grid-cell panel-grid-cell-empty\" ><\/div><div id=\"pgc-699-5-1\"  class=\"panel-grid-cell panel-grid-cell-mobile-last\" ><div id=\"panel-699-5-1-0\" class=\"so-panel widget widget_themegrill_flash_heading tg-widget section-title-wrapper panel-first-child\" data-index=\"13\" ><div class=\"flash_inherit_color panel-widget-style panel-widget-style-for-699-5-1-0\" >\t<h3 class=\"section-title\">Twitter<\/h3>\n<\/div><\/div><div id=\"panel-699-5-1-1\" class=\"widget_text so-panel widget widget_custom_html\" data-index=\"14\" ><div class=\"textwidget custom-html-widget\"><a class=\"twitter-timeline\" href=\"https:\/\/twitter.com\/ComunicAqro\" data-height=\"500\">Tweets by OPSOMSMexico<\/a> <script async src=\"https:\/\/platform.twitter.com\/widgets.js\" charset=\"utf-8\"><\/script><\/div><\/div><div id=\"panel-699-5-1-2\" class=\"widget_text so-panel widget widget_custom_html panel-last-child\" data-index=\"15\" ><div class=\"textwidget custom-html-widget\"><br><\/div><\/div><\/div><div id=\"pgc-699-5-2\"  class=\"panel-grid-cell panel-grid-cell-empty\" ><\/div><\/div><\/div>","protected":false},"excerpt":{"rendered":"Luis Angel Val, estudiante de la Licenciatura en Comunicaci\u00f3n e integrante de la C\u00e1tedra Corporativa del AM An\u00e1huac Media Lab [...]","protected":false},"author":1,"featured_media":0,"parent":0,"menu_order":0,"comment_status":"closed","ping_status":"closed","template":"page-templates\/pagebuilder.php","meta":{"footnotes":""},"class_list":["post-699","page","type-page","status-publish","hentry"],"_links":{"self":[{"href":"https:\/\/anahuacqro.edu.mx\/escuela-comunicacion\/wp-json\/wp\/v2\/pages\/699","targetHints":{"allow":["GET"]}}],"collection":[{"href":"https:\/\/anahuacqro.edu.mx\/escuela-comunicacion\/wp-json\/wp\/v2\/pages"}],"about":[{"href":"https:\/\/anahuacqro.edu.mx\/escuela-comunicacion\/wp-json\/wp\/v2\/types\/page"}],"author":[{"embeddable":true,"href":"https:\/\/anahuacqro.edu.mx\/escuela-comunicacion\/wp-json\/wp\/v2\/users\/1"}],"replies":[{"embeddable":true,"href":"https:\/\/anahuacqro.edu.mx\/escuela-comunicacion\/wp-json\/wp\/v2\/comments?post=699"}],"version-history":[{"count":11,"href":"https:\/\/anahuacqro.edu.mx\/escuela-comunicacion\/wp-json\/wp\/v2\/pages\/699\/revisions"}],"predecessor-version":[{"id":819,"href":"https:\/\/anahuacqro.edu.mx\/escuela-comunicacion\/wp-json\/wp\/v2\/pages\/699\/revisions\/819"}],"wp:attachment":[{"href":"https:\/\/anahuacqro.edu.mx\/escuela-comunicacion\/wp-json\/wp\/v2\/media?parent=699"}],"curies":[{"name":"wp","href":"https:\/\/api.w.org\/{rel}","templated":true}]}}