{"id":1795,"date":"2022-06-23T22:31:15","date_gmt":"2022-06-23T22:31:15","guid":{"rendered":"https:\/\/anahuacqro.edu.mx\/escuelaarquitectura\/?page_id=1795"},"modified":"2022-07-15T15:01:18","modified_gmt":"2022-07-15T15:01:18","slug":"acompanamiento","status":"publish","type":"page","link":"https:\/\/anahuacqro.edu.mx\/escuelaarquitectura\/acompanamiento\/","title":{"rendered":"Acompa\u00f1amiento"},"content":{"rendered":"\n<div style=\"height:46px\" aria-hidden=\"true\" class=\"wp-block-spacer\"><\/div>\n\n\n\n<h2 class=\"has-text-align-center has-luminous-vivid-orange-color has-text-color wp-block-heading\">\u00bfConoces la diferencia entre tutor\u00eda y asesor\u00eda acad\u00e9mica? Y mejor a\u00fan, \u00bfsabes si necesitas de alguna?<\/h2>\n\n\n\n<div style=\"height:46px\" aria-hidden=\"true\" class=\"wp-block-spacer\"><\/div>\n\n\n\n<div class=\"wp-block-columns is-layout-flex wp-container-core-columns-is-layout-9d6595d7 wp-block-columns-is-layout-flex\">\n<div class=\"wp-block-column is-layout-flow wp-block-column-is-layout-flow\">\n<p class=\"has-medium-font-size\">S\u00e9 que necesito <strong>tutor\u00eda <\/strong>si&#8230;<\/p>\n\n\n\n<ol class=\"wp-block-list\" style=\"font-size:18px\"><li>Necesito alg\u00fan consejo<\/li><li>Necesito hablar con alguien<\/li><li>Quiero impulsar un proyecto<\/li><li>No s\u00e9 organizar mi tiempo<\/li><li>Necesito ayuda en h\u00e1bitos saludables<\/li><li>Me encuentro inestable emocionalmente<\/li><li>Mi salud f\u00edsica est\u00e1 en riesgo<\/li><li>Me siento triste<\/li><li>No estoy durmiendo bien<\/li><li>Estoy en \u201cpiloto autom\u00e1tico\u201d la mayor parte del tiempo<\/li><li>Tengo dudas de mi vocaci\u00f3n<\/li><\/ol>\n<\/div>\n\n\n\n<div class=\"wp-block-column is-layout-flow wp-block-column-is-layout-flow\"><div class=\"wp-block-image\">\n<figure class=\"aligncenter size-medium\"><img loading=\"lazy\" decoding=\"async\" width=\"300\" height=\"300\" src=\"https:\/\/wp-escuelaarquitectura-prod-h7d4fhcefzhqhadk.mexicocentral-01.azurewebsites.net\/wp-content\/uploads\/2022\/06\/MicrosoftTeams-image-2-300x300.png\" alt=\"\" class=\"wp-image-1823\" srcset=\"\/escuelaarquitectura\/wp-content\/uploads\/2022\/06\/MicrosoftTeams-image-2-300x300.png 300w, \/escuelaarquitectura\/wp-content\/uploads\/2022\/06\/MicrosoftTeams-image-2-150x150.png 150w, \/escuelaarquitectura\/wp-content\/uploads\/2022\/06\/MicrosoftTeams-image-2-768x768.png 768w, \/escuelaarquitectura\/wp-content\/uploads\/2022\/06\/MicrosoftTeams-image-2.png 834w\" sizes=\"auto, (max-width: 300px) 100vw, 300px\" \/><\/figure>\n<\/div><\/div>\n<\/div>\n\n\n\n<div style=\"height:61px\" aria-hidden=\"true\" class=\"wp-block-spacer\"><\/div>\n\n\n\n<div class=\"wp-block-columns is-layout-flex wp-container-core-columns-is-layout-9d6595d7 wp-block-columns-is-layout-flex\">\n<div class=\"wp-block-column is-layout-flow wp-block-column-is-layout-flow\"><div class=\"wp-block-image\">\n<figure class=\"aligncenter size-medium\"><img loading=\"lazy\" decoding=\"async\" width=\"300\" height=\"300\" src=\"https:\/\/wp-escuelaarquitectura-prod-h7d4fhcefzhqhadk.mexicocentral-01.azurewebsites.net\/wp-content\/uploads\/2022\/06\/MicrosoftTeams-image-1-300x300.png\" alt=\"\" class=\"wp-image-1824\" srcset=\"\/escuelaarquitectura\/wp-content\/uploads\/2022\/06\/MicrosoftTeams-image-1-300x300.png 300w, \/escuelaarquitectura\/wp-content\/uploads\/2022\/06\/MicrosoftTeams-image-1-150x150.png 150w, \/escuelaarquitectura\/wp-content\/uploads\/2022\/06\/MicrosoftTeams-image-1-768x768.png 768w, \/escuelaarquitectura\/wp-content\/uploads\/2022\/06\/MicrosoftTeams-image-1.png 834w\" sizes=\"auto, (max-width: 300px) 100vw, 300px\" \/><\/figure>\n<\/div><\/div>\n\n\n\n<div class=\"wp-block-column is-layout-flow wp-block-column-is-layout-flow\">\n<p class=\"has-medium-font-size\">S\u00e9 que necesito <strong>asesor\u00eda acad\u00e9mica<\/strong> si&#8230;<\/p>\n\n\n\n<ol class=\"wp-block-list\" style=\"font-size:18px\"><li>No le entiendo a la materia<\/li><li>No le entiendo al profesor<\/li><li>Quiero reforzar un tema<\/li><li>Estoy a punto de reprobar<\/li><li>Me cuesta trabajo realizar alguna tarea<\/li><\/ol>\n<\/div>\n<\/div>\n\n\n\n<p class=\"has-text-align-center has-luminous-vivid-orange-color has-text-color\"><a href=\"https:\/\/www.anahuac.mx\/queretaro\/cae#acompanamiento\" target=\"_blank\" rel=\"noreferrer noopener\">Conocer m\u00e1s<\/a><\/p>\n\n\n\n<div style=\"height:46px\" aria-hidden=\"true\" class=\"wp-block-spacer\"><\/div>\n\n\n\n<div class=\"wp-block-buttons is-content-justification-center is-layout-flex wp-container-core-buttons-is-layout-16018d1d wp-block-buttons-is-layout-flex\">\n<div class=\"wp-block-button\"><a class=\"wp-block-button__link has-white-color has-luminous-vivid-orange-background-color has-text-color has-background\" href=\"https:\/\/smartcampus.anahuacqro.edu.mx\/\" target=\"_blank\" rel=\"noreferrer noopener\">Da clic aqu\u00ed para agendar una tutor\u00eda o asesor\u00eda acad\u00e9mica<\/a><\/div>\n<\/div>\n\n\n\n<div style=\"height:46px\" aria-hidden=\"true\" class=\"wp-block-spacer\"><\/div>\n","protected":false},"excerpt":{"rendered":"<p>\u00bfConoces la diferencia entre tutor\u00eda y asesor\u00eda acad\u00e9mica? Y mejor a\u00fan, \u00bfsabes si necesitas de alguna? S\u00e9 que necesito tutor\u00eda [&hellip;]<\/p>\n","protected":false},"author":1,"featured_media":0,"parent":0,"menu_order":0,"comment_status":"closed","ping_status":"closed","template":"","meta":{"footnotes":""},"class_list":["post-1795","page","type-page","status-publish","hentry"],"_links":{"self":[{"href":"https:\/\/anahuacqro.edu.mx\/escuelaarquitectura\/wp-json\/wp\/v2\/pages\/1795","targetHints":{"allow":["GET"]}}],"collection":[{"href":"https:\/\/anahuacqro.edu.mx\/escuelaarquitectura\/wp-json\/wp\/v2\/pages"}],"about":[{"href":"https:\/\/anahuacqro.edu.mx\/escuelaarquitectura\/wp-json\/wp\/v2\/types\/page"}],"author":[{"embeddable":true,"href":"https:\/\/anahuacqro.edu.mx\/escuelaarquitectura\/wp-json\/wp\/v2\/users\/1"}],"replies":[{"embeddable":true,"href":"https:\/\/anahuacqro.edu.mx\/escuelaarquitectura\/wp-json\/wp\/v2\/comments?post=1795"}],"version-history":[{"count":28,"href":"https:\/\/anahuacqro.edu.mx\/escuelaarquitectura\/wp-json\/wp\/v2\/pages\/1795\/revisions"}],"predecessor-version":[{"id":1837,"href":"https:\/\/anahuacqro.edu.mx\/escuelaarquitectura\/wp-json\/wp\/v2\/pages\/1795\/revisions\/1837"}],"wp:attachment":[{"href":"https:\/\/anahuacqro.edu.mx\/escuelaarquitectura\/wp-json\/wp\/v2\/media?parent=1795"}],"curies":[{"name":"wp","href":"https:\/\/api.w.org\/{rel}","templated":true}]}}