{"id":800,"date":"2021-07-01T17:11:43","date_gmt":"2021-07-01T17:11:43","guid":{"rendered":"https:\/\/anahuacqro.edu.mx\/escuela-arquitectura\/?page_id=800"},"modified":"2021-07-01T19:07:05","modified_gmt":"2021-07-01T19:07:05","slug":"claustro-docente","status":"publish","type":"page","link":"https:\/\/anahuacqro.edu.mx\/escuelaarquitectura\/claustro-docente\/","title":{"rendered":"Claustro docente"},"content":{"rendered":"\n<div class=\"wp-block-columns is-layout-flex wp-container-core-columns-is-layout-9d6595d7 wp-block-columns-is-layout-flex\">\n<div class=\"wp-block-column is-layout-flow wp-block-column-is-layout-flow\" style=\"flex-basis:25%\">\n<div class=\"wp-block-image br-50 is-style-rounded\"><figure class=\"aligncenter size-large\"><img loading=\"lazy\" decoding=\"async\" width=\"258\" height=\"258\" src=\"https:\/\/anahuacqro.edu.mx\/escuela-arquitectura\/wp-content\/uploads\/2021\/07\/AndreaMaldonado.jpg\" alt=\"\" class=\"wp-image-776\" srcset=\"\/escuelaarquitectura\/wp-content\/uploads\/2021\/07\/AndreaMaldonado.jpg 258w, \/escuelaarquitectura\/wp-content\/uploads\/2021\/07\/AndreaMaldonado-150x150.jpg 150w\" sizes=\"auto, (max-width: 258px) 100vw, 258px\" \/><figcaption><strong>Arq. Andrea Maldonado Verduzco<\/strong><br>Egresada de la Escuela de Arquitectura de la Universidad An\u00e1huac | L\u00edder de proyectos en REIMS 502.<\/figcaption><\/figure><\/div>\n\n\n\n<hr class=\"wp-block-separator\"\/>\n\n\n\n<div style=\"height:30px\" aria-hidden=\"true\" class=\"wp-block-spacer\"><\/div>\n\n\n\n<figure class=\"wp-block-image size-large is-style-rounded\"><img loading=\"lazy\" decoding=\"async\" width=\"258\" height=\"258\" src=\"https:\/\/anahuacqro.edu.mx\/escuela-arquitectura\/wp-content\/uploads\/2021\/07\/Pakiko.jpg\" alt=\"\" class=\"wp-image-793\" srcset=\"\/escuelaarquitectura\/wp-content\/uploads\/2021\/07\/Pakiko.jpg 258w, \/escuelaarquitectura\/wp-content\/uploads\/2021\/07\/Pakiko-150x150.jpg 150w\" sizes=\"auto, (max-width: 258px) 100vw, 258px\" \/><figcaption><strong>Francisco Paillie P\u00e9rez<\/strong><br>Psic\u00f3logo y Fil\u00f3sofo egresado de la Universidad Javeriana | Maestr\u00eda en Psicolog\u00eda Social y Cultural en LSE | Co-fundador de d\u00e9rive LAB | Utiliza el caminar como pr\u00e1ctica pedag\u00f3gica y est\u00e9tica, una herramienta de investigaci\u00f3n de los territorios y de vinculaci\u00f3n con individuos y comunidades.<\/figcaption><\/figure>\n\n\n\n<hr class=\"wp-block-separator\"\/>\n\n\n\n<div style=\"height:30px\" aria-hidden=\"true\" class=\"wp-block-spacer\"><\/div>\n\n\n\n<div class=\"wp-block-image is-style-rounded\"><figure class=\"aligncenter size-large\"><img loading=\"lazy\" decoding=\"async\" width=\"258\" height=\"258\" src=\"https:\/\/anahuacqro.edu.mx\/escuela-arquitectura\/wp-content\/uploads\/2021\/07\/Humberto-Isaac-Fuentes-Martinez.png\" alt=\"\" class=\"wp-image-783\" srcset=\"\/escuelaarquitectura\/wp-content\/uploads\/2021\/07\/Humberto-Isaac-Fuentes-Martinez.png 258w, \/escuelaarquitectura\/wp-content\/uploads\/2021\/07\/Humberto-Isaac-Fuentes-Martinez-150x150.png 150w\" sizes=\"auto, (max-width: 258px) 100vw, 258px\" \/><figcaption><strong>Arq. Humberto Isaac Fuentes Mart\u00ednez<\/strong><br>Egresado de la Universidad Michoacana de San Nicol\u00e1s de Hidalgo | Doctor en Arquitectura por la Universidad de Valencia, Espa\u00f1a | 25 a\u00f1os de experiencia docente | Se ha desempe\u00f1ado adem\u00e1s en los \u00e1mbitos laborales, p\u00fablicos y privados.<\/figcaption><\/figure><\/div>\n\n\n\n<hr class=\"wp-block-separator\"\/>\n\n\n\n<div style=\"height:30px\" aria-hidden=\"true\" class=\"wp-block-spacer\"><\/div>\n\n\n\n<div class=\"wp-block-image is-style-rounded\"><figure class=\"aligncenter size-large\"><img loading=\"lazy\" decoding=\"async\" width=\"258\" height=\"258\" src=\"https:\/\/anahuacqro.edu.mx\/escuela-arquitectura\/wp-content\/uploads\/2021\/07\/JorgeRobertoJavierTortajada-bnb.png\" alt=\"\" class=\"wp-image-787\" srcset=\"\/escuelaarquitectura\/wp-content\/uploads\/2021\/07\/JorgeRobertoJavierTortajada-bnb.png 258w, \/escuelaarquitectura\/wp-content\/uploads\/2021\/07\/JorgeRobertoJavierTortajada-bnb-150x150.png 150w\" sizes=\"auto, (max-width: 258px) 100vw, 258px\" \/><figcaption><strong>Arq. Jorge Roberto Javier Tortajada<\/strong><br>Arquitecto egresado de la UVM Campus Quer\u00e9taro | Maestr\u00eda en Arquitectura de interiores por la Universidad An\u00e1huac Qro | Ha realizado cursos profesionalizantes en l\u00ednea en MIT, TUDELFT y TUMI | Actualmente es profesor, investigador y Director del depacho WADI<\/figcaption><\/figure><\/div>\n\n\n\n<hr class=\"wp-block-separator\"\/>\n\n\n\n<div style=\"height:30px\" aria-hidden=\"true\" class=\"wp-block-spacer\"><\/div>\n\n\n\n<div class=\"wp-block-image is-style-rounded\"><figure class=\"aligncenter size-large is-resized\"><img loading=\"lazy\" decoding=\"async\" src=\"https:\/\/anahuacqro.edu.mx\/escuela-arquitectura\/wp-content\/uploads\/2021\/07\/Monica-Perez-Baez.png\" alt=\"\" class=\"wp-image-791\" width=\"258\" height=\"258\" srcset=\"\/escuelaarquitectura\/wp-content\/uploads\/2021\/07\/Monica-Perez-Baez.png 258w, \/escuelaarquitectura\/wp-content\/uploads\/2021\/07\/Monica-Perez-Baez-150x150.png 150w\" sizes=\"auto, (max-width: 258px) 100vw, 258px\" \/><figcaption><strong>Arq. M\u00f3nica P\u00e9rez B\u00e1ez<\/strong><br>Arquitecta egresada de la Universidad Iberoamericana M\u00e9xico | Maestra en Arquitectura y Doctora en Ciencias del Dise\u00f1o con enfoque en Sustentabilidad por el Instituto Tecnol\u00f3gico de Kioto (Jap\u00f3n)<\/figcaption><\/figure><\/div>\n\n\n\n<hr class=\"wp-block-separator\"\/>\n\n\n\n<div style=\"height:30px\" aria-hidden=\"true\" class=\"wp-block-spacer\"><\/div>\n\n\n\n<div class=\"wp-block-image is-style-rounded\"><figure class=\"aligncenter size-large\"><img loading=\"lazy\" decoding=\"async\" width=\"258\" height=\"258\" src=\"https:\/\/anahuacqro.edu.mx\/escuela-arquitectura\/wp-content\/uploads\/2021\/07\/Rogelio-Miguel-Sevilla-Mixueiro.png\" alt=\"\" class=\"wp-image-796\" srcset=\"\/escuelaarquitectura\/wp-content\/uploads\/2021\/07\/Rogelio-Miguel-Sevilla-Mixueiro.png 258w, \/escuelaarquitectura\/wp-content\/uploads\/2021\/07\/Rogelio-Miguel-Sevilla-Mixueiro-150x150.png 150w\" sizes=\"auto, (max-width: 258px) 100vw, 258px\" \/><figcaption><strong>Dr. Dis. + M. Arq Rogelio Miguel Sevilla Meixueiro<\/strong><br>Doctor en Dise\u00f1o UAEM\u00e9x | Maestr\u00eda en Arquitectura Especialidad en Dise\u00f1o Arquitect\u00f3nico UNAM-ITESM | Licenciado Arquitecto Universidad la Salle| 44 a\u00f1os de experiencia laboral en dise\u00f1o arquitect\u00f3nico, urbano e industrial con 397 proyectos y 29 a\u00f1os paralelos de vida acad\u00e9mica.<\/figcaption><\/figure><\/div>\n\n\n\n<hr class=\"wp-block-separator\"\/>\n\n\n\n<div style=\"height:30px\" aria-hidden=\"true\" class=\"wp-block-spacer\"><\/div>\n<\/div>\n\n\n\n<div class=\"wp-block-column is-layout-flow wp-block-column-is-layout-flow\">\n<div class=\"wp-block-image is-style-rounded\"><figure class=\"aligncenter size-large\"><img loading=\"lazy\" decoding=\"async\" width=\"258\" height=\"259\" src=\"https:\/\/anahuacqro.edu.mx\/escuela-arquitectura\/wp-content\/uploads\/2021\/07\/Andrea-Motilla.jpg\" alt=\"\" class=\"wp-image-799\" srcset=\"\/escuelaarquitectura\/wp-content\/uploads\/2021\/07\/Andrea-Motilla.jpg 258w, \/escuelaarquitectura\/wp-content\/uploads\/2021\/07\/Andrea-Motilla-150x150.jpg 150w\" sizes=\"auto, (max-width: 258px) 100vw, 258px\" \/><figcaption><strong>Arq. Andrea Motilla<\/strong><br>Arquitecta egresada de la Facultad del H\u00e1bitat de la Universidad Aut\u00f3noma de San Luis Potos\u00ed (UASLP) | Maestr\u00eda en Arquitectura en el campo del Dise\u00f1o Arquitect\u00f3nico por la Universidad Nacional Aut\u00f3noma de M\u00e9xico (UNAM) | Su pr\u00e1ctica profesional ha estado enfocada en el \u00e1rea residencial de alta gama.<\/figcaption><\/figure><\/div>\n\n\n\n<hr class=\"wp-block-separator\"\/>\n\n\n\n<div style=\"height:30px\" aria-hidden=\"true\" class=\"wp-block-spacer\"><\/div>\n\n\n\n<div class=\"wp-block-image is-style-rounded\"><figure class=\"aligncenter size-large\"><img loading=\"lazy\" decoding=\"async\" width=\"258\" height=\"258\" src=\"https:\/\/anahuacqro.edu.mx\/escuela-arquitectura\/wp-content\/uploads\/2021\/07\/Isela-Rivera-Villamayor.jpg\" alt=\"\" class=\"wp-image-784\" srcset=\"\/escuelaarquitectura\/wp-content\/uploads\/2021\/07\/Isela-Rivera-Villamayor.jpg 258w, \/escuelaarquitectura\/wp-content\/uploads\/2021\/07\/Isela-Rivera-Villamayor-150x150.jpg 150w\" sizes=\"auto, (max-width: 258px) 100vw, 258px\" \/><figcaption><strong>Arq. Isela Rivera Villamayor<\/strong><br>Egresada por la Universidad La Salle M\u00e9xico | M\u00e1ster en Historia, Arte, Arquitectura y Ciudad por la Universidad Polit\u00e9cnica de Catalu\u00f1a, Espa\u00f1a | Se ha desempe\u00f1ado profesionalmente en el \u00e1rea de proyectos de interiores | Amante de la historia, la arquitectura y los libros.<\/figcaption><\/figure><\/div>\n\n\n\n<hr class=\"wp-block-separator\"\/>\n\n\n\n<div style=\"height:30px\" aria-hidden=\"true\" class=\"wp-block-spacer\"><\/div>\n\n\n\n<figure class=\"wp-block-image size-large is-style-rounded\"><img loading=\"lazy\" decoding=\"async\" width=\"258\" height=\"258\" src=\"https:\/\/anahuacqro.edu.mx\/escuela-arquitectura\/wp-content\/uploads\/2021\/07\/Karla-Daniela-Martin.png\" alt=\"\" class=\"wp-image-788\" srcset=\"\/escuelaarquitectura\/wp-content\/uploads\/2021\/07\/Karla-Daniela-Martin.png 258w, \/escuelaarquitectura\/wp-content\/uploads\/2021\/07\/Karla-Daniela-Martin-150x150.png 150w\" sizes=\"auto, (max-width: 258px) 100vw, 258px\" \/><figcaption><strong>Arq. Karla Daniela Mart\u00edn Kilian<\/strong><br>Egresada de la UVM | DRO y miembro activo del Colegio de Arquitectos | Maestr\u00eda en Dise\u00f1o Interior | Colabora como Comit\u00e9 T\u00e9cnico Exterior para supervisi\u00f3n de proyecto y Asesor para diferentes Condominios residenciales.<\/figcaption><\/figure>\n\n\n\n<hr class=\"wp-block-separator\"\/>\n\n\n\n<div style=\"height:30px\" aria-hidden=\"true\" class=\"wp-block-spacer\"><\/div>\n\n\n\n<figure class=\"wp-block-image size-large is-style-rounded\"><img loading=\"lazy\" decoding=\"async\" width=\"258\" height=\"258\" src=\"https:\/\/anahuacqro.edu.mx\/escuela-arquitectura\/wp-content\/uploads\/2021\/07\/OrquideaPatriciaSandovalHernandez-bnb.png\" alt=\"\" class=\"wp-image-792\" srcset=\"\/escuelaarquitectura\/wp-content\/uploads\/2021\/07\/OrquideaPatriciaSandovalHernandez-bnb.png 258w, \/escuelaarquitectura\/wp-content\/uploads\/2021\/07\/OrquideaPatriciaSandovalHernandez-bnb-150x150.png 150w\" sizes=\"auto, (max-width: 258px) 100vw, 258px\" \/><figcaption><strong>Arq. Patricia Cuti\u00f1o Armenta<\/strong><br>Arquitecta egresada la Universidad del Valle de M\u00e9xico y la Universidad Europea de Madrid, Espa\u00f1a | Diplomado de Experto en Arquitectura y Territorio, Universidad Europea de Madrid | Maestr\u00eda en Arquitectura de Interiores en la Universidad An\u00e1huac Campus Quer\u00e9taro | Actualmente labora en VG+VM Arquitectos como Gerente de proyectos y socia JR<\/figcaption><\/figure>\n\n\n\n<hr class=\"wp-block-separator\"\/>\n\n\n\n<div style=\"height:30px\" aria-hidden=\"true\" class=\"wp-block-spacer\"><\/div>\n\n\n\n<figure class=\"wp-block-image size-large is-style-rounded\"><img loading=\"lazy\" decoding=\"async\" width=\"258\" height=\"258\" src=\"https:\/\/anahuacqro.edu.mx\/escuela-arquitectura\/wp-content\/uploads\/2021\/07\/Arq-Rosario-Neri.png\" alt=\"\" class=\"wp-image-777\" srcset=\"\/escuelaarquitectura\/wp-content\/uploads\/2021\/07\/Arq-Rosario-Neri.png 258w, \/escuelaarquitectura\/wp-content\/uploads\/2021\/07\/Arq-Rosario-Neri-150x150.png 150w\" sizes=\"auto, (max-width: 258px) 100vw, 258px\" \/><figcaption><strong>Maestra en Nuevo Urbanismo + Arq. Rosario Neri<\/strong><br>Me apasiona la cuidad, su complejidad, sus din\u00e1micas y lo mucho que podemos cambiar la vida de otros mejor\u00e1ndola. | Toda su vida profesional la ha dedicado a trabajar en instancias gubernamentales desde donde aporta su conocimiento para mejorar las ciudades en que vivimos.<\/figcaption><\/figure>\n\n\n\n<hr class=\"wp-block-separator\"\/>\n\n\n\n<div style=\"height:30px\" aria-hidden=\"true\" class=\"wp-block-spacer\"><\/div>\n<\/div>\n\n\n\n<div class=\"wp-block-column is-layout-flow wp-block-column-is-layout-flow\">\n<div class=\"wp-block-image is-style-rounded\"><figure class=\"aligncenter size-large is-resized\"><img loading=\"lazy\" decoding=\"async\" src=\"https:\/\/anahuacqro.edu.mx\/escuela-arquitectura\/wp-content\/uploads\/2021\/07\/BernardoEspinosaLarracocheabnb.png\" alt=\"\" class=\"wp-image-781\" width=\"258\" height=\"258\" srcset=\"\/escuelaarquitectura\/wp-content\/uploads\/2021\/07\/BernardoEspinosaLarracocheabnb.png 257w, \/escuelaarquitectura\/wp-content\/uploads\/2021\/07\/BernardoEspinosaLarracocheabnb-150x150.png 150w\" sizes=\"auto, (max-width: 258px) 100vw, 258px\" \/><figcaption><strong>MLA, Arq. Bernardo Espinosa Larracochea<br><\/strong>Egresado ITESM Campus Quer\u00e9taro | Maestr\u00eda en Arquitectura de Paisaje por Lowa State University | Docente Universidad An\u00e1huac Qro.<\/figcaption><\/figure><\/div>\n\n\n\n<hr class=\"wp-block-separator\"\/>\n\n\n\n<div style=\"height:30px\" aria-hidden=\"true\" class=\"wp-block-spacer\"><\/div>\n\n\n\n<figure class=\"wp-block-image size-large is-style-rounded\"><img loading=\"lazy\" decoding=\"async\" width=\"258\" height=\"258\" src=\"https:\/\/anahuacqro.edu.mx\/escuela-arquitectura\/wp-content\/uploads\/2021\/07\/Arq.-Joel-Cuevas.png\" alt=\"\" class=\"wp-image-778\" srcset=\"\/escuelaarquitectura\/wp-content\/uploads\/2021\/07\/Arq.-Joel-Cuevas.png 258w, \/escuelaarquitectura\/wp-content\/uploads\/2021\/07\/Arq.-Joel-Cuevas-150x150.png 150w\" sizes=\"auto, (max-width: 258px) 100vw, 258px\" \/><figcaption><strong>Arq. Joel Cuevas Bautista<\/strong><br>Egresado del ITESM Campus Quer\u00e9taro | Director del Despacho de Arquitectos \u00abAlnitak\u201d | Servidor P\u00fablico. Jefe de Mantenimiento de TecNM | 23 a\u00f1os de Docencia a Nivel medio superior y Superior.<\/figcaption><\/figure>\n\n\n\n<hr class=\"wp-block-separator\"\/>\n\n\n\n<div style=\"height:30px\" aria-hidden=\"true\" class=\"wp-block-spacer\"><\/div>\n\n\n\n<figure class=\"wp-block-image size-large is-style-rounded\"><img loading=\"lazy\" decoding=\"async\" width=\"258\" height=\"258\" src=\"https:\/\/anahuacqro.edu.mx\/escuela-arquitectura\/wp-content\/uploads\/2021\/07\/liliana-escobar-bravo.jpg\" alt=\"\" class=\"wp-image-789\" srcset=\"\/escuelaarquitectura\/wp-content\/uploads\/2021\/07\/liliana-escobar-bravo.jpg 258w, \/escuelaarquitectura\/wp-content\/uploads\/2021\/07\/liliana-escobar-bravo-150x150.jpg 150w\" sizes=\"auto, (max-width: 258px) 100vw, 258px\" \/><figcaption><strong>Arq. Liliana Escobar Bravo<\/strong><br>Egresada de Arquitectura de Interiores por la Universidad Centro de Dise\u00f1o, Cine y TV, |  Maestr\u00eda en Retail Design por ES Design de Barcelona | Directora de Koura Group despacho de arquitectura e interiorismo.<\/figcaption><\/figure>\n\n\n\n<hr class=\"wp-block-separator\"\/>\n\n\n\n<div style=\"height:30px\" aria-hidden=\"true\" class=\"wp-block-spacer\"><\/div>\n\n\n\n<figure class=\"wp-block-image size-large is-style-rounded\"><img loading=\"lazy\" decoding=\"async\" width=\"258\" height=\"259\" src=\"https:\/\/anahuacqro.edu.mx\/escuela-arquitectura\/wp-content\/uploads\/2021\/07\/Raul-Moysen.png\" alt=\"\" class=\"wp-image-794\" srcset=\"\/escuelaarquitectura\/wp-content\/uploads\/2021\/07\/Raul-Moysen.png 258w, \/escuelaarquitectura\/wp-content\/uploads\/2021\/07\/Raul-Moysen-150x150.png 150w\" sizes=\"auto, (max-width: 258px) 100vw, 258px\" \/><figcaption><strong>Lic. Ra\u00fal Moys\u00e9n<\/strong><br>Dise\u00f1ador Industrial por la Universidad Iberoamericana | Maestr\u00eda en Dise\u00f1o Interactivo por Domus Academy&nbsp; Interaction Design Institute of Ivrea | | University of Wales | Investigaci\u00f3n en Dise\u00f1o de la Inteligencia social | Premio de dise\u00f1o Quorum | Patentes EEUU D531371 y EEUU D484562<\/figcaption><\/figure>\n\n\n\n<hr class=\"wp-block-separator\"\/>\n\n\n\n<div style=\"height:30px\" aria-hidden=\"true\" class=\"wp-block-spacer\"><\/div>\n\n\n\n<figure class=\"wp-block-image size-large is-style-rounded\"><img loading=\"lazy\" decoding=\"async\" width=\"258\" height=\"258\" src=\"https:\/\/anahuacqro.edu.mx\/escuela-arquitectura\/wp-content\/uploads\/2021\/07\/Sabetay-Palatchi-bnb.png\" alt=\"\" class=\"wp-image-797\" srcset=\"\/escuelaarquitectura\/wp-content\/uploads\/2021\/07\/Sabetay-Palatchi-bnb.png 258w, \/escuelaarquitectura\/wp-content\/uploads\/2021\/07\/Sabetay-Palatchi-bnb-150x150.png 150w\" sizes=\"auto, (max-width: 258px) 100vw, 258px\" \/><figcaption><strong>Sabetay Palatchi&nbsp; Arquitecto y Maestro en Ing. Civil <\/strong><br>Egresado de la Universidad Iberoamericana. Su trabajo profesional est\u00e1 constituido por dos \u00e1reas, la Docencia y La Pr\u00e1ctica Profesional. Imparte las materias de edificaci\u00f3n avanzada e instalaciones b\u00e1sicas.<\/figcaption><\/figure>\n\n\n\n<hr class=\"wp-block-separator\"\/>\n\n\n\n<div style=\"height:30px\" aria-hidden=\"true\" class=\"wp-block-spacer\"><\/div>\n\n\n\n<div class=\"wp-block-image is-style-rounded\"><figure class=\"aligncenter size-large\"><img loading=\"lazy\" decoding=\"async\" width=\"258\" height=\"258\" src=\"https:\/\/anahuacqro.edu.mx\/escuela-arquitectura\/wp-content\/uploads\/2021\/07\/Ximena-Ocampo-150x150.jpg\" alt=\"\" class=\"wp-image-798\" srcset=\"\/escuelaarquitectura\/wp-content\/uploads\/2021\/07\/Ximena-Ocampo-150x150.jpg 150w, \/escuelaarquitectura\/wp-content\/uploads\/2021\/07\/Ximena-Ocampo-150x150.jpg 258w\" sizes=\"auto, (max-width: 258px) 100vw, 258px\" \/><figcaption><strong>Arq. Ximena Ocampo Aguilar<\/strong><br>Arquitecta egresada del Tec de Monterrey | Maestr\u00eda en dise\u00f1o de ciudad y ciencias sociales por LSE | Co-fundadora de d\u00e9rive LAB | Becaria de J\u00f3venes Creadores con el proyecto 1000+ maneras de ocupar el espacio p\u00fablico en M\u00e9xico.<\/figcaption><\/figure><\/div>\n\n\n\n<hr class=\"wp-block-separator\"\/>\n\n\n\n<div style=\"height:30px\" aria-hidden=\"true\" class=\"wp-block-spacer\"><\/div>\n<\/div>\n\n\n\n<div class=\"wp-block-column is-layout-flow wp-block-column-is-layout-flow\">\n<div class=\"wp-block-image is-style-rounded\"><figure class=\"aligncenter size-large\"><img loading=\"lazy\" decoding=\"async\" width=\"258\" height=\"258\" src=\"https:\/\/anahuacqro.edu.mx\/escuela-arquitectura\/wp-content\/uploads\/2021\/07\/Cipriano.png\" alt=\"\" class=\"wp-image-782\" srcset=\"\/escuelaarquitectura\/wp-content\/uploads\/2021\/07\/Cipriano.png 258w, \/escuelaarquitectura\/wp-content\/uploads\/2021\/07\/Cipriano-150x150.png 150w\" sizes=\"auto, (max-width: 258px) 100vw, 258px\" \/><figcaption><strong>Arq. Cipriano Navarro Maya<\/strong><br>Maestro en Gesti\u00f3n y Dise\u00f1o Urbano por la IBERO Puebla | Arquitecto por el ITESM Campus Quer\u00e9taro | Asesor en Desarrollo Urbano y Vivienda actualmente colaborando en la Direcci\u00f3n de Movilidad del Municipio de Corregidora, Quer\u00e9taro | Interesado en la seguridad vial, entusiasta de las buenas pr\u00e1cticas en movilidad y urbanismo.<\/figcaption><\/figure><\/div>\n\n\n\n<hr class=\"wp-block-separator\"\/>\n\n\n\n<div style=\"height:30px\" aria-hidden=\"true\" class=\"wp-block-spacer\"><\/div>\n\n\n\n<div class=\"wp-block-image is-style-rounded\"><figure class=\"aligncenter size-large\"><img loading=\"lazy\" decoding=\"async\" width=\"258\" height=\"258\" src=\"https:\/\/anahuacqro.edu.mx\/escuela-arquitectura\/wp-content\/uploads\/2021\/07\/jORGE-aLBERTO-lOPEZ.jpg\" alt=\"\" class=\"wp-image-786\" srcset=\"\/escuelaarquitectura\/wp-content\/uploads\/2021\/07\/jORGE-aLBERTO-lOPEZ.jpg 258w, \/escuelaarquitectura\/wp-content\/uploads\/2021\/07\/jORGE-aLBERTO-lOPEZ-150x150.jpg 150w\" sizes=\"auto, (max-width: 258px) 100vw, 258px\" \/><figcaption><strong>Arq. Jorge Alberto L\u00f3pez Amozurrutia<\/strong><br>Arquitecto egresado de la Universidad La Salle, M\u00e9xico | Master en Gui\u00f3n y Animaci\u00f3n 3D por la Universidad Ramon Llull, Barcelona, Espa\u00f1a | Docente, Dibujante, Padre de Familia y Amigo.<\/figcaption><\/figure><\/div>\n\n\n\n<hr class=\"wp-block-separator\"\/>\n\n\n\n<div style=\"height:30px\" aria-hidden=\"true\" class=\"wp-block-spacer\"><\/div>\n\n\n\n<div class=\"wp-block-image is-style-rounded\"><figure class=\"aligncenter size-large\"><img loading=\"lazy\" decoding=\"async\" width=\"258\" height=\"259\" src=\"https:\/\/anahuacqro.edu.mx\/escuela-arquitectura\/wp-content\/uploads\/2021\/07\/Mercedes-Castro-Westendarp.jpg\" alt=\"\" class=\"wp-image-790\" srcset=\"\/escuelaarquitectura\/wp-content\/uploads\/2021\/07\/Mercedes-Castro-Westendarp.jpg 258w, \/escuelaarquitectura\/wp-content\/uploads\/2021\/07\/Mercedes-Castro-Westendarp-150x150.jpg 150w\" sizes=\"auto, (max-width: 258px) 100vw, 258px\" \/><figcaption><strong>Arq. Mercedes Castro<\/strong><br>Cuenta con 10 a\u00f1os de docencia en la escuela de Arquitectura de la An\u00e1huac | Su enfoque est\u00e1 en el proceso de dise\u00f1o, espec\u00edficamente en el tema de habitabilidad y vivienda | Busca impartir una visi\u00f3n alternativa a como dise\u00f1amos los espacios habitables.&nbsp;<\/figcaption><\/figure><\/div>\n\n\n\n<hr class=\"wp-block-separator\"\/>\n\n\n\n<div style=\"height:30px\" aria-hidden=\"true\" class=\"wp-block-spacer\"><\/div>\n\n\n\n<figure class=\"wp-block-image size-large is-style-rounded\"><img loading=\"lazy\" decoding=\"async\" width=\"258\" height=\"258\" src=\"https:\/\/anahuacqro.edu.mx\/escuela-arquitectura\/wp-content\/uploads\/2021\/07\/RodrigoLangaricaAvila-bnb.png\" alt=\"\" class=\"wp-image-795\" srcset=\"\/escuelaarquitectura\/wp-content\/uploads\/2021\/07\/RodrigoLangaricaAvila-bnb.png 258w, \/escuelaarquitectura\/wp-content\/uploads\/2021\/07\/RodrigoLangaricaAvila-bnb-150x150.png 150w\" sizes=\"auto, (max-width: 258px) 100vw, 258px\" \/><figcaption><strong>M. Arch. Rodrigo Langarica \u00c1vila<\/strong><br>Arquitecto egresado por la Universidad Iberoamericana Mx | Maestr\u00eda en Advanced Architecture \u201cDigital Tectonics\u201d por el Instituto de Arquitectura Avanzada de Catalu\u00f1a | Extensa experiencia en la docencia | Director de la Escuela de Arquitectura de la Universidad An\u00e1huac Quer\u00e9taro | Director Creativo de RL Arquitectura | Creador y Co-fundador de Arquitectura Experimental, Fablab CDMX y Fablab Quer\u00e9taro.<\/figcaption><\/figure>\n\n\n\n<hr class=\"wp-block-separator\"\/>\n\n\n\n<div style=\"height:30px\" aria-hidden=\"true\" class=\"wp-block-spacer\"><\/div>\n\n\n\n<div class=\"wp-block-image is-style-rounded\"><figure class=\"aligncenter size-large\"><img loading=\"lazy\" decoding=\"async\" width=\"258\" height=\"258\" src=\"https:\/\/anahuacqro.edu.mx\/escuela-arquitectura\/wp-content\/uploads\/2021\/07\/Arq.-Sergio-A.-Aguillon-Melgar..png\" alt=\"\" class=\"wp-image-780\" srcset=\"\/escuelaarquitectura\/wp-content\/uploads\/2021\/07\/Arq.-Sergio-A.-Aguillon-Melgar..png 258w, \/escuelaarquitectura\/wp-content\/uploads\/2021\/07\/Arq.-Sergio-A.-Aguillon-Melgar.-150x150.png 150w\" sizes=\"auto, (max-width: 258px) 100vw, 258px\" \/><figcaption><strong>Arq. Sergio A. Aguill\u00f3n Melgar.<\/strong><br>Arquitecto por la Universidad del Valle de M\u00e9xico | Cofundador de Ingenier\u00eda y Arquitectura ACO, empresa dedicada al servicio integral de proyecto y construcci\u00f3n | Experiencia en el arte de la t\u00e9cnica de dibujo arquitect\u00f3nico.<\/figcaption><\/figure><\/div>\n\n\n\n<hr class=\"wp-block-separator\"\/>\n\n\n\n<div style=\"height:30px\" aria-hidden=\"true\" class=\"wp-block-spacer\"><\/div>\n<\/div>\n<\/div>\n","protected":false},"excerpt":{"rendered":"","protected":false},"author":1,"featured_media":0,"parent":0,"menu_order":0,"comment_status":"closed","ping_status":"closed","template":"","meta":{"footnotes":""},"class_list":["post-800","page","type-page","status-publish","hentry"],"_links":{"self":[{"href":"https:\/\/anahuacqro.edu.mx\/escuelaarquitectura\/wp-json\/wp\/v2\/pages\/800","targetHints":{"allow":["GET"]}}],"collection":[{"href":"https:\/\/anahuacqro.edu.mx\/escuelaarquitectura\/wp-json\/wp\/v2\/pages"}],"about":[{"href":"https:\/\/anahuacqro.edu.mx\/escuelaarquitectura\/wp-json\/wp\/v2\/types\/page"}],"author":[{"embeddable":true,"href":"https:\/\/anahuacqro.edu.mx\/escuelaarquitectura\/wp-json\/wp\/v2\/users\/1"}],"replies":[{"embeddable":true,"href":"https:\/\/anahuacqro.edu.mx\/escuelaarquitectura\/wp-json\/wp\/v2\/comments?post=800"}],"version-history":[{"count":9,"href":"https:\/\/anahuacqro.edu.mx\/escuelaarquitectura\/wp-json\/wp\/v2\/pages\/800\/revisions"}],"predecessor-version":[{"id":1157,"href":"https:\/\/anahuacqro.edu.mx\/escuelaarquitectura\/wp-json\/wp\/v2\/pages\/800\/revisions\/1157"}],"wp:attachment":[{"href":"https:\/\/anahuacqro.edu.mx\/escuelaarquitectura\/wp-json\/wp\/v2\/media?parent=800"}],"curies":[{"name":"wp","href":"https:\/\/api.w.org\/{rel}","templated":true}]}}