{"id":1177,"date":"2021-01-20T23:29:08","date_gmt":"2021-01-20T23:29:08","guid":{"rendered":"https:\/\/anahuacqro.edu.mx\/escuelacienciasdelasalud\/?page_id=1177"},"modified":"2023-01-03T19:35:50","modified_gmt":"2023-01-03T19:35:50","slug":"sedes-hospitalarias","status":"publish","type":"page","link":"https:\/\/anahuacqro.edu.mx\/escuelacienciasdelasalud\/sedes-hospitalarias\/","title":{"rendered":"Sedes hospitalarias"},"content":{"rendered":"\n<p><\/p>\n\n\n\n<figure class=\"wp-block-image alignfull size-large\"><img fetchpriority=\"high\" decoding=\"async\" width=\"1024\" height=\"227\" src=\"https:\/\/wp-escuelacienciasdelasalud-prod-a6cybwegcbgsh4cs.mexicocentral-01.azurewebsites.net\/wp-content\/uploads\/2020\/12\/hospitales-e1608748466464-1024x227.jpg\" alt=\"\" class=\"wp-image-712\" srcset=\"\/escuelacienciasdelasalud\/wp-content\/uploads\/2020\/12\/hospitales-e1608748466464-1024x227.jpg 1024w, \/escuelacienciasdelasalud\/wp-content\/uploads\/2020\/12\/hospitales-e1608748466464-300x67.jpg 300w, \/escuelacienciasdelasalud\/wp-content\/uploads\/2020\/12\/hospitales-e1608748466464-768x171.jpg 768w, \/escuelacienciasdelasalud\/wp-content\/uploads\/2020\/12\/hospitales-e1608748466464-1536x341.jpg 1536w, \/escuelacienciasdelasalud\/wp-content\/uploads\/2020\/12\/hospitales-e1608748466464-600x133.jpg 600w, \/escuelacienciasdelasalud\/wp-content\/uploads\/2020\/12\/hospitales-e1608748466464.jpg 1801w\" sizes=\"(max-width: 1024px) 100vw, 1024px\" \/><\/figure>\n\n\n\n<div style=\"height:41px\" aria-hidden=\"true\" class=\"wp-block-spacer\"><\/div>\n\n\n\n<h2 class=\"has-text-align-center has-luminous-vivid-orange-color has-text-color wp-block-heading\">Para realizaci\u00f3n de Internado y Servicio Social<\/h2>\n\n\n\n<p class=\"has-text-align-center\"><em>Internado M\u00e9dico de Pregrado *<\/em><\/p>\n\n\n\n<p><\/p>\n\n\n\n<h3 class=\"has-text-align-center has-luminous-vivid-orange-color has-text-color wp-block-heading\">En el Estado de Quer\u00e9taro<\/h3>\n\n\n\n<p><\/p>\n\n\n\n<figure class=\"wp-block-table is-style-stripes\"><table><thead><tr><th class=\"has-text-align-center\" data-align=\"center\">Hospitales Privados<\/th><th class=\"has-text-align-center\" data-align=\"center\">Hospitales P\u00fablicos<\/th><\/tr><\/thead><tbody><tr><td class=\"has-text-align-center\" data-align=\"center\">Hospital \u00c1ngeles Quer\u00e9taro<\/td><td class=\"has-text-align-center\" data-align=\"center\">Hospital General de Quer\u00e9taro<\/td><\/tr><tr><td class=\"has-text-align-center\" data-align=\"center\">Hospital San Jos\u00e9 Quer\u00e9taro<\/td><td class=\"has-text-align-center\" data-align=\"center\">Hospital General de San Juan del R\u00edo<\/td><\/tr><tr><td class=\"has-text-align-center\" data-align=\"center\">Hospital H++<\/td><td class=\"has-text-align-center\" data-align=\"center\">Hospital General de Cadereyta<\/td><\/tr><tr><td class=\"has-text-align-center\" data-align=\"center\"><\/td><td class=\"has-text-align-center\" data-align=\"center\">Hospital General de Jalpan<\/td><\/tr><tr><td class=\"has-text-align-center\" data-align=\"center\"><\/td><td class=\"has-text-align-center\" data-align=\"center\"><\/td><\/tr><tr><td class=\"has-text-align-center\" data-align=\"center\"><\/td><td class=\"has-text-align-center\" data-align=\"center\"><\/td><\/tr><\/tbody><\/table><\/figure>\n\n\n\n<p><\/p>\n\n\n\n<h3 class=\"has-text-align-center has-luminous-vivid-orange-color has-text-color wp-block-heading\">Fuera del Estado de Quer\u00e9taro<\/h3>\n\n\n\n<p><\/p>\n\n\n\n<figure class=\"wp-block-table is-style-stripes\"><table><tbody><tr><td class=\"has-text-align-center\" data-align=\"center\">Hospital \u00c1ngeles Pedregal<\/td><\/tr><tr><td class=\"has-text-align-center\" data-align=\"center\"><\/td><\/tr><\/tbody><\/table><\/figure>\n\n\n\n<p><\/p>\n\n\n\n<figure class=\"wp-block-table is-style-stripes\"><table><thead><tr><th class=\"has-text-align-center\" data-align=\"center\">Hospitales a los que se puede perfilar<\/th><th class=\"has-text-align-center\" data-align=\"center\">Internacionalizaci\u00f3n en el Internado<\/th><\/tr><\/thead><tbody><tr><td class=\"has-text-align-center\" data-align=\"center\">Hospital ABC<\/td><td class=\"has-text-align-center\" data-align=\"center\">University of Miami, Miller School of Medicine (Florida, EUA)<\/td><\/tr><tr><td class=\"has-text-align-center\" data-align=\"center\">Hospital M\u00e9dica Sur<\/td><td class=\"has-text-align-center\" data-align=\"center\">Programas en Houston<\/td><\/tr><tr><td class=\"has-text-align-center\" data-align=\"center\">Instituto Nacional de Ciencias M\u00e9dicas y Nutrici\u00f3n Salvador Zub\u00edra<\/td><td class=\"has-text-align-center\" data-align=\"center\"><\/td><\/tr><\/tbody><\/table><\/figure>\n\n\n\n<p><\/p>\n\n\n\n<h3 class=\"has-text-align-center has-luminous-vivid-orange-color has-text-color wp-block-heading\">Servicio Social * **<\/h3>\n\n\n\n<p><\/p>\n\n\n\n<figure class=\"wp-block-table is-style-stripes\"><table><tbody><tr><td class=\"has-text-align-center\" data-align=\"center\">Servicio Social en Investigaci\u00f3n a trav\u00e9s de la convocatoria de CIFRHS<\/td><\/tr><tr><td class=\"has-text-align-center\" data-align=\"center\">Servicio Social en SESEQ (Rotatorio, Centros de Salud, CESAM, CAPASITS, Hospitales, Unidad de Transplantes)<\/td><\/tr><tr><td class=\"has-text-align-center\" data-align=\"center\">Servicio Social en Unidades de Medicina Familiar del IMSS<\/td><\/tr><tr><td class=\"has-text-align-center\" data-align=\"center\">Servicio Social en Transplantes (Vinculaci\u00f3n IMSS)<\/td><\/tr><tr><td class=\"has-text-align-center\" data-align=\"center\">Servicio Social Universitario y de Vinculaci\u00f3n<\/td><\/tr><\/tbody><\/table><figcaption class=\"wp-element-caption\"><em>*Sujeto a cambios.<\/em><br>*<em>* Servicio Social se realiza dentro del Estado de Quer\u00e9taro a excepci\u00f3n de investigaci\u00f3n y el internacional.<\/em><\/figcaption><\/figure>\n\n\n\n<p><\/p>\n","protected":false},"excerpt":{"rendered":"<p>Para realizaci\u00f3n de Internado y Servicio Social Internado M\u00e9dico de Pregrado * En el Estado de Quer\u00e9taro Hospitales Privados Hospitales [&hellip;]<\/p>\n","protected":false},"author":1,"featured_media":0,"parent":0,"menu_order":0,"comment_status":"closed","ping_status":"closed","template":"","meta":{"footnotes":""},"class_list":["post-1177","page","type-page","status-publish","hentry"],"_links":{"self":[{"href":"https:\/\/anahuacqro.edu.mx\/escuelacienciasdelasalud\/wp-json\/wp\/v2\/pages\/1177","targetHints":{"allow":["GET"]}}],"collection":[{"href":"https:\/\/anahuacqro.edu.mx\/escuelacienciasdelasalud\/wp-json\/wp\/v2\/pages"}],"about":[{"href":"https:\/\/anahuacqro.edu.mx\/escuelacienciasdelasalud\/wp-json\/wp\/v2\/types\/page"}],"author":[{"embeddable":true,"href":"https:\/\/anahuacqro.edu.mx\/escuelacienciasdelasalud\/wp-json\/wp\/v2\/users\/1"}],"replies":[{"embeddable":true,"href":"https:\/\/anahuacqro.edu.mx\/escuelacienciasdelasalud\/wp-json\/wp\/v2\/comments?post=1177"}],"version-history":[{"count":7,"href":"https:\/\/anahuacqro.edu.mx\/escuelacienciasdelasalud\/wp-json\/wp\/v2\/pages\/1177\/revisions"}],"predecessor-version":[{"id":1646,"href":"https:\/\/anahuacqro.edu.mx\/escuelacienciasdelasalud\/wp-json\/wp\/v2\/pages\/1177\/revisions\/1646"}],"wp:attachment":[{"href":"https:\/\/anahuacqro.edu.mx\/escuelacienciasdelasalud\/wp-json\/wp\/v2\/media?parent=1177"}],"curies":[{"name":"wp","href":"https:\/\/api.w.org\/{rel}","templated":true}]}}