{"id":642,"date":"2017-01-02T08:28:52","date_gmt":"2017-01-02T08:28:52","guid":{"rendered":"https:\/\/demo.themegrill.com\/flash-default-2\/?page_id=5"},"modified":"2021-06-23T22:38:25","modified_gmt":"2021-06-23T22:38:25","slug":"home","status":"publish","type":"page","link":"https:\/\/anahuacqro.edu.mx\/escuelacienciasdelasalud\/","title":{"rendered":"Home"},"content":{"rendered":"<div id=\"pl-642\"  class=\"panel-layout\" ><div id=\"pg-642-0\"  class=\"panel-grid panel-has-style\" ><div class=\"siteorigin-panels-stretch panel-row-style panel-row-style-for-642-0\" data-stretch-type=\"full-stretched\" ><div id=\"pgc-642-0-0\"  class=\"panel-grid-cell\" ><div id=\"panel-642-0-0-0\" class=\"so-panel widget widget_themegrill_flash_slider tg-section tg-slider-widget panel-first-child panel-last-child\" data-index=\"0\" ><div class=\"tg-slider-widget slider-light slider-content-center slider-control-center full-width\">\n\t<div class=\"swiper-container\">\n\t\t<div class=\"swiper-wrapper\">\n\t\t\t\n\t\t\t\t\t<div class=\"swiper-slide\">\n\t\t\t\t\t\t<figure class=\"slider-image\" >\n\t\t\t\t\t\t\t<img  \t\t\t\t\t\t\t\t\tsrc=\"https:\/\/wp-escuelacienciasdelasalud-prod-a6cybwegcbgsh4cs.mexicocentral-01.azurewebsites.net\/wp-content\/uploads\/2020\/12\/banner_home.jpg\"\n\t\t\t\t\t\t\t\t\talt=\"\"\n\t\t\t\t\t\t\t\t\ttitle=\"\"\/>\n\t\t\t\t\t\t\t<div class=\"overlay\"><\/div>\n\t\t\t\t\t\t<\/figure>\n\t\t\t\t\t\t<div class=\"slider-content\">\n\t\t\t\t\t\t\t<div class=\"tg-container\">\n\t\t\t\t\t\t\t\t<div class=\"caption-title\"><\/div>\n\t\t\t\t\t\t\t\t<div class=\"caption-desc\"><\/div>\n\t\t\t\t\t\t\t\t\t\t\t\t\t\t\t<\/div>\n\t\t\t\t\t\t<\/div>\n\t\t\t\t\t<\/div>\n\n\t\t\t\t\n\t\t\t\t\t<div class=\"swiper-slide\">\n\t\t\t\t\t\t<figure class=\"slider-image\" >\n\t\t\t\t\t\t\t<img  \t\t\t\t\t\t\t\t\tsrc=\"https:\/\/wp-escuelacienciasdelasalud-prod-a6cybwegcbgsh4cs.mexicocentral-01.azurewebsites.net\/wp-content\/uploads\/2020\/12\/evidentia_banner.jpg\"\n\t\t\t\t\t\t\t\t\talt=\"\"\n\t\t\t\t\t\t\t\t\ttitle=\"\"\/>\n\t\t\t\t\t\t\t<div class=\"overlay\"><\/div>\n\t\t\t\t\t\t<\/figure>\n\t\t\t\t\t\t<div class=\"slider-content\">\n\t\t\t\t\t\t\t<div class=\"tg-container\">\n\t\t\t\t\t\t\t\t<div class=\"caption-title\"><\/div>\n\t\t\t\t\t\t\t\t<div class=\"caption-desc\"><\/div>\n\t\t\t\t\t\t\t\t\t\t\t\t\t\t\t<\/div>\n\t\t\t\t\t\t<\/div>\n\t\t\t\t\t<\/div>\n\n\t\t\t\t\t\t<\/div>\n\t\t<div class=\"swiper-pagination\"><\/div>\n\t\t<div class=\"slider-arrow\">\n\t\t\t<div class=\"swiper-button-next\"><\/div>\n\t\t\t<div class=\"swiper-button-prev\"><\/div>\n\t\t<\/div>\n\t<\/div>\n<\/div>\n<\/div><\/div><\/div><\/div><div id=\"pg-642-1\"  class=\"panel-grid panel-no-style\" ><div id=\"pgc-642-1-0\"  class=\"panel-grid-cell\" ><div id=\"panel-642-1-0-0\" class=\"widget_text so-panel widget widget_custom_html panel-first-child\" data-index=\"1\" ><div class=\"textwidget custom-html-widget\"><br>\n<br><\/div><\/div><div id=\"panel-642-1-0-1\" class=\"so-panel widget widget_themegrill_flash_heading tg-widget section-title-wrapper\" data-index=\"2\" >\t<h3 class=\"section-title\">Misi\u00f3n<\/h3>\n<\/div><div id=\"panel-642-1-0-2\" class=\"so-panel widget widget_text panel-last-child\" data-index=\"3\" >\t\t\t<div class=\"textwidget\"><p>Formar excelentes profesionales de la salud que, adem\u00e1s de los conocimientos, t\u00e9cnicas y destrezas que requieren para la pr\u00e1ctica de su profesi\u00f3n, posean una preparaci\u00f3n human\u00edstica y \u00e9tica de nivel internacional, incorporando a lo largo de su carrera \u00e1reas de formaci\u00f3n tanto en el campo cient\u00edfico, como en el humanismo y en el social, capacit\u00e1ndolos para ejercer in liderazgo de acci\u00f3n positiva que promueva la transformaci\u00f3n de su entorno con un amplio sentido de responsabilidad social y con un esp\u00edritu de entrega a sus semejantes.<\/p>\n<\/div>\n\t\t<\/div><\/div><\/div><div id=\"pg-642-2\"  class=\"panel-grid panel-no-style\" ><div id=\"pgc-642-2-0\"  class=\"panel-grid-cell\" ><div id=\"panel-642-2-0-0\" class=\"widget_text so-panel widget widget_custom_html panel-first-child\" data-index=\"4\" ><div class=\"textwidget custom-html-widget\"><br>\n<br><\/div><\/div><div id=\"panel-642-2-0-1\" class=\"so-panel widget widget_themegrill_flash_heading tg-widget section-title-wrapper\" data-index=\"5\" >\t<h3 class=\"section-title\">Visi\u00f3n<\/h3>\n<\/div><div id=\"panel-642-2-0-2\" class=\"so-panel widget widget_text panel-last-child\" data-index=\"6\" >\t\t\t<div class=\"textwidget\"><p>Ser una <strong>Escuela de Ciencias de la Salud<\/strong>, reconocida por su capacidad instalada que garantiza la formaci\u00f3n de los profesionales en el campo de la salud con los conocimientos, habilidades y destrezas, con gran compromiso social y \u00e9tico en el ejercicio de su profesi\u00f3n, basados en los altos valores del humanismo cristiano y expresados en un liderazgo de acci\u00f3n positiva que contribuye eficazmente a la transformaci\u00f3n de la sociedad.<\/p>\n<\/div>\n\t\t<\/div><\/div><\/div><div id=\"pg-642-3\"  class=\"panel-grid panel-has-style\" ><div class=\"panel-row-style panel-row-style-for-642-3\" ><div id=\"pgc-642-3-0\"  class=\"panel-grid-cell\" ><div id=\"panel-642-3-0-0\" class=\"widget_text so-panel widget widget_custom_html panel-first-child\" data-index=\"7\" ><div class=\"textwidget custom-html-widget\"><br>\n<br><\/div><\/div><div id=\"panel-642-3-0-1\" class=\"so-panel widget widget_siteorigin-panels-builder panel-last-child\" data-index=\"8\" ><div id=\"pl-w60d3b7e12e727\"  class=\"panel-layout\" ><div id=\"pg-w60d3b7e12e727-0\"  class=\"panel-grid panel-no-style\" ><div id=\"pgc-w60d3b7e12e727-0-0\"  class=\"panel-grid-cell\" ><div id=\"panel-w60d3b7e12e727-0-0-0\" class=\"so-panel widget widget_themegrill_flash_heading tg-widget section-title-wrapper panel-first-child panel-last-child\" data-index=\"0\" >\t<h3 class=\"section-title\">Licenciaturas<\/h3>\n<\/div><\/div><\/div><div id=\"pg-w60d3b7e12e727-1\"  class=\"panel-grid panel-no-style\" ><div id=\"pgc-w60d3b7e12e727-1-0\"  class=\"panel-grid-cell\" ><div id=\"panel-w60d3b7e12e727-1-0-0\" class=\"so-panel widget widget_themegrill_flash_team tg-widget tg-single-team panel-first-child\" data-index=\"1\" ><div class=\"tg-team-widget tg-team-layout-1\">\n\t<div class=\"team-wrapper\">\n\t\t\t\t<div class=\"team-img\">\n\t\t\t\t\t\t<img decoding=\"async\" src=\"https:\/\/wp-escuelacienciasdelasalud-prod-a6cybwegcbgsh4cs.mexicocentral-01.azurewebsites.net\/wp-content\/uploads\/2020\/12\/medicina.jpg\" alt=\"M\u00e9dico cirujano\"\/>\n\t\t<\/div>\n\t\t\t\t<div class=\"team-content-wrapper\">\n\t\t\t<div class=\"team-desc-wrapper\">\n\t\t\t\t<h3 class=\"team-title\">M\u00e9dico cirujano<\/h3>\n\t\t\t\t<div class=\"team-designation\"><\/div>\n\t\t\t\t<div class=\"team-content\">Licenciatura en m\u00e9dico cirujano con sentido humano, promoviendo la salud, prevenci\u00f3n y tratamiento de enfermedades, siempre comprometidos con la sociedad.<\/div>\n\t\t\t\t\t\t\t<\/div>\n\t\t<\/div>\n\t<\/div>\n<\/div>\n<\/div><div id=\"panel-w60d3b7e12e727-1-0-1\" class=\"widget_text so-panel widget widget_custom_html panel-last-child\" data-index=\"2\" ><div class=\"textwidget custom-html-widget\"><div style=\"width:100%; text-align:center;\">\n\t<a href=\"https:\/\/queretaro.anahuac.mx\/licenciaturas\/licenciatura-en-medico-cirujano\" target=\"_blank\"><button style=\"width:70%; background:#ff5800; color:#fff\">\n\t\tConoce m\u00e1s\n\t<\/button><\/a>\n<\/div><\/div><\/div><\/div><div id=\"pgc-w60d3b7e12e727-1-1\"  class=\"panel-grid-cell\" ><div id=\"panel-w60d3b7e12e727-1-1-0\" class=\"so-panel widget widget_themegrill_flash_team tg-widget tg-single-team panel-first-child\" data-index=\"3\" ><div class=\"tg-team-widget tg-team-layout-1\">\n\t<div class=\"team-wrapper\">\n\t\t\t\t<div class=\"team-img\">\n\t\t\t\t\t\t<img decoding=\"async\" src=\"https:\/\/wp-escuelacienciasdelasalud-prod-a6cybwegcbgsh4cs.mexicocentral-01.azurewebsites.net\/wp-content\/uploads\/2020\/12\/nutricion.jpg\" alt=\"Nutrici\u00f3n\"\/>\n\t\t<\/div>\n\t\t\t\t<div class=\"team-content-wrapper\">\n\t\t\t<div class=\"team-desc-wrapper\">\n\t\t\t\t<h3 class=\"team-title\">Nutrici\u00f3n<\/h3>\n\t\t\t\t<div class=\"team-designation\"><\/div>\n\t\t\t\t<div class=\"team-content\">Licenciatura especializada en prevenci\u00f3n, evaluaci\u00f3n, diagn\u00f3stico y tratado de los diferentes estados de nutrici\u00f3n de los individuos y poblaciones. <br><\/div>\n\t\t\t\t\t\t\t<\/div>\n\t\t<\/div>\n\t<\/div>\n<\/div>\n<\/div><div id=\"panel-w60d3b7e12e727-1-1-1\" class=\"widget_text so-panel widget widget_custom_html panel-last-child\" data-index=\"4\" ><div class=\"textwidget custom-html-widget\"><br><div style=\"width:100%; text-align:center;\">\n\t<a href=\"https:\/\/queretaro.anahuac.mx\/licenciaturas\/licenciatura-en-nutricion\" target=\"_blank\"><button style=\"width:70%; background:#ff5800; color:#fff\">\n\t\tConoce m\u00e1s\n\t<\/button><\/a>\n<\/div><\/div><\/div><\/div><div id=\"pgc-w60d3b7e12e727-1-2\"  class=\"panel-grid-cell\" ><div id=\"panel-w60d3b7e12e727-1-2-0\" class=\"so-panel widget widget_themegrill_flash_team tg-widget tg-single-team panel-first-child\" data-index=\"5\" ><div class=\"tg-team-widget tg-team-layout-1\">\n\t<div class=\"team-wrapper\">\n\t\t\t\t<div class=\"team-img\">\n\t\t\t\t\t\t<img decoding=\"async\" src=\"https:\/\/wp-escuelacienciasdelasalud-prod-a6cybwegcbgsh4cs.mexicocentral-01.azurewebsites.net\/wp-content\/uploads\/2020\/12\/terapia_fisica.jpg\" alt=\"Terapia f\u00edsica\"\/>\n\t\t<\/div>\n\t\t\t\t<div class=\"team-content-wrapper\">\n\t\t\t<div class=\"team-desc-wrapper\">\n\t\t\t\t<h3 class=\"team-title\">Terapia f\u00edsica<\/h3>\n\t\t\t\t<div class=\"team-designation\"><\/div>\n\t\t\t\t<div class=\"team-content\">Licenciatura que profundiza en los conocimientos y habilidades que permiten aplicar el tratamiento coherente en el campo de la terapia f\u00edsica.<\/div>\n\t\t\t\t\t\t\t<\/div>\n\t\t<\/div>\n\t<\/div>\n<\/div>\n<\/div><div id=\"panel-w60d3b7e12e727-1-2-1\" class=\"widget_text so-panel widget widget_custom_html panel-last-child\" data-index=\"6\" ><div class=\"textwidget custom-html-widget\"><br><div style=\"width:100%; text-align:center;\">\n\t<a href=\"https:\/\/queretaro.anahuac.mx\/licenciaturas\/licenciatura-en-terapia-fisica-y-rehabilitacion\" target=\"_blank\"><button style=\"width:70%; background:#ff5800; color:#fff\">\n\t\tConoce m\u00e1s\n\t<\/button><\/a>\n<\/div><\/div><\/div><\/div><\/div><\/div><\/div><\/div><\/div><\/div><\/div>","protected":false},"excerpt":{"rendered":"<p>Formar excelentes profesionales de la salud que, adem\u00e1s de los conocimientos, t\u00e9cnicas y destrezas que requieren para la pr\u00e1ctica de [&hellip;]<\/p>\n","protected":false},"author":1,"featured_media":0,"parent":0,"menu_order":0,"comment_status":"closed","ping_status":"closed","template":"","meta":{"footnotes":""},"class_list":["post-642","page","type-page","status-publish","hentry"],"_links":{"self":[{"href":"https:\/\/anahuacqro.edu.mx\/escuelacienciasdelasalud\/wp-json\/wp\/v2\/pages\/642","targetHints":{"allow":["GET"]}}],"collection":[{"href":"https:\/\/anahuacqro.edu.mx\/escuelacienciasdelasalud\/wp-json\/wp\/v2\/pages"}],"about":[{"href":"https:\/\/anahuacqro.edu.mx\/escuelacienciasdelasalud\/wp-json\/wp\/v2\/types\/page"}],"author":[{"embeddable":true,"href":"https:\/\/anahuacqro.edu.mx\/escuelacienciasdelasalud\/wp-json\/wp\/v2\/users\/1"}],"replies":[{"embeddable":true,"href":"https:\/\/anahuacqro.edu.mx\/escuelacienciasdelasalud\/wp-json\/wp\/v2\/comments?post=642"}],"version-history":[{"count":45,"href":"https:\/\/anahuacqro.edu.mx\/escuelacienciasdelasalud\/wp-json\/wp\/v2\/pages\/642\/revisions"}],"predecessor-version":[{"id":679,"href":"https:\/\/anahuacqro.edu.mx\/escuelacienciasdelasalud\/wp-json\/wp\/v2\/pages\/642\/revisions\/679"}],"wp:attachment":[{"href":"https:\/\/anahuacqro.edu.mx\/escuelacienciasdelasalud\/wp-json\/wp\/v2\/media?parent=642"}],"curies":[{"name":"wp","href":"https:\/\/api.w.org\/{rel}","templated":true}]}}