{"id":738,"date":"2020-12-23T18:59:15","date_gmt":"2020-12-23T18:59:15","guid":{"rendered":"https:\/\/anahuacqro.edu.mx\/escuelacienciasdelasalud\/?page_id=738"},"modified":"2024-10-23T23:19:02","modified_gmt":"2024-10-23T23:19:02","slug":"propedeutico-medicina","status":"publish","type":"page","link":"https:\/\/anahuacqro.edu.mx\/escuelacienciasdelasalud\/propedeutico-medicina\/","title":{"rendered":"Proped\u00e9utico Medicina"},"content":{"rendered":"<div class=\"wp-block-image w-100-img\">\n<figure class=\"aligncenter size-large is-resized\"><img fetchpriority=\"high\" decoding=\"async\" width=\"682\" height=\"435\" src=\"https:\/\/wp-escuelacienciasdelasalud-prod-a6cybwegcbgsh4cs.mexicocentral-01.azurewebsites.net\/wp-content\/uploads\/2020\/12\/Banner_Curso-Propede\u0301utico-Online.png\" alt=\"\" class=\"wp-image-745\" style=\"width:531px;height:339px\" srcset=\"\/escuelacienciasdelasalud\/wp-content\/uploads\/2020\/12\/Banner_Curso-Propede\u0301utico-Online.png 682w, \/escuelacienciasdelasalud\/wp-content\/uploads\/2020\/12\/Banner_Curso-Propede\u0301utico-Online-300x191.png 300w\" sizes=\"(max-width: 682px) 100vw, 682px\" \/><\/figure>\n<\/div>\n\n\n<h3 class=\"wp-block-heading has-text-align-center has-luminous-vivid-orange-color has-text-color\">Curso Proped\u00e9utico<\/h3>\n\n\n\n<h2 class=\"wp-block-heading has-text-align-center has-black-color has-text-color\">Pr\u00f3ximas fechas para entrada en enero 2025 y agosto 2025<\/h2>\n\n\n\n<div class=\"wp-block-buttons is-horizontal is-content-justification-center is-layout-flex wp-container-core-buttons-is-layout-499968f5 wp-block-buttons-is-layout-flex\">\n<div class=\"wp-block-button\"><a class=\"wp-block-button__link has-luminous-vivid-orange-background-color has-background wp-element-button\" href=\"https:\/\/propedeuticomedicina.anahuacqro.edu.mx\/\" target=\"_blank\" rel=\"noreferrer noopener\">Da clic aqu\u00ed para conocer tu resultado del Curso Proped\u00e9utico<\/a><\/div>\n<\/div>\n\n\n\n<hr class=\"wp-block-separator has-alpha-channel-opacity is-style-default\"\/>\n\n\n\n<div style=\"height:30px\" aria-hidden=\"true\" class=\"wp-block-spacer\"><\/div>\n\n\n\n<p>El curso proped\u00e9utico nace a partir de la necesidad de introducir al estudiante a la vida universitaria de la licenciatura en m\u00e9dico cirujano. Al realizar el curso proped\u00e9utico el participante reafirmar\u00e1 su orientaci\u00f3n vocacional e iniciar\u00e1 el desarrollo de las competencias b\u00e1sicas como estudiante de medicina.<\/p>\n\n\n\n<p>El estudiante recibir\u00e1 los conocimientos b\u00e1sicos necesarios para promover su \u00f3ptimo desempe\u00f1o en las asignaturas del plan de estudios. Para la elaboraci\u00f3n de los planes de las materias del proped\u00e9utico, se realiz\u00f3 una selecci\u00f3n y dise\u00f1o de actividades, estrategias de intervenci\u00f3n y elementos pertinentes para favorecer el aprendizaje de los estudiantes. El dise\u00f1o de dicha planeaci\u00f3n tiene como base la relaci\u00f3n entre los prop\u00f3sitos educativos, elementos del curr\u00edculo vigentes y las competencias gen\u00e9ricas necesarias para el ingreso a la licenciatura en m\u00e9dico cirujano. Adicionalmente, el dise\u00f1o del curso proped\u00e9utico prepara al estudiante para el uso de las diferentes herramientas de tecnolog\u00edas de la informaci\u00f3n y comunicaci\u00f3n usadas por nuestra Universidad.<\/p>\n\n\n\n<p>Todas las actividades del curso proped\u00e9utico se realizan bajo la misi\u00f3n y visi\u00f3n de la Universidad An\u00e1huac en un marco human\u00edstico, \u00e9tico y social, que capacita al candidato para ejercer un liderazgo de acci\u00f3n positiva. Por otra parte, para la Escuela de Medicina de la Universidad An\u00e1huac Quer\u00e9taro, el proped\u00e9utico cumple el objetivo de seleccionar a los mejores candidatos que de forma cualitativa y cuantitativa son evaluados en condiciones similares a las presentadas durante la licenciatura en m\u00e9dico cirujano. Ya que se tiene un l\u00edmite de plazas autorizadas espec\u00edficas para cada periodo de ingreso. Esto proporciona una base para garantizar el mejor aprovechamiento de los cursos impartidos durante los primeros semestres de la licenciatura.<\/p>\n\n\n\n<h2 class=\"wp-block-heading has-text-align-center\">Preguntas Frecuentes<\/h2>\n\n\n\n<div style=\"height:39px\" aria-hidden=\"true\" class=\"wp-block-spacer\"><\/div>\n\n\n<style>#sp-ea-742 .spcollapsing { height: 0; overflow: hidden; transition-property: height;transition-duration: 500ms;}#sp-ea-742.sp-easy-accordion>.sp-ea-single {border: 1px solid #e2e2e2; }#sp-ea-742.sp-easy-accordion>.sp-ea-single>.ea-header a {color: #444;}#sp-ea-742.sp-easy-accordion>.sp-ea-single>.sp-collapse>.ea-body {background: #fff; color: #444;}#sp-ea-742.sp-easy-accordion>.sp-ea-single {background: #eee;}#sp-ea-742.sp-easy-accordion>.sp-ea-single>.ea-header a .ea-expand-icon.fa { float: left; color: #444;font-size: 16px;}<\/style><div id=\"sp_easy_accordion-1705687610\"><div id=\"sp-ea-742\" class=\"sp-ea-one sp-easy-accordion\" data-ex-icon=\"fa-minus\" data-col-icon=\"fa-plus\"  data-ea-active=\"ea-click\"  data-ea-mode=\"vertical\" data-preloader=\"\" data-scroll-active-item=\"\" data-offset-to-scroll=\"0\"><div class=\"ea-card ea-expand sp-ea-single\"><h3 class=\"ea-header\"><a class=\"collapsed\" data-sptoggle=\"spcollapse\" data-sptarget=#collapse7420 href=\"javascript:void(0)\"  aria-expanded=\"true\"><i class=\"ea-expand-icon fa fa-minus\"><\/i> Proceso de entrada al curso proped\u00e9utico<\/a><\/h3><div class=\"sp-collapse spcollapse collapsed show\" id=\"collapse7420\" data-parent=#sp-ea-742><div class=\"ea-body\"><div id=\"collapse28950\" class=\"sp-collapse spcollapse show\" data-parent=\"#sp-ea-2895\">\n<div class=\"ea-body\">\n<p>El candidato deber\u00e1:<\/p>\n<ul>\n<li>Realizar la solicitud de admisi\u00f3n en <strong><a href=\"https:\/\/procesos.bpm.anahuac.mx\/apps\/login\/admisiones\" target=\"_blank\" rel=\"noopener\">BPM<\/a><\/strong> completa.<\/li>\n<li>El alumno deber\u00e1 obtener un resultado aprobatorio en su proceso de admisi\u00f3n<\/li>\n<li>Cubrir el pago de inscripci\u00f3n ($13,500 MXN) al curso proped\u00e9utico. No aplica beca, ni descuentos de pronto pago.<strong><br \/>\n<\/strong><\/li>\n<li>Una vez inscrito al curso, se te invitar\u00e1 a la sesi\u00f3n informativa y carga de materias del mismo. Tu asistencia es requisito indispensable.<\/li>\n<\/ul>\n<\/div>\n<div style=\"display: flex; justify-content: center; align-items: center; margin-top: -35px;\"><a style=\"text-decoration: none;\" href=\"https:\/\/anahuacqro.edu.mx\/escuelacienciasdelasalud\/wp-content\/uploads\/2024\/10\/ENERO-2025.pdf\"><br \/>\n<button style=\"background-color: #ff5900; color: white; border: none; border-radius: 10px; cursor: pointer; margin: 10px;\">Proped\u00e9utico Enero 2025<\/button><\/a><br \/>\n<a style=\"text-decoration: none;\" href=\"https:\/\/anahuacqro.edu.mx\/escuelacienciasdelasalud\/wp-content\/uploads\/2024\/10\/AGOSTO-2025.pdf\"><br \/>\n<button style=\"background-color: #ff5900; color: white; border: none; border-radius: 10px; cursor: pointer; margin: 10px;\">Proped\u00e9utico Agosto 2025<\/button><br \/>\n<\/a><\/div>\n<\/div>\n<\/div><\/div><\/div><div class=\"ea-card  sp-ea-single\"><h3 class=\"ea-header\"><a class=\"collapsed\" data-sptoggle=\"spcollapse\" data-sptarget=#collapse7421 href=\"javascript:void(0)\"  aria-expanded=\"false\"><i class=\"ea-expand-icon fa fa-plus\"><\/i> Estructura y duraci\u00f3n del curso proped\u00e9utico<\/a><\/h3><div class=\"sp-collapse spcollapse \" id=\"collapse7421\" data-parent=#sp-ea-742><div class=\"ea-body\"><ul>\n<li>El curso tiene una duraci\u00f3n de 4 semanas.<\/li>\n<li>El curso ser\u00e1 realizado modalidad en l\u00ednea. Es obligatoria la asistencia a las clases, \u00fanicamente toler\u00e1ndose 10% de inasistencias.<\/li>\n<li>Durante el curso proped\u00e9utico el candidato cursar\u00e1 8 materias.<\/li>\n<li>Las materias son:\n<ol>\n<li>Principios de Anatom\u00eda<\/li>\n<li>Principios de Fisiolog\u00eda para la medicina<\/li>\n<li>Bases de Biolog\u00eda para medicina<\/li>\n<li>Bases de Qu\u00edmica para medicina<\/li>\n<li>Matem\u00e1ticas aplicadas a la medicina<\/li>\n<li>Etimolog\u00eda M\u00e9dica<\/li>\n<li>T\u00e9cnicas de estudio<\/li>\n<li>M\u00e9dico An\u00e1huac<\/li>\n<\/ol>\n<\/li>\n<li>Durante el curso, el candidato pasar\u00e1 por un proceso de evaluaci\u00f3n de car\u00e1cter obligatorio con el \u00e1rea de Orientaci\u00f3n Vocacional del departamento de Atenci\u00f3n Preuniversitaria (APREU). Dicho proceso consta de:\n<ol>\n<li>Entrevista individual.<\/li>\n<li>La aplicaci\u00f3n de una prueba estandarizada enfocada a la evaluaci\u00f3n de competencias afines con el perfil del m\u00e9dico<\/li>\n<li>Panel de especialistas y taller de OV.<\/li>\n<\/ol>\n<p><i>Este proceso posee valor en la ponderaci\u00f3n final del promedio de selecci\u00f3n.<\/i><\/li>\n<\/ul>\n<\/div><\/div><\/div><div class=\"ea-card  sp-ea-single\"><h3 class=\"ea-header\"><a class=\"collapsed\" data-sptoggle=\"spcollapse\" data-sptarget=#collapse7422 href=\"javascript:void(0)\"  aria-expanded=\"false\"><i class=\"ea-expand-icon fa fa-plus\"><\/i> Selecci\u00f3n de alumnos de ingreso a la licenciatura en m\u00e9dico cirujano<\/a><\/h3><div class=\"sp-collapse spcollapse \" id=\"collapse7422\" data-parent=#sp-ea-742><div class=\"ea-body\"><div id=\"collapse28952\" class=\"sp-collapse spcollapse show\" data-parent=\"#sp-ea-2895\">\n<div class=\"ea-body\">\n<ul>\n<li>La selecci\u00f3n de los candidatos se llevar\u00e1 a cabo tomando en cuenta sus m\u00e9ritos acad\u00e9micos. Todos los pasos del proceso de admisi\u00f3n son transparentes.<\/li>\n<li>La Coordinaci\u00f3n del Proped\u00e9utico recaudar\u00e1 los promedios finales de todos los sustentantes. La Coordinaci\u00f3n del Proped\u00e9utico turnar\u00e1 la lista final al Comit\u00e9 de Admisi\u00f3n de la Escuela de Medicina de la Universidad An\u00e1huac Quer\u00e9taro. El Comit\u00e9 realizar\u00e1 la minuta final estableciendo los candidatos seleccionados al ingreso a la licenciatura.<\/li>\n<li>El promedio del sustentante se compondr\u00e1 de la siguiente manera:\n<ul>\n<li>Evaluaci\u00f3n de orientaci\u00f3n vocacional: <strong>20%<\/strong> del promedio final.<\/li>\n<li>Promedio de las calificaciones finales de las 8 materias cursadas durante el curso proped\u00e9utico: <strong>80%<\/strong> del promedio final.<\/li>\n<\/ul>\n<\/li>\n<li>El n\u00famero final de sustentantes que podr\u00e1n ser seleccionados a ingresar a la licenciatura ser\u00e1 notificado durante la reuni\u00f3n informativa inicial del curso proped\u00e9utico. Dicho n\u00famero depende de (1) la disponibilidad de campo cl\u00ednico fijada por instancias estatales y federales y (2) de la Opini\u00f3n T\u00e9cnico Acad\u00e9mica (OTA) de la Comisi\u00f3n Interinstitucional para la Formaci\u00f3n de Recursos Humanos para la Salud (CIFRHS). Por lo tanto, el n\u00famero de aceptados no es de car\u00e1cter negociable.<\/li>\n<li>Durante la semana posterior al fin del curso proped\u00e9utico se notificar\u00e1 al estudiante por correo electr\u00f3nico la decisi\u00f3n final del Consejo de Admisi\u00f3n de la Escuela de Medicina de la Universidad An\u00e1huac Quer\u00e9taro. La \u00fanica instancia Universitaria con la facultad de notificar la decisi\u00f3n al candidato es la Oficina de Atenci\u00f3n Preuniversitaria.<\/li>\n<li>Los sustentantes que hayan sido seleccionados no podr\u00e1n postergar su entrada a la licenciatura para ciclos posteriores al inmediato subsecuente al proped\u00e9utico.<\/li>\n<li>La decisi\u00f3n en todos los casos es inapelable.<\/li>\n<\/ul>\n<\/div>\n<\/div>\n<\/div><\/div><\/div><div class=\"ea-card  sp-ea-single\"><h3 class=\"ea-header\"><a class=\"collapsed\" data-sptoggle=\"spcollapse\" data-sptarget=#collapse7423 href=\"javascript:void(0)\"  aria-expanded=\"false\"><i class=\"ea-expand-icon fa fa-plus\"><\/i> Sustentantes no seleccionados<\/a><\/h3><div class=\"sp-collapse spcollapse \" id=\"collapse7423\" data-parent=#sp-ea-742><div class=\"ea-body\"><div id=\"collapse28953\" class=\"sp-collapse spcollapse show\" data-parent=\"#sp-ea-2895\">\n<div class=\"ea-body\">\n<ul>\n<li>La lista de espera (en caso de existir), \u00fanicamente aplicar\u00e1 para sustentantes que hayan obtenido un promedio final de 8.0 o mayor en el curso proped\u00e9utico y no hayan reprobado ninguna materia.<\/li>\n<li>Los sustentantes que hayan tenido un promedio debajo de 7.0 o hayan reprobado 2 materias o m\u00e1s no podr\u00e1n realizar m\u00e1s proped\u00e9uticos para ingreso a la Escuela de Medicina de la Universidad An\u00e1huac Quer\u00e9taro.<\/li>\n<li>Los sustentantes que hayan obtenido un promedio de 7.0 o mayor y no sean seleccionados, en caso de decidir iniciar otra carrera en la Divisi\u00f3n de Ciencias de la Salud (Licenciatura en Terapia F\u00edsica y Rehabilitaci\u00f3n y Licenciatura en Nutrici\u00f3n) estar\u00e1n renunciando a la posibilidad de presentar un segundo proped\u00e9utico.<\/li>\n<li>Aquellos estudiantes que no hayan sido seleccionados, cuentan con una admisi\u00f3n para cualquier otra de las licenciaturas ofertadas en la Universidad An\u00e1huac Quer\u00e9taro.<\/li>\n<\/ul>\n<\/div>\n<\/div>\n<\/div><\/div><\/div><\/div><\/div>\n","protected":false},"excerpt":{"rendered":"<p>Curso Proped\u00e9utico Pr\u00f3ximas fechas para entrada en enero 2025 y agosto 2025 El curso proped\u00e9utico nace a partir de la [&hellip;]<\/p>\n","protected":false},"author":1,"featured_media":0,"parent":0,"menu_order":0,"comment_status":"closed","ping_status":"closed","template":"","meta":{"footnotes":""},"class_list":["post-738","page","type-page","status-publish","hentry"],"_links":{"self":[{"href":"https:\/\/anahuacqro.edu.mx\/escuelacienciasdelasalud\/wp-json\/wp\/v2\/pages\/738","targetHints":{"allow":["GET"]}}],"collection":[{"href":"https:\/\/anahuacqro.edu.mx\/escuelacienciasdelasalud\/wp-json\/wp\/v2\/pages"}],"about":[{"href":"https:\/\/anahuacqro.edu.mx\/escuelacienciasdelasalud\/wp-json\/wp\/v2\/types\/page"}],"author":[{"embeddable":true,"href":"https:\/\/anahuacqro.edu.mx\/escuelacienciasdelasalud\/wp-json\/wp\/v2\/users\/1"}],"replies":[{"embeddable":true,"href":"https:\/\/anahuacqro.edu.mx\/escuelacienciasdelasalud\/wp-json\/wp\/v2\/comments?post=738"}],"version-history":[{"count":64,"href":"https:\/\/anahuacqro.edu.mx\/escuelacienciasdelasalud\/wp-json\/wp\/v2\/pages\/738\/revisions"}],"predecessor-version":[{"id":2452,"href":"https:\/\/anahuacqro.edu.mx\/escuelacienciasdelasalud\/wp-json\/wp\/v2\/pages\/738\/revisions\/2452"}],"wp:attachment":[{"href":"https:\/\/anahuacqro.edu.mx\/escuelacienciasdelasalud\/wp-json\/wp\/v2\/media?parent=738"}],"curies":[{"name":"wp","href":"https:\/\/api.w.org\/{rel}","templated":true}]}}