{"id":1003,"date":"2020-10-01T07:05:58","date_gmt":"2020-10-01T02:05:58","guid":{"rendered":"https:\/\/anahuacqro.edu.mx\/escuelacomunicacion\/?page_id=1003"},"modified":"2020-10-07T05:06:27","modified_gmt":"2020-10-07T00:06:27","slug":"cafecito-sustentable","status":"publish","type":"page","link":"https:\/\/anahuacqro.edu.mx\/escuelacomunicacion\/cafecito-sustentable\/","title":{"rendered":"Cafecito Sustentable"},"content":{"rendered":"<p>[vc_row][vc_column width=&#8221;1\/2&#8243; css=&#8221;.vc_custom_1598577357087{margin-top: -0px !important;}&#8221;][vc_video][vc_single_image image=&#8221;1006&#8243; img_size=&#8221;600&#215;400&#8243; alignment=&#8221;center&#8221; style=&#8221;vc_box_outline&#8221; border_color=&#8221;peacoc&#8221;][vc_single_image image=&#8221;1005&#8243; img_size=&#8221;600&#215;400&#8243; alignment=&#8221;center&#8221; style=&#8221;vc_box_outline&#8221; border_color=&#8221;peacoc&#8221;][\/vc_column][vc_column width=&#8221;1\/2&#8243; css=&#8221;.vc_custom_1598577060651{margin-top: 40px !important;}&#8221;][vc_btn title=&#8221;Programaci\u00f3n oto\u00f1o 2020&#8243; color=&#8221;warning&#8221; align=&#8221;right&#8221; css=&#8221;.vc_custom_1602029089949{margin-top: -60px !important;}&#8221; link=&#8221;url:https%3A%2F%2Fanahuacqro.edu.mx%2Fescuelacomunicacion%2Fradio-streaming%2Fprogramacion-otono-2020%2F|title:Programaci%C3%B3n%20Oto%C3%B1o%202020||&#8221;][vc_column_text]&nbsp;<\/p>\n<p>&nbsp;<\/p>\n<p>&nbsp;<\/p>\n<p>&nbsp;<\/p>\n<p>&nbsp;<\/p>\n<p>&nbsp;<\/p>\n<p>&nbsp;<\/p>\n<p>&nbsp;<\/p>\n<p>&nbsp;<\/p>\n<p>&nbsp;<\/p>\n<p>&nbsp;<\/p>\n<p><strong>Itzel Trevi\u00f1o Guajardo<\/strong><\/p>\n<p>Me gusta que me llamen Itzel<\/p>\n<p>Cumplo a\u00f1os el 27 de junio<\/p>\n<p>Soy locutora de El Cafecito Sustentable<\/p>\n<p>Soy Lic. en Turismo Internacional (UDEM) y actualmente estudio la Maestr\u00eda en Responsabilidad Social<\/p>\n<p>Mi pasatiempo es leer y correr<\/p>\n<p>Me identifico con la frase: &#8220;A veces sentimos que lo que hacemos es tan solo una gota en el mar, pero el mar ser\u00eda menos si le faltara una gota&#8221; &#8211; Madre Teresa de Calcuta[\/vc_column_text][vc_column_text]&nbsp;<\/p>\n<p>&nbsp;<\/p>\n<p>&nbsp;<\/p>\n<p><strong>Melissa Dinorah Ram\u00edrez Ortiz <\/strong><\/p>\n<p>Me gusta que me llamen Mel<\/p>\n<p>Cumplo a\u00f1os 09 de enero<\/p>\n<p>Soy locutora de El Cafecito Sustentable<\/p>\n<p>Soy Lic. en Comunicaci\u00f3n y actualmente estudia la Maestr\u00eda en Responsabilidad Social<\/p>\n<p>Mi pasatiempo es el cine y escribir<\/p>\n<p>Me identifico con la frase: &#8220;La \u00fanica gente que me interesa es la que est\u00e1 loca, la gente que est\u00e1 loca por vivir, loca por hablar, loca por salvarse, con ganas de todo al mismo tiempo, la gente que nunca bosteza ni habla de lugares comunes, sino que arde, arde como fabulosos cohetes amarillos explotando igual que ara\u00f1as entre las estrellas&#8230;&#8221; (Jack Kerouac)[\/vc_column_text][\/vc_column][\/vc_row]<\/p>\n","protected":false},"excerpt":{"rendered":"<p>[vc_row][vc_column width=&#8221;1\/2&#8243; css=&#8221;.vc_custom_1598577357087{margin-top: -0px !important;}&#8221;][vc_video][vc_single_image image=&#8221;1006&#8243; img_size=&#8221;600&#215;400&#8243; alignment=&#8221;center&#8221; style=&#8221;vc_box_outline&#8221; border_color=&#8221;peacoc&#8221;][vc_single_image image=&#8221;1005&#8243; img_size=&#8221;600&#215;400&#8243; alignment=&#8221;center&#8221; style=&#8221;vc_box_outline&#8221; border_color=&#8221;peacoc&#8221;][\/vc_column][vc_column width=&#8221;1\/2&#8243; css=&#8221;.vc_custom_1598577060651{margin-top: 40px !important;}&#8221;][vc_btn title=&#8221;Programaci\u00f3n oto\u00f1o 2020&#8243; color=&#8221;warning&#8221; align=&#8221;right&#8221; css=&#8221;.vc_custom_1602029089949{margin-top: -60px !important;}&#8221; link=&#8221;url:https%3A%2F%2Fanahuacqro.edu.mx%2Fescuelacomunicacion%2Fradio-streaming%2Fprogramacion-otono-2020%2F|title:Programaci%C3%B3n%20Oto%C3%B1o%202020||&#8221;][vc_column_text]&nbsp; &nbsp; &nbsp; &nbsp; &nbsp; &nbsp; &nbsp; &nbsp; &nbsp; &nbsp; &nbsp; Itzel Trevi\u00f1o<\/p>\n","protected":false},"author":3,"featured_media":0,"parent":0,"menu_order":0,"comment_status":"closed","ping_status":"closed","template":"","meta":[],"_links":{"self":[{"href":"https:\/\/anahuacqro.edu.mx\/escuelacomunicacion\/wp-json\/wp\/v2\/pages\/1003"}],"collection":[{"href":"https:\/\/anahuacqro.edu.mx\/escuelacomunicacion\/wp-json\/wp\/v2\/pages"}],"about":[{"href":"https:\/\/anahuacqro.edu.mx\/escuelacomunicacion\/wp-json\/wp\/v2\/types\/page"}],"author":[{"embeddable":true,"href":"https:\/\/anahuacqro.edu.mx\/escuelacomunicacion\/wp-json\/wp\/v2\/users\/3"}],"replies":[{"embeddable":true,"href":"https:\/\/anahuacqro.edu.mx\/escuelacomunicacion\/wp-json\/wp\/v2\/comments?post=1003"}],"version-history":[{"count":4,"href":"https:\/\/anahuacqro.edu.mx\/escuelacomunicacion\/wp-json\/wp\/v2\/pages\/1003\/revisions"}],"predecessor-version":[{"id":1126,"href":"https:\/\/anahuacqro.edu.mx\/escuelacomunicacion\/wp-json\/wp\/v2\/pages\/1003\/revisions\/1126"}],"wp:attachment":[{"href":"https:\/\/anahuacqro.edu.mx\/escuelacomunicacion\/wp-json\/wp\/v2\/media?parent=1003"}],"curies":[{"name":"wp","href":"https:\/\/api.w.org\/{rel}","templated":true}]}}