{"id":1512,"date":"2023-07-25T00:44:46","date_gmt":"2023-07-24T19:44:46","guid":{"rendered":"https:\/\/anahuacqro.edu.mx\/escuelacomunicacion\/?page_id=1512"},"modified":"2023-07-25T00:56:55","modified_gmt":"2023-07-24T19:56:55","slug":"islas-de-edicion","status":"publish","type":"page","link":"https:\/\/anahuacqro.edu.mx\/escuelacomunicacion\/islas-de-edicion\/","title":{"rendered":"Islas de Edici\u00f3n"},"content":{"rendered":"<p>[vc_row][vc_column][vc_column_text]<span class=\"s4\">Para tener acceso a esta Isla de edici\u00f3n y hacer uso del equipo de audio y computo, ser\u00e1 necesario que alumno y el profesor conozcan y atiendan los siguientes puntos del reglamento del Centro de Medios de la Escuela de Comunicaci\u00f3n y Direcci\u00f3n de Empresas de Entretenimiento.<\/span><\/p>\n<p><span class=\"s4\">I. Este espacio est\u00e1 destinado a la sana convivencia entre los alumnos de la Universidad aprovech\u00e1ndolo para clases y tiempo libre, en donde se ver\u00e1n resaltados los valores de respeto, compa\u00f1erismo y solidaridad.<\/span><\/p>\n<p><span class=\"s4\">II. Para hacer uso las islas de edici\u00f3n, es obligatorio para todos los alumnos y profesores solicitar el acceso en la oficina del Centro de Medios, presentando su credencial vigente de la Universidad An\u00e1huac Quer\u00e9taro. La identificaci\u00f3n es personal e intransferible.<\/span><\/p>\n<p><span class=\"s4\">III. Las Islas deber\u00e1n ser reservadas en Centro de Medios con debida anticipaci\u00f3n. El alumno tendr\u00e1 una tolerancia de diez minutos en <\/span><span class=\"s4\">relaci\u00f3n a su horario reservado, despu\u00e9s de este lapso se reasignar\u00e1 el espacio a quien as\u00ed lo requiera.<\/span><\/p>\n<p><span class=\"s4\">IV. No se podr\u00e1 prolongar el tiempo asignado al alumno. El espacio deber\u00e1 ser desocupado cinco minutos antes de concluir el tiempo reservado.<\/span><\/p>\n<p><span class=\"s4\">V. Al terminar el tiempo asignado, el alumno deber\u00e1 cerrar su sesi\u00f3n en el equipo de computo.<\/span><\/p>\n<p><span class=\"s4\">VI. El alumno es responsable de equipo de audio y computo asignado. Por lo qu\u00e9 si encuentra alg\u00fan desperfecto, deber\u00e1 reportar <\/span><span class=\"s4\">inmediatamente al Centro de Medios.<\/span><\/p>\n<p><span class=\"s4\">VII. En caso de da\u00f1o, descompostura del equipo asignado imputable al alumno, \u00e9ste tendr\u00e1 la obligaci\u00f3n de cubrir la reparaci\u00f3n.<\/span><\/p>\n<p><span class=\"s4\">VIII. <\/span><span class=\"s4\">Al termino del periodo acad\u00e9mico se formatear\u00e1n los equipos de computo. Cada ocho d\u00edas se realizar\u00e1 la correspondiente limpieza de archivos que se encuentren en los mismos.<\/span><\/p>\n<p><span class=\"s4\">IX. Es responsabilidad de los alumnos dejar limpias y ordenadas las instalaciones. Se entiende por limpias y ordenadas: sillas acomodadas, las mesas y el suelo libres de basura y papeles, envases, etc.<\/span><\/p>\n<p><span class=\"s4\">X. Es derecho de los alumnos recibir las instalaciones en las mismas condiciones. De no ser as\u00ed, reportar inmediatamente al Centro <\/span><span class=\"s4\">de Medios.<\/span><\/p>\n<p><span class=\"s4\">XI. Cualquier da\u00f1o que sufran las instalaciones por negligencia del alumno ser\u00e1 responsabilidad del mismo, oblig\u00e1ndolo a cubrir la <\/span><span class=\"s4\">reparaci\u00f3n y\/o reposici\u00f3n del mobiliario.<\/span><\/p>\n<p><span class=\"s4\">XII. Queda estrictamente prohibido realizar cortes sobre las mesas de trabajo o el piso, usar pegamentos en aerosol, tocar las panta<\/span><span class=\"s4\">llas con los dedos, subir los pies a las sillas y mesas, pegar impresos en las paredes como en los equipos de computo.<\/span><\/p>\n<p><span class=\"s4\">XIII. Queda prohibido fumar, introducir bebidas alcoh\u00f3licas o estupefacientes. El alumno que sea sorprendido infligiendo esta regla ser\u00e1 remitido con las autoridades de la Universidad.<\/span><\/p>\n<p><span class=\"s4\">XIV. Est\u00e1 permitido el uso de reproductores de m\u00fasica y video siempre y cuando sea compatibles con las aplicaciones disponibles en <\/span><span class=\"s4\">el equipo de computo.<\/span><\/p>\n<p><span class=\"s4\">Todo audio deber\u00e1 ser moderado, en caso de requerir aud\u00edfonos, acudir a Centro de Medios con credencial<\/span><span class=\"s4\"> vigente de la Universidad An\u00e1huac Quer\u00e9taro.<\/span><\/p>\n<p><span class=\"s4\">XV. Para poder hacer uso de AVID Pro Tools es necesario llave de activaci\u00f3n, \u201cIlok\u201d, para ello deber\u00e1s acudir a Centro de Medios con <\/span><span class=\"s4\">credencial vigente de la Universidad An\u00e1huac Quer\u00e9taro.<\/span><\/p>\n<p><span class=\"s4\">XVI. Queda estrictamente prohibido desconectar cualquier cable de conexi\u00f3n el\u00e9ctrica, datos, audio y video, esto con el objetivo de <\/span><span class=\"s4\">garantizar el adecuado funcionamiento de los equipos de computo.<\/span><\/p>\n<p><span class=\"s4\">XVII. Queda prohibido a todos los usuarios, instalar de forma temporal o permanente cualquier aplicaci\u00f3n o software que no sea propiedad de la Universidad.<\/span><\/p>\n<p><span class=\"s4\">XVIII. Se proh\u00edbe copiar aplicaciones. El hacerlo te convierte en un infractor de las leyes sobre derecho de autor.<\/span><\/p>\n<p><span class=\"s4\">XIX. El equipo de computo y su respectivo software de este laboratorio \u201cIsla de edici\u00f3n\u201d son exclusivamente para uso acad\u00e9mico y no <\/span><span class=\"s4\">para uso personal o con fines lucrativos-comerciales.<\/span><\/p>\n<p><span class=\"s4\">XX. <\/span><span class=\"s4\">El Centro de Medios apoyara en clase en cuestiones t\u00e9cnicas; Ser\u00e1 un requisito fundamental para el uso de las instalaciones, el conocimiento b\u00e1sico de los equipos. <\/span><\/p>\n<p><span class=\"s4\">Es responsabilidad del profesor dar la asesor\u00eda necesaria a sus alumnos, con el objetivo de desarrollar <\/span><span class=\"s4\">proyectos de calidad acad\u00e9mica.<\/span>[\/vc_column_text][\/vc_column][\/vc_row][vc_row][vc_column][vc_separator color=&#8221;orange&#8221;][\/vc_column][\/vc_row]<\/p>\n","protected":false},"excerpt":{"rendered":"<p>[vc_row][vc_column][vc_column_text]Para tener acceso a esta Isla de edici\u00f3n y hacer uso del equipo de audio y computo, ser\u00e1 necesario que alumno y el profesor conozcan y atiendan los siguientes puntos del reglamento del Centro de Medios de la Escuela de<\/p>\n","protected":false},"author":1,"featured_media":0,"parent":0,"menu_order":0,"comment_status":"closed","ping_status":"closed","template":"","meta":[],"_links":{"self":[{"href":"https:\/\/anahuacqro.edu.mx\/escuelacomunicacion\/wp-json\/wp\/v2\/pages\/1512"}],"collection":[{"href":"https:\/\/anahuacqro.edu.mx\/escuelacomunicacion\/wp-json\/wp\/v2\/pages"}],"about":[{"href":"https:\/\/anahuacqro.edu.mx\/escuelacomunicacion\/wp-json\/wp\/v2\/types\/page"}],"author":[{"embeddable":true,"href":"https:\/\/anahuacqro.edu.mx\/escuelacomunicacion\/wp-json\/wp\/v2\/users\/1"}],"replies":[{"embeddable":true,"href":"https:\/\/anahuacqro.edu.mx\/escuelacomunicacion\/wp-json\/wp\/v2\/comments?post=1512"}],"version-history":[{"count":3,"href":"https:\/\/anahuacqro.edu.mx\/escuelacomunicacion\/wp-json\/wp\/v2\/pages\/1512\/revisions"}],"predecessor-version":[{"id":1533,"href":"https:\/\/anahuacqro.edu.mx\/escuelacomunicacion\/wp-json\/wp\/v2\/pages\/1512\/revisions\/1533"}],"wp:attachment":[{"href":"https:\/\/anahuacqro.edu.mx\/escuelacomunicacion\/wp-json\/wp\/v2\/media?parent=1512"}],"curies":[{"name":"wp","href":"https:\/\/api.w.org\/{rel}","templated":true}]}}