{"id":1516,"date":"2023-07-25T00:46:14","date_gmt":"2023-07-24T19:46:14","guid":{"rendered":"https:\/\/anahuacqro.edu.mx\/escuelacomunicacion\/?page_id=1516"},"modified":"2023-07-25T02:29:18","modified_gmt":"2023-07-24T21:29:18","slug":"aula-radio-2","status":"publish","type":"page","link":"https:\/\/anahuacqro.edu.mx\/escuelacomunicacion\/aula-radio-2\/","title":{"rendered":"Aula Radio"},"content":{"rendered":"<p>[vc_row][vc_column][vc_column_text]<span class=\"s4\">Para tener acceso a este laboratorio y hacer uso de los equipos, ser\u00e1 necesario que alumno y el profesor conozcan y atiendan los siguientes puntos del reglamento del Centro de Medios de la Escuela de Comunicaci\u00f3n y Direcci\u00f3n de Empresas de Entretenimiento.<\/span><\/p>\n<p><span class=\"s4\">I. Este espacio est\u00e1 destinado a la sana convivencia entre los alumnos de la Universidad aprovech\u00e1ndolo para clases y tiempo libre,<\/span><\/p>\n<p><span class=\"s4\">en donde se ver\u00e1n resaltados los valores de respeto, compa\u00f1erismo y solidaridad.<\/span><\/p>\n<p><span class=\"s4\">II. Para hacer uso del Aula de Radio, es obligatorio para todos los alumnos y profesores solicitar el acceso en la oficina del Centro de<\/span><\/p>\n<p><span class=\"s4\">Medios, presentando su credencial vigente de la Universidad An\u00e1huac Quer\u00e9taro. La identificaci\u00f3n es personal e intransferible.<\/span><\/p>\n<p><span class=\"s4\">III. El Aula Radio deber\u00e1 ser reservada en Centro de Medios con debida anticipaci\u00f3n. El alumno tendr\u00e1 una tolerancia de diez minutos<\/span><\/p>\n<p><span class=\"s4\">en relaci\u00f3n a su horario reservado, despu\u00e9s de este lapso se reasignar\u00e1 el espacio a quien as\u00ed lo requiera.<\/span><\/p>\n<p><span class=\"s4\">IV. No se podr\u00e1 prolongar el tiempo asignado a cada grupo o alumno. Este espacio deber\u00e1 ser desocupado cinco minutos antes de<\/span><\/p>\n<p><span class=\"s4\">concluir el tiempo reservado.<\/span><\/p>\n<p><span class=\"s4\">V. Es responsabilidad de los alumnos dejar limpias y ordenadas las instalaciones. Se entiende por limpias y ordenadas: sillas acomodadas,<\/span><\/p>\n<p><span class=\"s4\">las mesas y el suelo libres de basura y papeles, envases, etc.<\/span><\/p>\n<p><span class=\"s4\">VI. Queda estrictamente prohibido realizar cortes sobre las mesas de trabajo o el piso, usar pegamentos en aerosol, tocar las pantallas<\/span><\/p>\n<p><span class=\"s4\">con los dedos, subir los pies a las sillas y mesas, pegar impresos en las paredes como en los equipos de computo.<\/span><\/p>\n<p><span class=\"s4\">VII. Es derecho de los alumnos recibir las instalaciones en las mismas condiciones. De no ser as\u00ed, reportar inmediatamente al Centro<\/span><\/p>\n<p><span class=\"s4\">de Medios.<\/span><\/p>\n<p><span class=\"s4\">VIII. Cualquier da\u00f1o que sufran las instalaciones por negligencia del alumno ser\u00e1 responsabilidad del mismo, oblig\u00e1ndolo a cubrir la<\/span><\/p>\n<p><span class=\"s4\">reparaci\u00f3n y\/o reposici\u00f3n del mobiliario o del equipo de computo y audio.<\/span><\/p>\n<p><span class=\"s4\">IX. Queda prohibido fumar, introducir bebidas alcoh\u00f3licas o estupefacientes. El alumno que sea sorprendido infligiendo esta regla<\/span><\/p>\n<p><span class=\"s4\">ser\u00e1 remitido con las autoridades de la Universidad.<\/span><\/p>\n<p><span class=\"s4\">X. Est\u00e1 permitido el uso de reproductores de m\u00fasica y video siempre y cuando sea compatibles con la consola de audio y las aplica<\/span><span class=\"s4\">ciones<\/span><\/p>\n<p><span class=\"s4\">disponibles en el equipo de computo.<\/span><\/p>\n<p><span class=\"s4\">XI. Queda estrictamente prohibido desconectar cualquier cable de conexi\u00f3n el\u00e9ctrica, datos, audio y video, esto con el objetivo de<\/span><\/p>\n<p><span class=\"s4\">garantizar el adecuado funcionamiento de los equipos cabina de Radio.<\/span><\/p>\n<p><span class=\"s4\">XII. Queda prohibido a todos los usuarios, instalar de forma temporal o permanente cualquier aplicaci\u00f3n o software que no sea pro<\/span><span class=\"s4\">piedad<\/span><\/p>\n<p><span class=\"s4\">de la Universidad.<\/span><\/p>\n<p><span class=\"s4\">XIII. El equipo de computo, software e interfaces de audio que se encuentran dentro de este laboratorio \u201cAula Radio\u201d son exclusivamente<\/span><\/p>\n<p><span class=\"s4\">para uso acad\u00e9mico y no para uso personal o con fines lucrativos-comerciales.<\/span><\/p>\n<p><span class=\"s4\">XIV. El Centro de Medios apoyara en clase en cuestiones t\u00e9cnicas<\/span><span class=\"s4\">; Ser\u00e1 un requisito fundamental para el uso de las instalaciones, el conocimiento b\u00e1sico de los equipos. <\/span><\/p>\n<p><span class=\"s4\">Es responsabilidad del profesor dar la asesor\u00eda necesaria a sus alumnos, con el objetivo de desarrollar<\/span> <span class=\"s4\">proyectos de calidad acad\u00e9mica.<\/span>[\/vc_column_text][vc_separator color=&#8221;orange&#8221;][vc_empty_space][\/vc_column][\/vc_row]<\/p>\n","protected":false},"excerpt":{"rendered":"<p>[vc_row][vc_column][vc_column_text]Para tener acceso a este laboratorio y hacer uso de los equipos, ser\u00e1 necesario que alumno y el profesor conozcan y atiendan los siguientes puntos del reglamento del Centro de Medios de la Escuela de Comunicaci\u00f3n y Direcci\u00f3n de Empresas<\/p>\n","protected":false},"author":1,"featured_media":0,"parent":0,"menu_order":0,"comment_status":"closed","ping_status":"closed","template":"","meta":[],"_links":{"self":[{"href":"https:\/\/anahuacqro.edu.mx\/escuelacomunicacion\/wp-json\/wp\/v2\/pages\/1516"}],"collection":[{"href":"https:\/\/anahuacqro.edu.mx\/escuelacomunicacion\/wp-json\/wp\/v2\/pages"}],"about":[{"href":"https:\/\/anahuacqro.edu.mx\/escuelacomunicacion\/wp-json\/wp\/v2\/types\/page"}],"author":[{"embeddable":true,"href":"https:\/\/anahuacqro.edu.mx\/escuelacomunicacion\/wp-json\/wp\/v2\/users\/1"}],"replies":[{"embeddable":true,"href":"https:\/\/anahuacqro.edu.mx\/escuelacomunicacion\/wp-json\/wp\/v2\/comments?post=1516"}],"version-history":[{"count":4,"href":"https:\/\/anahuacqro.edu.mx\/escuelacomunicacion\/wp-json\/wp\/v2\/pages\/1516\/revisions"}],"predecessor-version":[{"id":1538,"href":"https:\/\/anahuacqro.edu.mx\/escuelacomunicacion\/wp-json\/wp\/v2\/pages\/1516\/revisions\/1538"}],"wp:attachment":[{"href":"https:\/\/anahuacqro.edu.mx\/escuelacomunicacion\/wp-json\/wp\/v2\/media?parent=1516"}],"curies":[{"name":"wp","href":"https:\/\/api.w.org\/{rel}","templated":true}]}}