{"id":983,"date":"2020-10-01T06:41:57","date_gmt":"2020-10-01T01:41:57","guid":{"rendered":"https:\/\/anahuacqro.edu.mx\/escuelacomunicacion\/?page_id=983"},"modified":"2020-10-07T04:45:12","modified_gmt":"2020-10-06T23:45:12","slug":"la-campechana","status":"publish","type":"page","link":"https:\/\/anahuacqro.edu.mx\/escuelacomunicacion\/la-campechana\/","title":{"rendered":"La Campechana"},"content":{"rendered":"<p>[vc_row][vc_column width=&#8221;1\/2&#8243; css=&#8221;.vc_custom_1598577357087{margin-top: -0px !important;}&#8221;][vc_video][vc_single_image image=&#8221;987&#8243; img_size=&#8221;600&#215;400&#8243; alignment=&#8221;center&#8221; style=&#8221;vc_box_outline&#8221; border_color=&#8221;peacoc&#8221;][vc_single_image image=&#8221;988&#8243; img_size=&#8221;600&#215;400&#8243; alignment=&#8221;center&#8221; style=&#8221;vc_box_outline&#8221; border_color=&#8221;peacoc&#8221;][\/vc_column][vc_column width=&#8221;1\/2&#8243; css=&#8221;.vc_custom_1598577060651{margin-top: 40px !important;}&#8221;][vc_btn title=&#8221;Programaci\u00f3n oto\u00f1o 2020&#8243; color=&#8221;warning&#8221; align=&#8221;right&#8221; css=&#8221;.vc_custom_1602027816229{margin-top: -60px !important;}&#8221; link=&#8221;url:https%3A%2F%2Fanahuacqro.edu.mx%2Fescuelacomunicacion%2Fradio-streaming%2Fprogramacion-otono-2020%2F|title:Programaci%C3%B3n%20Oto%C3%B1o%202020||&#8221;][vc_column_text]&nbsp;<\/p>\n<p>&nbsp;<\/p>\n<p>&nbsp;<\/p>\n<p>&nbsp;<\/p>\n<p>&nbsp;<\/p>\n<p>&nbsp;<\/p>\n<p>&nbsp;<\/p>\n<p>&nbsp;<\/p>\n<p>&nbsp;<\/p>\n<p>&nbsp;<\/p>\n<p>&nbsp;<\/p>\n<p>&nbsp;<\/p>\n<p>&nbsp;<\/p>\n<p><strong>Mar\u00eda Emilia Guzm\u00e1n Villanueva<\/strong><\/p>\n<p>Me gusta que me llamen Marie<\/p>\n<p>Cumplo a\u00f1os el 25 de enero<\/p>\n<p>Soy locutora de La Campechana<\/p>\n<p>Soy Lic. Comunicaci\u00f3n<\/p>\n<p>Mi pasatiempo es ver series<\/p>\n<p>Me identifico con la frase \u201cNo soy la flor; soy el agua y el sol\u201d[\/vc_column_text][vc_column_text]&nbsp;<\/p>\n<p>&nbsp;<\/p>\n<p>&nbsp;<\/p>\n<p>&nbsp;<\/p>\n<p><strong>Victoria Aimee Villarreal Romo<\/strong><\/p>\n<p>Me gusta que me llamen Vicky<\/p>\n<p>Cumplo a\u00f1os el 9 de mayo<\/p>\n<p>Soy locutora de La Campechana<\/p>\n<p>Soy Lic. en Comunicaci\u00f3n<\/p>\n<p>Mi pasatiempo es coleccionar Funko Pops y armar rompecabezas<\/p>\n<p>Me identifico con la frase \u201cCree en ti mismo. Eres m\u00e1s valiente de lo que crees, m\u00e1s talentoso de lo que sabes y capaz de m\u00e1s de lo que imaginas\u201d Roy T. Bennett[\/vc_column_text][\/vc_column][\/vc_row]<\/p>\n","protected":false},"excerpt":{"rendered":"<p>[vc_row][vc_column width=&#8221;1\/2&#8243; css=&#8221;.vc_custom_1598577357087{margin-top: -0px !important;}&#8221;][vc_video][vc_single_image image=&#8221;987&#8243; img_size=&#8221;600&#215;400&#8243; alignment=&#8221;center&#8221; style=&#8221;vc_box_outline&#8221; border_color=&#8221;peacoc&#8221;][vc_single_image image=&#8221;988&#8243; img_size=&#8221;600&#215;400&#8243; alignment=&#8221;center&#8221; style=&#8221;vc_box_outline&#8221; border_color=&#8221;peacoc&#8221;][\/vc_column][vc_column width=&#8221;1\/2&#8243; css=&#8221;.vc_custom_1598577060651{margin-top: 40px !important;}&#8221;][vc_btn title=&#8221;Programaci\u00f3n oto\u00f1o 2020&#8243; color=&#8221;warning&#8221; align=&#8221;right&#8221; css=&#8221;.vc_custom_1602027816229{margin-top: -60px !important;}&#8221; link=&#8221;url:https%3A%2F%2Fanahuacqro.edu.mx%2Fescuelacomunicacion%2Fradio-streaming%2Fprogramacion-otono-2020%2F|title:Programaci%C3%B3n%20Oto%C3%B1o%202020||&#8221;][vc_column_text]&nbsp; &nbsp; &nbsp; &nbsp; &nbsp; &nbsp; &nbsp; &nbsp; &nbsp; &nbsp; &nbsp; &nbsp; &nbsp;<\/p>\n","protected":false},"author":3,"featured_media":0,"parent":0,"menu_order":0,"comment_status":"closed","ping_status":"closed","template":"","meta":[],"_links":{"self":[{"href":"https:\/\/anahuacqro.edu.mx\/escuelacomunicacion\/wp-json\/wp\/v2\/pages\/983"}],"collection":[{"href":"https:\/\/anahuacqro.edu.mx\/escuelacomunicacion\/wp-json\/wp\/v2\/pages"}],"about":[{"href":"https:\/\/anahuacqro.edu.mx\/escuelacomunicacion\/wp-json\/wp\/v2\/types\/page"}],"author":[{"embeddable":true,"href":"https:\/\/anahuacqro.edu.mx\/escuelacomunicacion\/wp-json\/wp\/v2\/users\/3"}],"replies":[{"embeddable":true,"href":"https:\/\/anahuacqro.edu.mx\/escuelacomunicacion\/wp-json\/wp\/v2\/comments?post=983"}],"version-history":[{"count":4,"href":"https:\/\/anahuacqro.edu.mx\/escuelacomunicacion\/wp-json\/wp\/v2\/pages\/983\/revisions"}],"predecessor-version":[{"id":1108,"href":"https:\/\/anahuacqro.edu.mx\/escuelacomunicacion\/wp-json\/wp\/v2\/pages\/983\/revisions\/1108"}],"wp:attachment":[{"href":"https:\/\/anahuacqro.edu.mx\/escuelacomunicacion\/wp-json\/wp\/v2\/media?parent=983"}],"curies":[{"name":"wp","href":"https:\/\/api.w.org\/{rel}","templated":true}]}}