{"id":1813,"date":"2025-04-29T14:20:47","date_gmt":"2025-04-29T19:20:47","guid":{"rendered":"https:\/\/anahuacqro.edu.mx\/facultadderecho\/?page_id=1813"},"modified":"2025-10-15T19:11:27","modified_gmt":"2025-10-16T00:11:27","slug":"directorio","status":"publish","type":"page","link":"https:\/\/anahuacqro.edu.mx\/facultadderecho\/?page_id=1813","title":{"rendered":"DIRECTORIO"},"content":{"rendered":"\t\t<div data-elementor-type=\"wp-page\" data-elementor-id=\"1813\" class=\"elementor elementor-1813\" data-elementor-post-type=\"page\">\n\t\t\t\t\t\t<section class=\"elementor-section elementor-top-section elementor-element elementor-element-b79cf92 elementor-section-boxed elementor-section-height-default elementor-section-height-default\" data-id=\"b79cf92\" data-element_type=\"section\" data-settings=\"{&quot;background_background&quot;:&quot;classic&quot;}\">\n\t\t\t\t\t\t<div class=\"elementor-container elementor-column-gap-default\">\n\t\t\t\t\t<div class=\"elementor-column elementor-col-100 elementor-top-column elementor-element elementor-element-aea3eba\" data-id=\"aea3eba\" data-element_type=\"column\">\n\t\t\t<div class=\"elementor-widget-wrap elementor-element-populated\">\n\t\t\t\t\t\t<div class=\"elementor-element elementor-element-882a82a elementor-widget elementor-widget-heading\" data-id=\"882a82a\" data-element_type=\"widget\" data-widget_type=\"heading.default\">\n\t\t\t\t\t<h2 class=\"elementor-heading-title elementor-size-default\">- Facultad de Derecho -<\/h2>\t\t\t\t<\/div>\n\t\t\t\t<div class=\"elementor-element elementor-element-f3f6d7f elementor-widget elementor-widget-heading\" data-id=\"f3f6d7f\" data-element_type=\"widget\" data-widget_type=\"heading.default\">\n\t\t\t\t\t<h1 class=\"elementor-heading-title elementor-size-default\">DIRECTORIO<\/h1>\t\t\t\t<\/div>\n\t\t\t\t\t<\/div>\n\t\t<\/div>\n\t\t\t\t\t<\/div>\n\t\t<\/section>\n\t\t\t\t<section class=\"elementor-section elementor-top-section elementor-element elementor-element-cca2dfc elementor-section-boxed elementor-section-height-default elementor-section-height-default\" data-id=\"cca2dfc\" data-element_type=\"section\">\n\t\t\t\t\t\t<div class=\"elementor-container elementor-column-gap-default\">\n\t\t\t\t\t<div class=\"elementor-column elementor-col-100 elementor-top-column elementor-element elementor-element-d25e26\" data-id=\"d25e26\" data-element_type=\"column\">\n\t\t\t<div class=\"elementor-widget-wrap elementor-element-populated\">\n\t\t\t\t\t\t<section class=\"elementor-section elementor-inner-section elementor-element elementor-element-35e34925 elementor-section-boxed elementor-section-height-default elementor-section-height-default\" data-id=\"35e34925\" data-element_type=\"section\">\n\t\t\t\t\t\t<div class=\"elementor-container elementor-column-gap-default\">\n\t\t\t\t\t<div class=\"elementor-column elementor-col-100 elementor-inner-column elementor-element elementor-element-1bcca9f3\" data-id=\"1bcca9f3\" data-element_type=\"column\">\n\t\t\t<div class=\"elementor-widget-wrap elementor-element-populated\">\n\t\t\t\t\t\t<div class=\"elementor-element elementor-element-02d57e0 elementor-widget elementor-widget-text-editor\" data-id=\"02d57e0\" data-element_type=\"widget\" data-widget_type=\"text-editor.default\">\n\t\t\t\t\t\t\t\t\t<style>\n    table {<br \/>        border-collapse: collapse;<br \/>        width: 100%;<br \/>    }<br \/>    th, td {<br \/>        border: 1px solid black;<br \/>        padding: 8px;<br \/>        text-align: center;<br \/>        vertical-align: middle !important;<br \/>    }<br \/>    thead th {<br \/>        background-color: #3a164c;<br \/>        color: #fff;<br \/>        text-transform: uppercase;<br \/>    }<br \/><\/style>\n<table>\n<thead>\n<tr>\n<th>Fotograf\u00eda<\/th>\n<th>Nombre<\/th>\n<th>Puesto<\/th>\n<th>\u00c1rea<\/th>\n<th>Extensi\u00f3n\n<p style=\"text-align: center;\">(442 2456742)<\/p>\n<\/th>\n<th>Correo<\/th>\n<\/tr>\n<\/thead>\n<tbody>\n<tr>\n<td><img decoding=\"async\" src=\"https:\/\/anahuacqro.edu.mx\/facultadderecho\/wp-content\/uploads\/2025\/06\/jose_carlos2.png\" width=\"150\" height=\"150\" \/><\/td>\n<td><span style=\"color: #333399;\">MTRO. JOS\u00c9 CARLOS ROMO ROMO<\/span><\/td>\n<td><span style=\"color: #333399;\">DIRECTOR\u00a0<\/span><\/td>\n<td><span style=\"color: #333399;\">DERECHO<\/span><\/td>\n<td><span style=\"color: #333399;\">1252<\/span><\/td>\n<td><span style=\"color: #333399;\"><a style=\"color: #333399;\" href=\"mailto:josecarlos.romo@anahuac.mx\">josecarlos.romo@anahuac.mx<\/a><\/span><\/td>\n<\/tr>\n<tr>\n<td><span style=\"color: #333399;\"><img decoding=\"async\" src=\"https:\/\/anahuacqro.edu.mx\/facultadderecho\/wp-content\/uploads\/2025\/06\/andrea_castillo.png\" width=\"150\" height=\"150\" \/><\/span><\/td>\n<td><span style=\"color: #333399;\">DRA. ANDREA CASTILLO DURAN<\/span><\/td>\n<td><span style=\"color: #333399;\">COORDINACI\u00d3N INVESTIGACI\u00d3N\u00a0<\/span><\/td>\n<td><span style=\"color: #333399;\">DERECHO<\/span><\/td>\n<td><span style=\"color: #333399;\">1578<\/span><\/td>\n<td><span style=\"color: #333399;\"><a style=\"color: #333399;\" href=\"mailto:andrea.castillod@anahuac.mx\">andrea.castillod@anahuac.mx<\/a><\/span><\/td>\n<\/tr>\n<tr>\n<td><span style=\"color: #333399;\"><img decoding=\"async\" src=\"https:\/\/anahuacqro.edu.mx\/facultadderecho\/wp-content\/uploads\/2025\/06\/maria_emilia.png\" width=\"150\" height=\"150\" \/><\/span><\/td>\n<td><span style=\"color: #333399;\">MTRA. MAR\u00cdA EMILIA MONTEJANO HILTON<\/span><\/td>\n<td><span style=\"color: #333399;\">COORDINACI\u00d3N DOCTORADO<\/span><\/td>\n<td><span style=\"color: #333399;\">DERECHO<\/span><\/td>\n<td><span style=\"color: #333399;\">1519<\/span><\/td>\n<td><span style=\"color: #333399;\"><a style=\"color: #333399;\" href=\"mailto:emilia.montejano@anahuac.mx\">emilia.montejano@anahuac.mx<\/a><\/span><\/td>\n<\/tr>\n<tr>\n<td><span style=\"color: #333399;\"><img loading=\"lazy\" decoding=\"async\" src=\"https:\/\/anahuacqro.edu.mx\/facultadderecho\/wp-content\/uploads\/2025\/06\/mario_murillo.png\" width=\"150\" height=\"150\" \/><\/span><\/td>\n<td><span style=\"color: #333399;\">MTRO. MARIO MURILLO V\u00c1ZQUEZ<\/span><\/td>\n<td><span style=\"color: #333399;\">COORDINACI\u00d3N ESPECIALIDAD Y MAESTR\u00cdA<\/span><\/td>\n<td><span style=\"color: #333399;\">DERECHO<\/span><\/td>\n<td><span style=\"color: #333399;\">1555<\/span><\/td>\n<td><span style=\"color: #333399;\"><a style=\"color: #333399;\" href=\"mailto:mario.murillo@anahuac.mx\">mario.murillo@anahuac.mx<\/a><\/span><\/td>\n<\/tr>\n<tr>\n<td><span style=\"color: #333399;\"><img loading=\"lazy\" decoding=\"async\" src=\"https:\/\/anahuacqro.edu.mx\/facultadderecho\/wp-content\/uploads\/2025\/06\/sandra_carolina.png\" width=\"150\" height=\"150\" \/><\/span><\/td>\n<td><span style=\"color: #333399;\">MTRA. SANDRA CAROLINA CASTA\u00d1EDA M\u00c9NDEZ<\/span><\/td>\n<td><span style=\"color: #333399;\">COORDINACI\u00d3N LICENCIATURA<\/span><\/td>\n<td><span style=\"color: #333399;\">DERECHO<\/span><\/td>\n<td><span style=\"color: #333399;\">1594<\/span><\/td>\n<td><span style=\"color: #333399;\"><a style=\"color: #333399;\" href=\"mailto:carolina.castaneda@anahuac.mx\">carolina.castaneda@anahuac.mx<\/a><\/span><\/td>\n<\/tr>\n<tr>\n<td><span style=\"color: #333399;\"><img loading=\"lazy\" decoding=\"async\" src=\"https:\/\/anahuacqro.edu.mx\/facultadderecho\/wp-content\/uploads\/2025\/06\/juan_francisco.png\" width=\"150\" height=\"150\" \/><\/span><\/td>\n<td><span style=\"color: #333399;\">MTRO. JUAN FRANCISCO MONTALVO CANTU<\/span><\/td>\n<td><span style=\"color: #333399;\">\u00a0 \u00a0 COORDINACI\u00d3N ACAD\u00c9MICA<\/span><\/td>\n<td><span style=\"color: #333399;\">DERECHO<\/span><\/td>\n<td><span style=\"color: #333399;\">1723<\/span><\/td>\n<td><span style=\"color: #333399;\"><a style=\"color: #333399;\" href=\"mailto:juan.montalvocantu@anahuac.mx\">juan.montalvocantu@anahuac.mx<\/a><\/span><\/td>\n<\/tr>\n<tr>\n<td><span style=\"color: #333399;\"><img loading=\"lazy\" decoding=\"async\" src=\"https:\/\/anahuacqro.edu.mx\/facultadderecho\/wp-content\/uploads\/2025\/06\/cynthia_robles.png\" width=\"150\" height=\"150\" \/><\/span><\/td>\n<td><span style=\"color: #333399;\">LIC. CYNTHIA ROBLES LEON BENASSINI<\/span><\/td>\n<td><span style=\"color: #333399;\">COORDINACI\u00d3N ADMINISTRATIVA<\/span><\/td>\n<td><span style=\"color: #333399;\">DERECHO<\/span><\/td>\n<td><span style=\"color: #333399;\">1119<\/span><\/td>\n<td><span style=\"color: #333399;\"><a style=\"color: #333399;\" href=\"mailto:cynthia.robles@anahuac.mx\">cynthia.robles@anahuac.mx<\/a><\/span><\/td>\n<\/tr>\n<tr>\n<td><span style=\"color: #333399;\"><img loading=\"lazy\" decoding=\"async\" src=\"https:\/\/anahuacqro.edu.mx\/facultadderecho\/wp-content\/uploads\/2025\/06\/mayeli_sanchez.png\" width=\"150\" height=\"150\" \/><\/span><\/td>\n<td><span style=\"color: #333399;\">LIC. MAYELI S\u00c1NCHEZ AVI\u00d1A<\/span><\/td>\n<td><span style=\"color: #333399;\">\u00a0ASISTENTE ACAD\u00c9MICA<\/span><\/td>\n<td><span style=\"color: #333399;\">DERECHO<\/span><\/td>\n<td><span style=\"color: #333399;\">1680<\/span><\/td>\n<td><span style=\"color: #333399;\"><a style=\"color: #333399;\" href=\"mailto:mayeli.sanchez@anahuac.mx\">mayeli.sanchez@anahuac.mx<\/a><\/span><\/td>\n<\/tr>\n<\/tbody>\n<\/table>\t\t\t\t\t\t\t\t<\/div>\n\t\t\t\t\t<\/div>\n\t\t<\/div>\n\t\t\t\t\t<\/div>\n\t\t<\/section>\n\t\t\t\t\t<\/div>\n\t\t<\/div>\n\t\t\t\t\t<\/div>\n\t\t<\/section>\n\t\t\t\t<\/div>\n\t\t","protected":false},"excerpt":{"rendered":"<p>&#8211; Facultad de Derecho &#8211; DIRECTORIO Fotograf\u00eda Nombre Puesto \u00c1rea Extensi\u00f3n (442 2456742) Correo MTRO. JOS\u00c9 CARLOS ROMO ROMO DIRECTOR\u00a0 DERECHO 1252 josecarlos.romo@anahuac.mx DRA. ANDREA CASTILLO DURAN COORDINACI\u00d3N INVESTIGACI\u00d3N\u00a0 DERECHO 1578 andrea.castillod@anahuac.mx MTRA. MAR\u00cdA EMILIA MONTEJANO HILTON COORDINACI\u00d3N DOCTORADO DERECHO 1519 emilia.montejano@anahuac.mx MTRO. MARIO MURILLO V\u00c1ZQUEZ COORDINACI\u00d3N ESPECIALIDAD Y MAESTR\u00cdA DERECHO 1555 mario.murillo@anahuac.mx MTRA. SANDRA [&hellip;]<\/p>\n","protected":false},"author":3,"featured_media":0,"parent":0,"menu_order":0,"comment_status":"closed","ping_status":"closed","template":"","meta":{"footnotes":""},"class_list":["post-1813","page","type-page","status-publish","hentry"],"_links":{"self":[{"href":"https:\/\/anahuacqro.edu.mx\/facultadderecho\/index.php?rest_route=\/wp\/v2\/pages\/1813","targetHints":{"allow":["GET"]}}],"collection":[{"href":"https:\/\/anahuacqro.edu.mx\/facultadderecho\/index.php?rest_route=\/wp\/v2\/pages"}],"about":[{"href":"https:\/\/anahuacqro.edu.mx\/facultadderecho\/index.php?rest_route=\/wp\/v2\/types\/page"}],"author":[{"embeddable":true,"href":"https:\/\/anahuacqro.edu.mx\/facultadderecho\/index.php?rest_route=\/wp\/v2\/users\/3"}],"replies":[{"embeddable":true,"href":"https:\/\/anahuacqro.edu.mx\/facultadderecho\/index.php?rest_route=%2Fwp%2Fv2%2Fcomments&post=1813"}],"version-history":[{"count":85,"href":"https:\/\/anahuacqro.edu.mx\/facultadderecho\/index.php?rest_route=\/wp\/v2\/pages\/1813\/revisions"}],"predecessor-version":[{"id":3377,"href":"https:\/\/anahuacqro.edu.mx\/facultadderecho\/index.php?rest_route=\/wp\/v2\/pages\/1813\/revisions\/3377"}],"wp:attachment":[{"href":"https:\/\/anahuacqro.edu.mx\/facultadderecho\/index.php?rest_route=%2Fwp%2Fv2%2Fmedia&parent=1813"}],"curies":[{"name":"wp","href":"https:\/\/api.w.org\/{rel}","templated":true}]}}